{"id":986,"date":"2014-12-04T19:23:03","date_gmt":"2014-12-04T17:23:03","guid":{"rendered":"http:\/\/elearn.bgamstetten.ac.at\/amgym\/?page_id=986"},"modified":"2024-10-15T17:07:36","modified_gmt":"2024-10-15T15:07:36","slug":"begabtenfoerderung","status":"publish","type":"page","link":"https:\/\/www.bgamstetten.ac.at\/index.php\/angebote\/begabtenfoerderung\/","title":{"rendered":"Begabtenf\u00f6rderung"},"content":{"rendered":"<style type=\"text\/css\"> \n#cmsms_row_69eb0916c4d09 .cmsms_row_outer_parent { \n\tpadding-top: 30px; \n} \n\n<\/style><div id=\"cmsms_row_69eb0916c4d09\" class=\"cmsms_row cmsms_color_scheme_default\">\n<div class=\"cmsms_row_outer_parent\">\n<div class=\"cmsms_row_outer\">\n<div class=\"cmsms_row_inner\">\n<div class=\"cmsms_row_margin\">\n<div class=\"cmsms_column one_half\">\n<div class=\"aligncenter\">\n<div class=\"cmsms_img  cmsms_image_c\">\n<img decoding=\"async\" src=\"https:\/\/www.bgamstetten.ac.at\/wp-content\/uploads\/2022\/08\/haende.png\" alt=\"\" \/>\n<\/div>\n<\/div>\n<div class=\"cmsms_text\">\n<h3><\/h3>\n<h3>(Hoch)Begabung als grunds\u00e4tzliche Herausforderung<\/h3>\n<p>Eltern, Lehrern und anderen, die mit (hoch)begabten Kindern und Jugendlichen arbeiten, wollen wir die Augen daf\u00fcr \u00f6ffnen, dass diese Kinder und ihre Familien besondere emotionale Bed\u00fcrfnisse und M\u00f6glichkeiten haben, die oft \u00fcbersehen und daher vernachl\u00e4ssigt werden. Die h\u00e4ufigste Folge dieser Vernachl\u00e4ssigung ist &#8222;nur&#8220;, dass Potenziale unausgesch\u00f6pft bleiben und manche Freude nicht erlebt wird. Aber mitunter kommt es auch zu seelischer Not und Depression.<\/p>\n<h3>(Hoch)Begabung und Bildungspolitik<\/h3>\n<p>Unsere Aufgabe erkennen wir darin, Eltern wie Lehrer f\u00fcr das Thema (Hoch)Begabung zu sensibilisieren und von der Notwendigkeit besonderer F\u00f6rderung zu \u00fcberzeugen. Wenn in der gegenw\u00e4rtigen Bildungspolitik Sparsamkeit hohe Priorit\u00e4t genie\u00dft, dann wird die besondere F\u00f6rderung (Hoch)Begabter vermehrt im au\u00dferschulischen Bereich stattfinden m\u00fcssen.<\/p>\n<h3>Kreativakademien N\u00d6 \u2013 Chancen f\u00fcr Kinder und Jugendliche<\/h3>\n<p>Mit den Kreativakademien Nieder\u00f6sterreich wurden Orte geschaffen, an denen sich kreative Geister ausprobieren k\u00f6nnen. Das Angebot ist breit, um allen Begabungen gerecht zu werden. Von der Malakademie bis zur Medienakademie, von der Schreibakademie bis zur Schauspielakademie sind alle k\u00fcnstlerisch-kreativen Bereiche vertreten. Die Begabtenakademie f\u00f6rdert dar\u00fcber hinaus hochbegabte Kinder und Jugendliche quer durch alle Wissensbereiche.<\/p>\n<p>Weitere Informationen und das jeweils aktuelle Angebot erhalten Sie auf der Homepage der Kreativakademien:<\/p>\n<p><a href=\"http:\/\/www.kreativakademien-noe.at\/\" target=\"_blank\" rel=\"noopener noreferrer\">www.kreativakademien-noe.at<\/a><\/p>\n<\/div>\n<\/div>\n<div class=\"cmsms_column one_half\">\n<div class=\"cmsms_text\">\n<h3>(Hoch)Begabung als schulischer Auftrag<\/h3>\n<p>So sehr Differenzierung im Regelunterricht als Allheilmittel angepriesen wird, so schnell st\u00f6\u00dft Differenzierung im schulischen Alltag an ihre Grenzen. Dennoch leisten auch wir unseren Beitrag zur Identifizierung und F\u00f6rderung (Hoch)begabter Kinder und Jugendlicher:<\/p>\n<p>In zus\u00e4tzlichen Sprachkursen bereiten wir sprachbegabte Jugendliche auf die Teilnahme am j\u00e4hrlichen Fremdsprachenwettbewerb vor und feilen an ihrem \u00f6ffentlichen Auftritt. Regelm\u00e4\u00dfig freuen wir uns \u00fcber die eine oder andere Spitzenplatzierung.<\/p>\n<p><strong>Das Talentezentrum Nieder\u00f6sterreich Schloss Drosendorf<\/strong> bietet w\u00e4hrend des Unterrichtsjahres f\u00fcr begabte Sch\u00fclerinnen und Sch\u00fcler ab der 6. Schulstufe zu verschiedenen Fachgebieten Intensivkurse (Pulloutkurse) an. Ziel ist es, begabte Sch\u00fclerinnen und Sch\u00fcler eine Woche lange in ihrem besonderen Interessensgebiet zu f\u00f6rdern.<\/p>\n<p>In der Zeit um Ostern bewerben wir die <strong>Sommerakademie am Semmering<\/strong>, die allj\u00e4hrlich mit vielf\u00e4ltigen Angeboten und engagierten Lehrern gleichgesinnte Sch\u00fclerinnen und Sch\u00fcler anlockt. Die Sommerakademien sind ein F\u00f6rderangebot des Landesschulrats f\u00fcr N\u00d6 gemeinsam mit dem &#8222;Verein zur F\u00f6rderung begabter und hochbegabter Sch\u00fclerinnen und Sch\u00fcler in N\u00d6&#8220;, das sich mit speziellen Angeboten an die Sch\u00fclerinnen und Sch\u00fcler der Unter-, Mittel- und Oberstufe richtet. Die Sommerakademien finden am Ende des Unterrichtsjahres und in den ersten beiden Ferienwochen am Semmering statt.<\/p>\n<p>Weiterf\u00fchrende Informationen finden Sie auf der Homepage des Landesschulrates f\u00fcr Nieder\u00f6sterreich \u2013 Referat f\u00fcr Begabungs- und Begabtenf\u00f6rderung:<\/p>\n<p><a href=\"http:\/\/begabtenfoerderung.lsr-noe.gv.at\/index.php\" target=\"_blank\" rel=\"noopener noreferrer\">www.begabtenfoerderung.lsr-noe.gv.at\/<\/a><\/p>\n<h3>Aktuelles Angebot der \u00f6sterreichischen Akademie der Wissenschaften<\/h3>\n<p><span dir=\"ltr\" role=\"presentation\">Im Jahr 2019 startete die \u00d6sterreichische Akademie der Wissenschaften (\u00d6AW) ein neues F\u00f6rderpro-<\/span><br role=\"presentation\" \/><span dir=\"ltr\" role=\"presentation\">gramm, die \u00d6sterreichische Studienstiftung, mit der sie talentierte, motivierte und engagierte junge <\/span><br role=\"presentation\" \/><span dir=\"ltr\" role=\"presentation\">Menschen f\u00fcr die Dauer ihres Studiums begleitet. <\/span><\/p>\n<p><a href=\"https:\/\/www.oeaw.ac.at\/detail\/veranstaltung\/die-oesterreichische-studienstiftung\" target=\"_blank\" rel=\"noopener noreferrer\">Die \u00f6sterreichische Studienstiftung<\/a><\/p>\n<\/div>\n<\/div>\n<\/div>\n<\/div>\n<\/div>\n<\/div>\n<\/div>\n\n","protected":false},"excerpt":{"rendered":"","protected":false},"author":1,"featured_media":0,"parent":360,"menu_order":0,"comment_status":"closed","ping_status":"closed","template":"","meta":{"footnotes":""},"class_list":["post-986","page","type-page","status-publish","hentry"],"_links":{"self":[{"href":"https:\/\/www.bgamstetten.ac.at\/index.php\/wp-json\/wp\/v2\/pages\/986","targetHints":{"allow":["GET"]}}],"collection":[{"href":"https:\/\/www.bgamstetten.ac.at\/index.php\/wp-json\/wp\/v2\/pages"}],"about":[{"href":"https:\/\/www.bgamstetten.ac.at\/index.php\/wp-json\/wp\/v2\/types\/page"}],"author":[{"embeddable":true,"href":"https:\/\/www.bgamstetten.ac.at\/index.php\/wp-json\/wp\/v2\/users\/1"}],"replies":[{"embeddable":true,"href":"https:\/\/www.bgamstetten.ac.at\/index.php\/wp-json\/wp\/v2\/comments?post=986"}],"version-history":[{"count":5,"href":"https:\/\/www.bgamstetten.ac.at\/index.php\/wp-json\/wp\/v2\/pages\/986\/revisions"}],"predecessor-version":[{"id":56937,"href":"https:\/\/www.bgamstetten.ac.at\/index.php\/wp-json\/wp\/v2\/pages\/986\/revisions\/56937"}],"up":[{"embeddable":true,"href":"https:\/\/www.bgamstetten.ac.at\/index.php\/wp-json\/wp\/v2\/pages\/360"}],"wp:attachment":[{"href":"https:\/\/www.bgamstetten.ac.at\/index.php\/wp-json\/wp\/v2\/media?parent=986"}],"curies":[{"name":"wp","href":"https:\/\/api.w.org\/{rel}","templated":true}]}}