{"id":57227,"date":"2024-12-10T18:23:53","date_gmt":"2024-12-10T17:23:53","guid":{"rendered":"https:\/\/www.bgamstetten.ac.at\/?page_id=57227"},"modified":"2024-12-11T05:49:46","modified_gmt":"2024-12-11T04:49:46","slug":"ilb-die-individuelle-lernbegleitung","status":"publish","type":"page","link":"https:\/\/www.bgamstetten.ac.at\/index.php\/ilb-die-individuelle-lernbegleitung\/","title":{"rendered":"ILB &#8211; die Individuelle Lernbegleitung"},"content":{"rendered":"<style type=\"text\/css\"><\/style>\r\n<div class=\"wp-block-columns is-layout-flex wp-container-core-columns-is-layout-9d6595d7 wp-block-columns-is-layout-flex\">\r\n<div class=\"wp-block-column is-layout-flow wp-block-column-is-layout-flow\">\r\n<figure class=\"wp-block-image size-full rundesBild\"><img decoding=\"async\" width=\"901\" height=\"603\" class=\"wp-image-57228\" src=\"https:\/\/www.bgamstetten.ac.at\/wp-content\/uploads\/2024\/12\/ILB-1.png\" alt=\"\" srcset=\"https:\/\/www.bgamstetten.ac.at\/wp-content\/uploads\/2024\/12\/ILB-1.png 901w, https:\/\/www.bgamstetten.ac.at\/wp-content\/uploads\/2024\/12\/ILB-1-300x201.png 300w, https:\/\/www.bgamstetten.ac.at\/wp-content\/uploads\/2024\/12\/ILB-1-768x514.png 768w, https:\/\/www.bgamstetten.ac.at\/wp-content\/uploads\/2024\/12\/ILB-1-580x388.png 580w, https:\/\/www.bgamstetten.ac.at\/wp-content\/uploads\/2024\/12\/ILB-1-820x549.png 820w\" sizes=\"(max-width: 901px) 100vw, 901px\" \/><\/figure>\r\n<\/div>\r\n\r\n\r\n\r\n<div class=\"wp-block-column is-layout-flow wp-block-column-is-layout-flow\">\r\n<figure class=\"wp-block-image size-full rundesBild\"><img decoding=\"async\" width=\"891\" height=\"592\" class=\"wp-image-57229\" src=\"https:\/\/www.bgamstetten.ac.at\/wp-content\/uploads\/2024\/12\/Bild_2024-12-10_182310112.png\" alt=\"\" srcset=\"https:\/\/www.bgamstetten.ac.at\/wp-content\/uploads\/2024\/12\/Bild_2024-12-10_182310112.png 891w, https:\/\/www.bgamstetten.ac.at\/wp-content\/uploads\/2024\/12\/Bild_2024-12-10_182310112-300x199.png 300w, https:\/\/www.bgamstetten.ac.at\/wp-content\/uploads\/2024\/12\/Bild_2024-12-10_182310112-768x510.png 768w, https:\/\/www.bgamstetten.ac.at\/wp-content\/uploads\/2024\/12\/Bild_2024-12-10_182310112-580x385.png 580w, https:\/\/www.bgamstetten.ac.at\/wp-content\/uploads\/2024\/12\/Bild_2024-12-10_182310112-820x545.png 820w\" sizes=\"(max-width: 891px) 100vw, 891px\" \/><\/figure>\r\n<\/div>\r\n<\/div>\r\n\r\n\r\n\r\n<h2 class=\"wp-block-heading\" style=\"color:#800000\">Was ist die ILB?<\/h2>\r\n\r\n\r\n\r\n<p>Die individuelle Lernbegleitung ist ein Angebot zur F\u00f6rderung von Sch\u00fclerinnen und Sch\u00fclern mit<br \/>Lernr\u00fcckst\u00e4nden und\/oder Lernschw\u00e4chen.<\/p>\r\n\r\n\r\n\r\n<ul class=\"wp-block-list\">\r\n<li>Die Lernbegleitung soll als Hilfe zur Selbsthilfe verstanden werden.<\/li>\r\n\r\n\r\n\r\n<li>Die ILB bietet einen ganzheitlichen Zugang zur Unterst\u00fctzung von Sch\u00fclerinnen und Sch\u00fclern.<\/li>\r\n\r\n\r\n\r\n<li>Sie ist zeitlich begrenzt und es wird ziel-, l\u00f6sungs- und ressourcenorientiert gearbeitet. Die individuellen St\u00e4rken und der Entwicklungsbedarf der Lernenden stehen im Focus.<\/li>\r\n\r\n\r\n\r\n<li>Es werden Lernziele vereinbart und mit dem Lernbegleiter gemeinsam an L\u00f6sungs- und Umsetzungsstrategien gearbeitet.<\/li>\r\n\r\n\r\n\r\n<li>Lernerfolge sollen bewusst gemacht werden und eine positive Weiterentwicklung im Lernprozess in Gang gesetzt werden.<\/li>\r\n\r\n\r\n\r\n<li>Die Lernbegleitung ist gegenstandsunabh\u00e4ngig und kein Nachhilfeunterricht.<\/li>\r\n<\/ul>\r\n\r\n\r\n\r\n<p>Quelle: <a href=\"https:\/\/www.bmbwf.gv.at\/Themen\/schule\/zrp\/nost\/ilb.html\" target=\"_blank\" rel=\"noopener\">https:\/\/www.bmbwf.gv.at\/Themen\/schule\/zrp\/nost\/ilb.html<\/a><\/p>\r\n\r\n\r\n\r\n<h2 class=\"wp-block-heading\" style=\"color:#800000\">Wer hat Anspruch auf ILB?<\/h2>\r\n\r\n\r\n\r\n<p>Sch\u00fclerinnen und Sch\u00fcler ab der 10. Schulstufe, bei denen Leistungsdefizite im Rahmen des Fr\u00fchwarnsystems oder zu einem sp\u00e4teren Zeitpunkt festgestellt wurden, d\u00fcrfen eine Lernbegleitung in Anspruch nehmen.<br \/><br \/>Mit der Fr\u00fchwarnung wird die Information \u00fcber die ILB ausgegeben.<br \/><br \/>Es soll mit dem\/der FachlehrerIn und Klassenvorstand besprochen werden, ob eine Lernbegleitung<br \/>sinnvoll ist. Dann k\u00f6nnen sich die Sch\u00fclerinnen und Sch\u00fcler bei einem der LernbegleiterInnen<br \/>melden.<br \/><br \/>Die Kontaktaufnahme mit einem der LernbegleiterInnen kann pers\u00f6nlich oder per E-Mail<br \/>(<a href=\"mailto:lernbegleitung@am-gym.at\">lernbegleitung@am-gym.at<\/a>) erfolgen.<\/p>\r\n\r\n\r\n\r\n<h2 class=\"wp-block-heading\" style=\"color:#800000\">Wer bietet die ILB an?<\/h2>\r\n\r\n\r\n\r\n<div class=\"wp-block-columns is-layout-flex wp-container-core-columns-is-layout-9d6595d7 wp-block-columns-is-layout-flex\">\r\n<div class=\"wp-block-column is-layout-flow wp-block-column-is-layout-flow\">\r\n<figure class=\"wp-block-image size-full is-resized is-style-default rundesBild\"><img decoding=\"async\" width=\"200\" height=\"277\" class=\"wp-image-49953\" style=\"width: 143px; height: auto;\" src=\"https:\/\/www.bgamstetten.ac.at\/wp-content\/uploads\/2022\/07\/IsabellaGieber.jpg\" alt=\"\" \/><\/figure>\r\n\r\n\r\n\r\n<p class=\"has-text-align-center\"><a href=\"mailto:gieis@am-gym.at\"><strong>MMag. Isabella Gieber<\/strong><\/a><\/p>\r\n<\/div>\r\n\r\n\r\n\r\n<div class=\"wp-block-column is-layout-flow wp-block-column-is-layout-flow\">\r\n<figure class=\"wp-block-image size-full is-resized rundesBild\"><img decoding=\"async\" width=\"578\" height=\"800\" class=\"wp-image-49961\" style=\"width: 145px; height: auto;\" src=\"https:\/\/www.bgamstetten.ac.at\/wp-content\/uploads\/2022\/07\/KlaudiaKrapfenbacher.jpg\" alt=\"\" srcset=\"https:\/\/www.bgamstetten.ac.at\/wp-content\/uploads\/2022\/07\/KlaudiaKrapfenbacher.jpg 578w, https:\/\/www.bgamstetten.ac.at\/wp-content\/uploads\/2022\/07\/KlaudiaKrapfenbacher-217x300.jpg 217w\" sizes=\"(max-width: 578px) 100vw, 578px\" \/><\/figure>\r\n\r\n\r\n\r\n<p class=\"has-text-align-center\"><a href=\"mailto:krakl@am-gym.at\"><strong>Mag. Klaudia Krapfenbacher<\/strong><\/a><\/p>\r\n<\/div>\r\n\r\n\r\n\r\n<div class=\"wp-block-column is-layout-flow wp-block-column-is-layout-flow\">\r\n<figure class=\"wp-block-image size-full is-resized rundesBild\"><img decoding=\"async\" width=\"578\" height=\"800\" class=\"wp-image-49955\" style=\"width: 147px; height: auto;\" src=\"https:\/\/www.bgamstetten.ac.at\/wp-content\/uploads\/2022\/07\/JakobKoestler.jpg\" alt=\"\" srcset=\"https:\/\/www.bgamstetten.ac.at\/wp-content\/uploads\/2022\/07\/JakobKoestler.jpg 578w, https:\/\/www.bgamstetten.ac.at\/wp-content\/uploads\/2022\/07\/JakobKoestler-217x300.jpg 217w\" sizes=\"(max-width: 578px) 100vw, 578px\" \/><\/figure>\r\n\r\n\r\n\r\n<p class=\"has-text-align-center\"><a href=\"mailto:koeja@am-gym.at\"><strong>Mag. Jakob K\u00f6stler<\/strong><\/a><\/p>\r\n<\/div>\r\n<\/div>\r\n\r\n\r\n\r\n<p>&nbsp;<\/p>\r\n","protected":false},"excerpt":{"rendered":"<p>Was ist die ILB? Die individuelle Lernbegleitung ist ein Angebot zur F\u00f6rderung von Sch\u00fclerinnen und Sch\u00fclern mitLernr\u00fcckst\u00e4nden und\/oder Lernschw\u00e4chen. Quelle: https:\/\/www.bmbwf.gv.at\/Themen\/schule\/zrp\/nost\/ilb.html Wer hat Anspruch auf ILB? Sch\u00fclerinnen und Sch\u00fcler ab der 10. Schulstufe, bei denen Leistungsdefizite im Rahmen des Fr\u00fchwarnsystems oder zu einem sp\u00e4teren Zeitpunkt festgestellt wurden, d\u00fcrfen eine Lernbegleitung in Anspruch nehmen. Mit der&#8230;<\/p>\n","protected":false},"author":14,"featured_media":0,"parent":0,"menu_order":0,"comment_status":"closed","ping_status":"closed","template":"","meta":{"footnotes":""},"class_list":["post-57227","page","type-page","status-publish","hentry"],"_links":{"self":[{"href":"https:\/\/www.bgamstetten.ac.at\/index.php\/wp-json\/wp\/v2\/pages\/57227","targetHints":{"allow":["GET"]}}],"collection":[{"href":"https:\/\/www.bgamstetten.ac.at\/index.php\/wp-json\/wp\/v2\/pages"}],"about":[{"href":"https:\/\/www.bgamstetten.ac.at\/index.php\/wp-json\/wp\/v2\/types\/page"}],"author":[{"embeddable":true,"href":"https:\/\/www.bgamstetten.ac.at\/index.php\/wp-json\/wp\/v2\/users\/14"}],"replies":[{"embeddable":true,"href":"https:\/\/www.bgamstetten.ac.at\/index.php\/wp-json\/wp\/v2\/comments?post=57227"}],"version-history":[{"count":10,"href":"https:\/\/www.bgamstetten.ac.at\/index.php\/wp-json\/wp\/v2\/pages\/57227\/revisions"}],"predecessor-version":[{"id":57244,"href":"https:\/\/www.bgamstetten.ac.at\/index.php\/wp-json\/wp\/v2\/pages\/57227\/revisions\/57244"}],"wp:attachment":[{"href":"https:\/\/www.bgamstetten.ac.at\/index.php\/wp-json\/wp\/v2\/media?parent=57227"}],"curies":[{"name":"wp","href":"https:\/\/api.w.org\/{rel}","templated":true}]}}