{"id":55180,"date":"2024-04-05T11:14:52","date_gmt":"2024-04-05T09:14:52","guid":{"rendered":"https:\/\/www.bgamstetten.ac.at\/?page_id=55180"},"modified":"2024-04-05T11:49:17","modified_gmt":"2024-04-05T09:49:17","slug":"bibliothek","status":"publish","type":"page","link":"https:\/\/www.bgamstetten.ac.at\/index.php\/service\/bibliothek\/","title":{"rendered":"Bibliothek"},"content":{"rendered":"<style type=\"text\/css\"><\/style><div id=\"cmsms_row_69ea3a70361e5\" class=\"cmsms_row cmsms_color_scheme_default\">\n<div class=\"cmsms_row_outer_parent\">\n<div class=\"cmsms_row_outer\">\n<div class=\"cmsms_row_inner\">\n<div class=\"cmsms_row_margin\">\n<div class=\"cmsms_column one_half\">\n<div class=\"content_slider_wrap\" style=\"max-width:580px;\">\n<script type=\"text\/javascript\">jQuery(document).ready(function () { jQuery(\"#cmsms_slider_69ea3a7036382.content_slider\").owlCarousel( { singleItem : true, transitionStyle: false, rewindSpeed : 1000, slideSpeed : 600, autoHeight : true, paginationSpeed : \t600, autoPlay : 7000,stopOnHover: true, navigationText : \t[ \"<span class=\\\"cmsms_prev_arrow\\\"><\/span>\", \"<span class=\\\"cmsms_next_arrow\\\"><\/span>\" ] } );} );<\/script>\n<div id=\"cmsms_slider_69ea3a7036382\" class=\"content_slider owl-carousel\">\n<div class=\"item\"><img decoding=\"async\" width=\"580\" height=\"773\" src=\"https:\/\/www.bgamstetten.ac.at\/wp-content\/uploads\/2024\/04\/MultiBib4-580x773.jpg\" class=\"attachment-project-masonry-thumb size-project-masonry-thumb\" alt=\"\" srcset=\"https:\/\/www.bgamstetten.ac.at\/wp-content\/uploads\/2024\/04\/MultiBib4-580x773.jpg 580w, https:\/\/www.bgamstetten.ac.at\/wp-content\/uploads\/2024\/04\/MultiBib4-225x300.jpg 225w, https:\/\/www.bgamstetten.ac.at\/wp-content\/uploads\/2024\/04\/MultiBib4-768x1024.jpg 768w, https:\/\/www.bgamstetten.ac.at\/wp-content\/uploads\/2024\/04\/MultiBib4-1152x1536.jpg 1152w, https:\/\/www.bgamstetten.ac.at\/wp-content\/uploads\/2024\/04\/MultiBib4-1536x2048.jpg 1536w, https:\/\/www.bgamstetten.ac.at\/wp-content\/uploads\/2024\/04\/MultiBib4-820x1093.jpg 820w, https:\/\/www.bgamstetten.ac.at\/wp-content\/uploads\/2024\/04\/MultiBib4-1160x1547.jpg 1160w, https:\/\/www.bgamstetten.ac.at\/wp-content\/uploads\/2024\/04\/MultiBib4-scaled.jpg 1920w\" sizes=\"(max-width: 580px) 100vw, 580px\" \/><\/div><div class=\"item\"><img decoding=\"async\" width=\"580\" height=\"387\" src=\"https:\/\/www.bgamstetten.ac.at\/wp-content\/uploads\/2024\/04\/IMG_1399-580x387.jpg\" class=\"attachment-project-masonry-thumb size-project-masonry-thumb\" alt=\"\" srcset=\"https:\/\/www.bgamstetten.ac.at\/wp-content\/uploads\/2024\/04\/IMG_1399-580x387.jpg 580w, https:\/\/www.bgamstetten.ac.at\/wp-content\/uploads\/2024\/04\/IMG_1399-300x200.jpg 300w, https:\/\/www.bgamstetten.ac.at\/wp-content\/uploads\/2024\/04\/IMG_1399-1024x683.jpg 1024w, https:\/\/www.bgamstetten.ac.at\/wp-content\/uploads\/2024\/04\/IMG_1399-768x512.jpg 768w, https:\/\/www.bgamstetten.ac.at\/wp-content\/uploads\/2024\/04\/IMG_1399-1536x1024.jpg 1536w, https:\/\/www.bgamstetten.ac.at\/wp-content\/uploads\/2024\/04\/IMG_1399-2048x1365.jpg 2048w, https:\/\/www.bgamstetten.ac.at\/wp-content\/uploads\/2024\/04\/IMG_1399-820x547.jpg 820w, https:\/\/www.bgamstetten.ac.at\/wp-content\/uploads\/2024\/04\/IMG_1399-1160x773.jpg 1160w\" sizes=\"(max-width: 580px) 100vw, 580px\" \/><\/div><div class=\"item\"><img decoding=\"async\" width=\"543\" height=\"405\" src=\"https:\/\/www.bgamstetten.ac.at\/wp-content\/uploads\/2024\/04\/image0.jpeg\" class=\"attachment-project-masonry-thumb size-project-masonry-thumb\" alt=\"\" srcset=\"https:\/\/www.bgamstetten.ac.at\/wp-content\/uploads\/2024\/04\/image0.jpeg 543w, https:\/\/www.bgamstetten.ac.at\/wp-content\/uploads\/2024\/04\/image0-300x224.jpeg 300w\" sizes=\"(max-width: 543px) 100vw, 543px\" \/><\/div><div class=\"item\"><img decoding=\"async\" width=\"580\" height=\"435\" src=\"https:\/\/www.bgamstetten.ac.at\/wp-content\/uploads\/2024\/04\/image1-580x435.jpeg\" class=\"attachment-project-masonry-thumb size-project-masonry-thumb\" alt=\"\" srcset=\"https:\/\/www.bgamstetten.ac.at\/wp-content\/uploads\/2024\/04\/image1-580x435.jpeg 580w, https:\/\/www.bgamstetten.ac.at\/wp-content\/uploads\/2024\/04\/image1-300x225.jpeg 300w, https:\/\/www.bgamstetten.ac.at\/wp-content\/uploads\/2024\/04\/image1-1024x768.jpeg 1024w, https:\/\/www.bgamstetten.ac.at\/wp-content\/uploads\/2024\/04\/image1-768x576.jpeg 768w, https:\/\/www.bgamstetten.ac.at\/wp-content\/uploads\/2024\/04\/image1-1536x1152.jpeg 1536w, https:\/\/www.bgamstetten.ac.at\/wp-content\/uploads\/2024\/04\/image1-820x615.jpeg 820w, https:\/\/www.bgamstetten.ac.at\/wp-content\/uploads\/2024\/04\/image1-1160x870.jpeg 1160w, https:\/\/www.bgamstetten.ac.at\/wp-content\/uploads\/2024\/04\/image1-rotated.jpeg 2016w\" sizes=\"(max-width: 580px) 100vw, 580px\" \/><\/div><\/div>\n<\/div>\n<div class=\"cmsms_text\">\n<p>Im gymnasialen Unterricht werden heute an Bibliotheken hohe Anforderungen gestellt. Die moderne Schulbibliothek hat viele verschiedene Aufgaben zu erf\u00fcllen und wird somit zum<br \/>p\u00e4dagogischen Zentrum f\u00fcr die Schule:<\/p>\n<\/p>\n<p> &#8211; Lesezentrum<br \/>&#8211; Informations- und Wissenszentrum<br \/>&#8211; Medienzentrum<br \/>&#8211; Lehr- und Lernzentrum<br \/>&#8211; Unterrichtszentrum<br \/>&#8211; Kommunikationszentrum<br \/>&#8211; Kulturelles Zentrum<\/p>\n<\/p>\n<div class=\"maindiv\">\n<div class=\"dreidiv\">\n<p style=\"text-align: center; margin: 0px;\">\u00a0<\/p>\n<\/div>\n<\/div>\n<\/div>\n<\/div>\n<div class=\"cmsms_column one_half\">\n<div class=\"cmsms_text\">\n<p>1986 gegr\u00fcndet beherbergt unsere Schulbibliothek mittlerweile ca. 12000 katalogm\u00e4\u00dfig erfasste B\u00fccher, verschiedene Fremdsprachen- und Fachzeitschriften und zahlreiche verschiedene Medien. Aufgrund ihrer Multifunktionalit\u00e4t ist die Bibliothek weit mehr als der stille Ort des Lesens, n\u00e4mlich ein Ort des neugierigen Entdeckens, der unterschiedlichen Begegnungen mit neuen Lehr- und Lernformen, mit Inhalten der Wissenschaft, mit K\u00fcnstlern und Literaten, mit unterschiedlichen Meinungen und Ansichten.<\/p>\n<p><!-- \/wp:post-content --><\/p>\n<p><!-- wp:paragraph --> Um diesem Anspruch gerecht zu werden, wurde die Bibliothek im Schuljahr 2022\/23 r\u00e4umlich komplett neu gestaltet und der Buchbestand aktualisiert sowie neu organisiert.<\/p>\n<p><!-- \/wp:paragraph --><\/p>\n<p><!-- wp:paragraph --> In den letzten Jahren hatten die Sch\u00fclerinnen und Sch\u00fcler der Unter- und Oberstufe immer wieder die Chance, in Kontakt zu renommierten Autoren und K\u00fcnstlern zu treten:<br \/>Paulus Hochgatterer &#8211; ein Absolvent unserer Schule -, Robert Klement, Martin Selle, Werner Egli, Sabina Naber und Chris Pichler waren zum Beispiel bei uns zu Gast.<\/p>\n<p>Die genauen \u00d6ffnungszeiten (zus\u00e4tzlich zur gro\u00dfen Pause) und das B\u00fccherangebot sind <a href=\"https:\/\/gymnasium-amstetten.schulbibliothek.net\/search\" target=\"_blank\" rel=\"noopener\"><strong>online<\/strong><\/a> ersichtlich!<\/p>\n<p><!-- \/wp:paragraph --><\/p>\n<p><!-- \/wp:paragraph --><\/p>\n<p><!-- wp:paragraph --> Die <strong>Entlehnfrist betr\u00e4gt 4 Wochen<\/strong> und kann jederzeit um vier Wochen verl\u00e4ngert werden.<\/p>\n<p><!-- \/wp:paragraph --><\/p>\n<p><strong>Das Bibliotheksteam w\u00fcnscht viel Spa\u00df beim Lesen &amp; Schm\u00f6kern und freut sich auf euren Besuch!<\/strong><\/p>\n<div class=\"maindiv\">\n<div class=\"dreidiv\">\n<p style=\"text-align: center; margin: 0px;\"><img decoding=\"async\" class=\"rundesBild alignnone wp-image-49973\" src=\"https:\/\/www.bgamstetten.ac.at\/wp-content\/uploads\/2022\/07\/AnitaHausberger.jpg\" alt=\"\" width=\"200\" height=\"277\" \/><br \/><a href=\"mailto:hauan@am-gym.at\"><strong>Mag. Anita Hausberger<\/strong><\/a><\/p>\n<\/div>\n<div class=\"dreidiv\">\n<p style=\"text-align: center; margin: 0px;\"><img decoding=\"async\" class=\"rundesBild alignnone wp-image-49952 size-full\" src=\"https:\/\/www.bgamstetten.ac.at\/wp-content\/uploads\/2022\/07\/PetraJackson-Squire.jpg\" alt=\"\" width=\"200\" height=\"277\" \/><br \/><a href=\"mailto:jacpe@am-gym.at\"><strong>Mag. Petra Jackson-Squire<\/strong><\/a><\/p>\n<\/div>\n<div class=\"dreidiv\">\n<p style=\"text-align: center; margin: 0px;\"><img decoding=\"async\" class=\"rundesBild alignnone wp-image-49942\" title=\"Doris Weger-Lichtenberger\" src=\"https:\/\/www.bgamstetten.ac.at\/wp-content\/uploads\/2022\/07\/AstridSchuller.jpg\" alt=\"\" width=\"200\" height=\"277\" \/><br \/><a href=\"mailto:wegdo@am-gym.at\"><strong>Dr. Astrid Schuller<\/strong><\/a><\/p>\n<\/div>\n<\/div>\n<\/div>\n<\/div>\n<\/div>\n<\/div>\n<\/div>\n<\/div>\n<\/div>\n","protected":false},"excerpt":{"rendered":"","protected":false},"author":14,"featured_media":0,"parent":50005,"menu_order":0,"comment_status":"closed","ping_status":"closed","template":"","meta":{"footnotes":""},"class_list":["post-55180","page","type-page","status-publish","hentry"],"_links":{"self":[{"href":"https:\/\/www.bgamstetten.ac.at\/index.php\/wp-json\/wp\/v2\/pages\/55180","targetHints":{"allow":["GET"]}}],"collection":[{"href":"https:\/\/www.bgamstetten.ac.at\/index.php\/wp-json\/wp\/v2\/pages"}],"about":[{"href":"https:\/\/www.bgamstetten.ac.at\/index.php\/wp-json\/wp\/v2\/types\/page"}],"author":[{"embeddable":true,"href":"https:\/\/www.bgamstetten.ac.at\/index.php\/wp-json\/wp\/v2\/users\/14"}],"replies":[{"embeddable":true,"href":"https:\/\/www.bgamstetten.ac.at\/index.php\/wp-json\/wp\/v2\/comments?post=55180"}],"version-history":[{"count":13,"href":"https:\/\/www.bgamstetten.ac.at\/index.php\/wp-json\/wp\/v2\/pages\/55180\/revisions"}],"predecessor-version":[{"id":55204,"href":"https:\/\/www.bgamstetten.ac.at\/index.php\/wp-json\/wp\/v2\/pages\/55180\/revisions\/55204"}],"up":[{"embeddable":true,"href":"https:\/\/www.bgamstetten.ac.at\/index.php\/wp-json\/wp\/v2\/pages\/50005"}],"wp:attachment":[{"href":"https:\/\/www.bgamstetten.ac.at\/index.php\/wp-json\/wp\/v2\/media?parent=55180"}],"curies":[{"name":"wp","href":"https:\/\/api.w.org\/{rel}","templated":true}]}}