{"id":55046,"date":"2024-03-05T21:57:35","date_gmt":"2024-03-05T20:57:35","guid":{"rendered":"https:\/\/www.bgamstetten.ac.at\/?page_id=55046"},"modified":"2025-11-28T22:36:00","modified_gmt":"2025-11-28T21:36:00","slug":"social-media-beauftrage","status":"publish","type":"page","link":"https:\/\/www.bgamstetten.ac.at\/index.php\/angebote\/social-media-beauftrage\/","title":{"rendered":"Social-Media-Beauftragte"},"content":{"rendered":"<style type=\"text\/css\"> \n#cmsms_row_6a09c06b3c6c4 .cmsms_row_outer_parent { \n\tpadding-top: 0px; \n} \n\n#cmsms_row_6a09c06b3c6c4 .cmsms_row_outer_parent { \n\tpadding-bottom: 50px; \n} \n\n \n#cmsms_divider_6a09c06b3caf0 { \n\tpadding-top:50px; \n\tmargin-bottom:50px; \n} \n \n#cmsms_row_6a09c06b3ce7c .cmsms_row_outer_parent { \n\tpadding-top: 0px; \n} \n\n#cmsms_row_6a09c06b3ce7c .cmsms_row_outer_parent { \n\tpadding-bottom: 50px; \n} \n\n<\/style><div id=\"cmsms_row_6a09c06b3c6c4\" class=\"cmsms_row cmsms_color_scheme_default\">\n<div class=\"cmsms_row_outer_parent\">\n<div class=\"cmsms_row_outer\">\n<div class=\"cmsms_row_inner\">\n<div class=\"cmsms_row_margin\">\n<div class=\"cmsms_column one_first\">\n<div class=\"cmsms_text\">\n<p><img decoding=\"async\" class=\"rundesBild alignleft wp-image-60021 size-medium\" src=\"https:\/\/www.bgamstetten.ac.at\/wp-content\/uploads\/2025\/11\/Bild_2025-11-25_081308091-300x169.png\" alt=\"\" width=\"300\" height=\"169\" srcset=\"https:\/\/www.bgamstetten.ac.at\/wp-content\/uploads\/2025\/11\/Bild_2025-11-25_081308091-300x169.png 300w, https:\/\/www.bgamstetten.ac.at\/wp-content\/uploads\/2025\/11\/Bild_2025-11-25_081308091-1024x576.png 1024w, https:\/\/www.bgamstetten.ac.at\/wp-content\/uploads\/2025\/11\/Bild_2025-11-25_081308091-768x432.png 768w, https:\/\/www.bgamstetten.ac.at\/wp-content\/uploads\/2025\/11\/Bild_2025-11-25_081308091-580x326.png 580w, https:\/\/www.bgamstetten.ac.at\/wp-content\/uploads\/2025\/11\/Bild_2025-11-25_081308091-820x461.png 820w, https:\/\/www.bgamstetten.ac.at\/wp-content\/uploads\/2025\/11\/Bild_2025-11-25_081308091-1160x652.png 1160w, https:\/\/www.bgamstetten.ac.at\/wp-content\/uploads\/2025\/11\/Bild_2025-11-25_081308091.png 1254w\" sizes=\"(max-width: 300px) 100vw, 300px\" \/><\/p>\n<p>Die Welt des Internet, die sozialen Medien und die k\u00fcnstliche Intelligenz stellen unsere Kinder vor gro\u00dfe Herausforderungen. Einerseits er\u00f6ffnen sie viele Kommunikations- und Informationsm\u00f6glichkeiten, andererseits entstehen Ph\u00e4nomene wie Cybermobbing, Suchttendenzen und grenz\u00fcberschreitendes Verhalten.<\/p>\n<p><strong>Vier Sch\u00fcler*innen der Oberstufe, die auch Peer-Mediator*innen sind, bieten als neue Social-Media-Beauftragte den Sch\u00fcler*innen vertrauliche Gespr\u00e4che an<\/strong>, um gemeinsam L\u00f6sungen f\u00fcr diesbez\u00fcgliche Probleme zu \u00fcberlegen. Die Social-Media-Beauftragten stellen sich in den Klassen und auch hier auf unserer Homepage vor. Sie werden im Hintergrund von P\u00e4dagog*innen gecoacht und unterst\u00fctzt.<\/p>\n<p><!-- \/wp:post-content --><\/p>\n<\/div>\n<div id=\"cmsms_divider_6a09c06b3caf0\" class=\"cmsms_divider solid\"><\/div>\n<div class=\"cmsms_text\">\n<p><span style=\"font-weight: 400;\">Hallo <\/span><span style=\"font-weight: 400;\"><img decoding=\"async\" class=\"emoji\" role=\"img\" draggable=\"false\" src=\"https:\/\/s.w.org\/images\/core\/emoji\/16.0.1\/svg\/1f60a.svg\" alt=\"\ud83d\ude0a\" \/><\/span><span style=\"font-weight: 400;\">!<\/span><\/p>\n<p><span style=\"font-weight: 400;\">Wir, <strong>Jonathan, Lena<\/strong>, <strong>Victoria<\/strong>, und <strong>Viktoria<\/strong>, aus der 6a und 6b sind f\u00fcr euch als <strong><em>Social-Media-Beauftragte<\/em><\/strong> da. Das hei\u00dft, wenn ihr Probleme habt, die mit Social Media zu tun haben, k\u00f6nnt ihr euch an uns wenden. Beispiele f\u00fcr solche Probleme w\u00e4ren Cybermobbing, Erfahrungen mit unangenehmen Inhalten usw.<\/span><\/p>\n<p><span style=\"font-weight: 400;\">Wenn ihr also in diesen oder \u00e4hnlichen Angelegenheiten jemanden zum Reden sucht oder Fragen zu Social Media aufkommen, k\u00f6nnt ihr euch an uns wenden. Alles, was wir mit euch besprechen, wird von uns vertraulich behandelt.<\/span><\/p>\n<\/div>\n<div class=\"cmsms_tabs tabs_mode_tab\" data-animation=\"fadeIn\" data-delay=\"0\">\n<ul class=\"cmsms_tabs_list\">\n<li id=\"cmsms_tabs_list_item_6a09c06b3cc93\" class=\"cmsms_tabs_list_item current_tab\">\n<a href=\"#\">\n<span>Jonathan<\/span>\n<\/a>\n<\/li><li id=\"cmsms_tabs_list_item_6a09c06b3ccf5\" class=\"cmsms_tabs_list_item\">\n<a href=\"#\">\n<span>Lena<\/span>\n<\/a>\n<\/li><li id=\"cmsms_tabs_list_item_6a09c06b3cd46\" class=\"cmsms_tabs_list_item\">\n<a href=\"#\">\n<span>Victoria<\/span>\n<\/a>\n<\/li><li id=\"cmsms_tabs_list_item_6a09c06b3cd94\" class=\"cmsms_tabs_list_item\">\n<a href=\"#\">\n<span>Viktoria<\/span>\n<\/a>\n<\/li><\/ul>\n<div class=\"cmsms_tabs_wrap\">\n<div id=\"cmsms_tab_6a09c06b3cc93\" class=\"cmsms_tab active_tab\">\n<div class=\"cmsms_tab_inner\">\n<p><img decoding=\"async\" class=\"alignleft wp-image-60015 size-thumbnail\" style=\"border-radius: 20px;\" src=\"https:\/\/www.bgamstetten.ac.at\/wp-content\/uploads\/2025\/11\/JonathaLeichtfried_Gallery-200x200.jpg\" alt=\"\" width=\"200\" height=\"200\" srcset=\"https:\/\/www.bgamstetten.ac.at\/wp-content\/uploads\/2025\/11\/JonathaLeichtfried_Gallery-200x200.jpg 200w, https:\/\/www.bgamstetten.ac.at\/wp-content\/uploads\/2025\/11\/JonathaLeichtfried_Gallery-55x55.jpg 55w, https:\/\/www.bgamstetten.ac.at\/wp-content\/uploads\/2025\/11\/JonathaLeichtfried_Gallery-250x250.jpg 250w\" sizes=\"(max-width: 200px) 100vw, 200px\" \/><\/p>\n<p>Ich bin <strong>Jonathan Leichtfried<\/strong>, 15 Jahre alt, und besuche den Informatikzweig des BG Amstetten. Au\u00dferhalb der Schule besch\u00e4ftige ich mich gerne mit Literatur und Musik. Als Teil des Social-Media-Teams unserer Schule stehe ich euch jederzeit zur Verf\u00fcgung und unterst\u00fctze euch gerne bei Fragen oder Problemen.<\/p>\n<\/div>\n<\/div><div id=\"cmsms_tab_6a09c06b3ccf5\" class=\"cmsms_tab\">\n<div class=\"cmsms_tab_inner\">\n<p><img decoding=\"async\" class=\"alignleft wp-image-60016 size-medium\" style=\"border-radius: 20px;\" title=\"rundesBild\" src=\"https:\/\/www.bgamstetten.ac.at\/wp-content\/uploads\/2025\/11\/WagnerLena-197x300.jpg\" alt=\"\" width=\"197\" height=\"300\" srcset=\"https:\/\/www.bgamstetten.ac.at\/wp-content\/uploads\/2025\/11\/WagnerLena-197x300.jpg 197w, https:\/\/www.bgamstetten.ac.at\/wp-content\/uploads\/2025\/11\/WagnerLena.jpg 509w\" sizes=\"(max-width: 197px) 100vw, 197px\" \/><\/p>\n<p>Ich hei\u00dfe <strong>Lena<\/strong>. Ich bin 16 Jahre alt und gehe in die 6bs. In meiner Freizeit mache ich gerne Sport, zeichne oder backe etwas Leckeres. Da ich gerne Menschen bei der Bew\u00e4ltigung ihrer Probleme beiseite stehe und mich die Zusammenarbeit mit Kindern sehr interessiert, habe ich mich daf\u00fcr entschieden als Social-Media-Beauftragte zur Verf\u00fcgung zu stehen.<\/p>\n<\/div>\n<\/div><div id=\"cmsms_tab_6a09c06b3cd46\" class=\"cmsms_tab\">\n<div class=\"cmsms_tab_inner\">\n<p><img decoding=\"async\" class=\"alignleft wp-image-60017 size-medium\" style=\"border-radius: 20px;\" title=\"rundesBild\" src=\"https:\/\/www.bgamstetten.ac.at\/wp-content\/uploads\/2025\/11\/FauxVictoria-217x300.jpg\" alt=\"\" width=\"217\" height=\"300\" srcset=\"https:\/\/www.bgamstetten.ac.at\/wp-content\/uploads\/2025\/11\/FauxVictoria-217x300.jpg 217w, https:\/\/www.bgamstetten.ac.at\/wp-content\/uploads\/2025\/11\/FauxVictoria-741x1024.jpg 741w, https:\/\/www.bgamstetten.ac.at\/wp-content\/uploads\/2025\/11\/FauxVictoria-768x1062.jpg 768w, https:\/\/www.bgamstetten.ac.at\/wp-content\/uploads\/2025\/11\/FauxVictoria-1111x1536.jpg 1111w, https:\/\/www.bgamstetten.ac.at\/wp-content\/uploads\/2025\/11\/FauxVictoria-1482x2048.jpg 1482w, https:\/\/www.bgamstetten.ac.at\/wp-content\/uploads\/2025\/11\/FauxVictoria-580x802.jpg 580w, https:\/\/www.bgamstetten.ac.at\/wp-content\/uploads\/2025\/11\/FauxVictoria-820x1133.jpg 820w, https:\/\/www.bgamstetten.ac.at\/wp-content\/uploads\/2025\/11\/FauxVictoria-1160x1603.jpg 1160w, https:\/\/www.bgamstetten.ac.at\/wp-content\/uploads\/2025\/11\/FauxVictoria-scaled.jpg 1852w\" sizes=\"(max-width: 217px) 100vw, 217px\" \/><\/p>\n<p>Ich hei\u00dfe <strong>Victoria<\/strong>, aber die meisten nennen mich Vicky. Ich bin 16 Jahre alt und gehe in die 6bs. In meiner Freizeit spiele ich gerne Volleyball und verbringe die Zeit mit meiner Familie. Ich habe mich als Social-Media-Beauftragte gemeldet, weil ich einen Beitrag dazu leisten kann, Jugendliche im richtigen Umgang mit Medien zu unterst\u00fctzen. Es ist etwas Neues f\u00fcr mich und freue mich, umso mehr neue Erfahrungen sammeln zu d\u00fcrfen.<\/p>\n<\/div>\n<\/div><div id=\"cmsms_tab_6a09c06b3cd94\" class=\"cmsms_tab\">\n<div class=\"cmsms_tab_inner\">\n<div style=\"display: inline-block;\">\n<p><img decoding=\"async\" class=\"alignleft wp-image-60018 size-medium\" style=\"border-radius: 20px;\" title=\"rundesBild\" src=\"https:\/\/www.bgamstetten.ac.at\/wp-content\/uploads\/2025\/11\/ViktoriaRauchenbichler-225x300.jpg\" alt=\"\" width=\"225\" height=\"300\" srcset=\"https:\/\/www.bgamstetten.ac.at\/wp-content\/uploads\/2025\/11\/ViktoriaRauchenbichler-225x300.jpg 225w, https:\/\/www.bgamstetten.ac.at\/wp-content\/uploads\/2025\/11\/ViktoriaRauchenbichler-768x1024.jpg 768w, https:\/\/www.bgamstetten.ac.at\/wp-content\/uploads\/2025\/11\/ViktoriaRauchenbichler-1152x1536.jpg 1152w, https:\/\/www.bgamstetten.ac.at\/wp-content\/uploads\/2025\/11\/ViktoriaRauchenbichler-580x773.jpg 580w, https:\/\/www.bgamstetten.ac.at\/wp-content\/uploads\/2025\/11\/ViktoriaRauchenbichler-820x1093.jpg 820w, https:\/\/www.bgamstetten.ac.at\/wp-content\/uploads\/2025\/11\/ViktoriaRauchenbichler-1160x1547.jpg 1160w, https:\/\/www.bgamstetten.ac.at\/wp-content\/uploads\/2025\/11\/ViktoriaRauchenbichler.jpg 1500w\" sizes=\"(max-width: 225px) 100vw, 225px\" \/>Hey! Ich bin <strong>Viktoria<\/strong>. Ich bin 15 Jahre alt und backe und lese gerne. Mit mir kann man \u00fcber alles reden und\u00a0ich habe immer ein offenes Ohr, falls du jemanden zum Reden brauchst!<\/p>\n<\/div>\n<\/div>\n<\/div><\/div>\n<\/div>\n<\/div>\n<\/div>\n<\/div>\n<\/div>\n<\/div>\n<\/div>\n<div id=\"cmsms_row_6a09c06b3ce7c\" class=\"cmsms_row cmsms_color_scheme_default\">\n<div class=\"cmsms_row_outer_parent\">\n<div class=\"cmsms_row_outer\">\n<div class=\"cmsms_row_inner\">\n<div class=\"cmsms_row_margin\">\n<div class=\"cmsms_column one_first\">\n<\/div>\n<\/div>\n<\/div>\n<\/div>\n<\/div>\n<\/div>\n","protected":false},"excerpt":{"rendered":"","protected":false},"author":1,"featured_media":0,"parent":360,"menu_order":0,"comment_status":"closed","ping_status":"closed","template":"","meta":{"footnotes":""},"class_list":["post-55046","page","type-page","status-publish","hentry"],"_links":{"self":[{"href":"https:\/\/www.bgamstetten.ac.at\/index.php\/wp-json\/wp\/v2\/pages\/55046","targetHints":{"allow":["GET"]}}],"collection":[{"href":"https:\/\/www.bgamstetten.ac.at\/index.php\/wp-json\/wp\/v2\/pages"}],"about":[{"href":"https:\/\/www.bgamstetten.ac.at\/index.php\/wp-json\/wp\/v2\/types\/page"}],"author":[{"embeddable":true,"href":"https:\/\/www.bgamstetten.ac.at\/index.php\/wp-json\/wp\/v2\/users\/1"}],"replies":[{"embeddable":true,"href":"https:\/\/www.bgamstetten.ac.at\/index.php\/wp-json\/wp\/v2\/comments?post=55046"}],"version-history":[{"count":23,"href":"https:\/\/www.bgamstetten.ac.at\/index.php\/wp-json\/wp\/v2\/pages\/55046\/revisions"}],"predecessor-version":[{"id":60091,"href":"https:\/\/www.bgamstetten.ac.at\/index.php\/wp-json\/wp\/v2\/pages\/55046\/revisions\/60091"}],"up":[{"embeddable":true,"href":"https:\/\/www.bgamstetten.ac.at\/index.php\/wp-json\/wp\/v2\/pages\/360"}],"wp:attachment":[{"href":"https:\/\/www.bgamstetten.ac.at\/index.php\/wp-json\/wp\/v2\/media?parent=55046"}],"curies":[{"name":"wp","href":"https:\/\/api.w.org\/{rel}","templated":true}]}}