{"id":52413,"date":"2023-01-06T09:36:52","date_gmt":"2023-01-06T08:36:52","guid":{"rendered":"https:\/\/www.bgamstetten.ac.at\/?page_id=52413"},"modified":"2026-02-01T13:38:14","modified_gmt":"2026-02-01T12:38:14","slug":"ball","status":"publish","type":"page","link":"https:\/\/www.bgamstetten.ac.at\/index.php\/schule\/ball\/","title":{"rendered":"Ball"},"content":{"rendered":"<style type=\"text\/css\"> \n#cmsms_row_69eb0942e1cc2 .cmsms_row_outer_parent { \n\tpadding-top: 15px; \n} \n\n<\/style><div id=\"cmsms_row_69eb0942e1b3a\" class=\"cmsms_row cmsms_color_scheme_default\">\n<div class=\"cmsms_row_outer_parent\">\n<div class=\"cmsms_row_outer\">\n<div class=\"cmsms_row_inner\">\n<div class=\"cmsms_row_margin\">\n<div class=\"cmsms_column one_first\">\n<div class=\"cmsms_text\">\n<p><\/p>\n<\/div>\n<\/div>\n<\/div>\n<\/div>\n<\/div>\n<\/div>\n<\/div>\n<div id=\"cmsms_row_69eb0942e1cc2\" class=\"cmsms_row cmsms_color_scheme_default\">\n<div class=\"cmsms_row_outer_parent\">\n<div class=\"cmsms_row_outer\">\n<div class=\"cmsms_row_inner\">\n<div class=\"cmsms_row_margin\">\n<\/div>\n<\/div>\n<\/div>\n<\/div>\n<\/div>\n<div class=\"cmsms_column one_first\">\n<\/div>\n<div class=\"cmsms_text\">\n<\/div>\n<\/p>\r\n<div class=\"maindiv\">\r\n<div class=\"leftdiv\"><img decoding=\"async\" class=\"rundesBild alignleft wp-image-60150 size-full\" src=\"https:\/\/www.bgamstetten.ac.at\/wp-content\/uploads\/2025\/12\/597903716_1483372637129455_1701789769721426724_n.jpg\" alt=\"\" width=\"1448\" height=\"2048\" srcset=\"https:\/\/www.bgamstetten.ac.at\/wp-content\/uploads\/2025\/12\/597903716_1483372637129455_1701789769721426724_n.jpg 1448w, https:\/\/www.bgamstetten.ac.at\/wp-content\/uploads\/2025\/12\/597903716_1483372637129455_1701789769721426724_n-212x300.jpg 212w, https:\/\/www.bgamstetten.ac.at\/wp-content\/uploads\/2025\/12\/597903716_1483372637129455_1701789769721426724_n-724x1024.jpg 724w, https:\/\/www.bgamstetten.ac.at\/wp-content\/uploads\/2025\/12\/597903716_1483372637129455_1701789769721426724_n-768x1086.jpg 768w, https:\/\/www.bgamstetten.ac.at\/wp-content\/uploads\/2025\/12\/597903716_1483372637129455_1701789769721426724_n-1086x1536.jpg 1086w, https:\/\/www.bgamstetten.ac.at\/wp-content\/uploads\/2025\/12\/597903716_1483372637129455_1701789769721426724_n-580x820.jpg 580w, https:\/\/www.bgamstetten.ac.at\/wp-content\/uploads\/2025\/12\/597903716_1483372637129455_1701789769721426724_n-820x1160.jpg 820w, https:\/\/www.bgamstetten.ac.at\/wp-content\/uploads\/2025\/12\/597903716_1483372637129455_1701789769721426724_n-1160x1641.jpg 1160w\" sizes=\"(max-width: 1448px) 100vw, 1448px\" \/><\/div>\r\n<div class=\"rightdiv\">\r\n<h1 style=\"margin-bottom: 5px;\"><strong>GYMBALL 2026<\/strong><\/h1>\r\n<div id=\"cmsms_notice_69eb0942e1d02\" class=\"cmsms_notice cmsms_notice_success\">\n<a href=\"#\" class=\"notice_close cmsms-icon-cancel-3\"><\/a><div class=\"notice_icon\"><\/div>\n<div class=\"notice_content\">\n<p>Danke f\u00fcr euren\/ihren Besuch auf unserem Schulball 2026. Es war wieder eine <strong>wahrlich rauschende Ballnacht<\/strong>, die unglaublich schnell vergangen ist.<\/p>\n<p>Hier geht&#8217;s zu den <strong>Fotos<\/strong> <strong>von der Ballnacht<\/strong> und den <strong>Videos<\/strong> der <strong>Er\u00f6ffnung<\/strong> bzw. der <strong>Mitternachtseinlage<\/strong> in unserem <a href=\"https:\/\/www.youtube.com\/@bgbrgamstetten\" target=\"_blank\" rel=\"noopener\">Youtube-Kanal<\/a>:<\/p>\n<ul>\n<li><a href=\"https:\/\/www.mostropolis.at\/Reports\/1801\/gymball-amstetten-2026-\u2013-teil-1\" target=\"_blank\" rel=\"noopener\">Mostropolis &#8211; Teil 1\u00a0<\/a><\/li>\n<li><a href=\"https:\/\/www.mostropolis.at\/Reports\/1802\/gymball-amstetten-2026-\u2013-teil-2\" target=\"_blank\" rel=\"noopener\">Mostropolis &#8211; Teil 2<\/a><\/li>\n<li><a href=\"https:\/\/drive.google.com\/drive\/folders\/1YPA3T_0JhN5hBHNLN9oRFR4fznwp6IyI?usp=sharing\" target=\"_blank\" rel=\"noopener\">Kati Pregartner<\/a><\/li>\n<li><a href=\"https:\/\/nitelife.noen.at\/event-fotos\/nitelife-at-gym-ball-amstetten-17-01-2026-amstetten-506056464\" target=\"_blank\" rel=\"noopener\">NOEN &#8211; Fotos<\/a><\/li>\n<li><a href=\"https:\/\/www.noen.at\/amstetten\/poelz-halle-amstetten-manege-frei-fuer-den-eleganten-gymball-2026-506127005\" target=\"_blank\" rel=\"noopener\">NOEN &#8211; Bericht<\/a><\/li>\n<li><a href=\"https:\/\/www.youtube.com\/watch?v=9SOYx9YTD_8\" target=\"_blank\" rel=\"noopener\">Mitternachtseinlage &#8211; Video<\/a><\/li>\n<li><a href=\"https:\/\/www.youtube.com\/watch?v=j_yykFeV4ow\" target=\"_blank\" rel=\"noopener\">Er\u00f6ffnung &#8211; Video<\/a><\/li>\n<\/ul>\n<p>Folgende Lose k\u00f6nnen noch bis Freitag, den 30.01.2026 bis 13h im Sekretariat abgeholt werden:<\/p>\n<p>Preis 5: LOS Nr. 1015<\/p>\n<p>Preis 11: LOS Nr. 204<\/p>\n<\/div>\n<\/div>\n\r\n<\/div>\r\n<div class=\"rightdiv\">\r\n<h3 class=\"margin3\">19:30 Einlass<br \/>20:30 Er\u00f6ffnung<\/h3>\r\n<h3 class=\"margin3\">Kartenvorverkauf<\/h3>\r\n<p>Im <strong>Sekretariat<\/strong> und durch <strong>Sch\u00fclerInnen des BG\/BRG Amstetten<\/strong>!<br \/><strong>28\u20ac Erwachsene<br \/>22\u20ac Erm\u00e4\u00dfigt<br \/>keine Abendkassa!<\/strong><\/p>\r\n<h3 class=\"margin3\">Tischreservierung nach Verf\u00fcgbarkeit<\/h3>\r\n<p><strong>Fr, 09. J\u00e4nner 2026 von 8:00-11:00<br \/><\/strong>im <strong>Sekretariat <\/strong>des <strong>BG\/BRG Amstetten<\/strong><br \/><strong>5\u20ac pro Sitzplatz<\/strong><\/p>\r\n<h3 class=\"margin3\">Musik<\/h3>\r\n<p><strong>Schulorchester <\/strong>geleitet von <strong>Dr. Thomas Schnabel<\/strong><br \/><strong>Tanzschule Frank Koza\u00a0<br \/>Tanzorchester Cremisa<br \/>Teachers\u2019 Project Lehrerband<br \/>DJ Ernesto<\/strong><\/p>\r\n<h3 class=\"margin3\">Spenden<\/h3>\r\n<p>Wir danken f\u00fcr <strong>Ihre Spende<\/strong> an Elternverein am Gymnasium Amstetten<br \/><strong>IBAN: AT12 3202 5002 0002 8001<br \/>BIC: RLNWATWWAMS<br \/>RAIBA Amstetten<br \/><\/strong><\/p>\r\n<p>Festkleidung obligat!<br \/>Es gilt das Jugendschutzgesetz!<br \/>Es besteht Rauchverbot in den Hallen!<\/p>\r\n<\/div>\r\n<\/div>\r\n","protected":false},"excerpt":{"rendered":"<p>GYMBALL 2026 19:30 Einlass20:30 Er\u00f6ffnung Kartenvorverkauf Im Sekretariat und durch Sch\u00fclerInnen des BG\/BRG Amstetten!28\u20ac Erwachsene22\u20ac Erm\u00e4\u00dfigtkeine Abendkassa! Tischreservierung nach Verf\u00fcgbarkeit Fr, 09. J\u00e4nner 2026 von 8:00-11:00im Sekretariat des BG\/BRG Amstetten5\u20ac pro Sitzplatz Musik Schulorchester geleitet von Dr. Thomas SchnabelTanzschule Frank Koza\u00a0Tanzorchester CremisaTeachers\u2019 Project LehrerbandDJ Ernesto Spenden Wir danken f\u00fcr Ihre Spende an Elternverein am Gymnasium&#8230;<\/p>\n","protected":false},"author":14,"featured_media":0,"parent":44993,"menu_order":0,"comment_status":"closed","ping_status":"closed","template":"","meta":{"footnotes":""},"class_list":["post-52413","page","type-page","status-publish","hentry"],"_links":{"self":[{"href":"https:\/\/www.bgamstetten.ac.at\/index.php\/wp-json\/wp\/v2\/pages\/52413","targetHints":{"allow":["GET"]}}],"collection":[{"href":"https:\/\/www.bgamstetten.ac.at\/index.php\/wp-json\/wp\/v2\/pages"}],"about":[{"href":"https:\/\/www.bgamstetten.ac.at\/index.php\/wp-json\/wp\/v2\/types\/page"}],"author":[{"embeddable":true,"href":"https:\/\/www.bgamstetten.ac.at\/index.php\/wp-json\/wp\/v2\/users\/14"}],"replies":[{"embeddable":true,"href":"https:\/\/www.bgamstetten.ac.at\/index.php\/wp-json\/wp\/v2\/comments?post=52413"}],"version-history":[{"count":82,"href":"https:\/\/www.bgamstetten.ac.at\/index.php\/wp-json\/wp\/v2\/pages\/52413\/revisions"}],"predecessor-version":[{"id":60395,"href":"https:\/\/www.bgamstetten.ac.at\/index.php\/wp-json\/wp\/v2\/pages\/52413\/revisions\/60395"}],"up":[{"embeddable":true,"href":"https:\/\/www.bgamstetten.ac.at\/index.php\/wp-json\/wp\/v2\/pages\/44993"}],"wp:attachment":[{"href":"https:\/\/www.bgamstetten.ac.at\/index.php\/wp-json\/wp\/v2\/media?parent=52413"}],"curies":[{"name":"wp","href":"https:\/\/api.w.org\/{rel}","templated":true}]}}