{"id":51620,"date":"2022-10-05T15:19:43","date_gmt":"2022-10-05T13:19:43","guid":{"rendered":"https:\/\/www.bgamstetten.ac.at\/?page_id=51620"},"modified":"2022-10-05T15:25:20","modified_gmt":"2022-10-05T13:25:20","slug":"foerderangebote-covid-19","status":"publish","type":"page","link":"https:\/\/www.bgamstetten.ac.at\/index.php\/service\/foerderangebote-covid-19\/","title":{"rendered":"F\u00f6rderangebote Covid-19"},"content":{"rendered":"<style type=\"text\/css\"> \n#cmsms_row_69e738758efbf .cmsms_row_outer_parent { \n\tpadding-top: 30px; \n} \n\n<\/style><div id=\"cmsms_row_69e738758efbf\" class=\"cmsms_row cmsms_color_scheme_default\">\n<div class=\"cmsms_row_outer_parent\">\n<div class=\"cmsms_row_outer\">\n<div class=\"cmsms_row_inner\">\n<div class=\"cmsms_row_margin\">\n<div class=\"cmsms_column one_first\">\n<div class=\"cmsms_text\">\n<div class=\"maindiv\">\n<div class=\"leftdiv\">\n<h2><a href=\"https:\/\/www.esf.at\/esf-in-oesterreich\/kommunikation-publizitaet\/\" target=\"_blank\" rel=\"noopener\"><img decoding=\"async\" class=\"rundesBild alignnone wp-image-51622 size-full\" src=\"https:\/\/www.bgamstetten.ac.at\/wp-content\/uploads\/2022\/10\/ESF-Logo.png\" alt=\"\" width=\"785\" height=\"698\" srcset=\"https:\/\/www.bgamstetten.ac.at\/wp-content\/uploads\/2022\/10\/ESF-Logo.png 785w, https:\/\/www.bgamstetten.ac.at\/wp-content\/uploads\/2022\/10\/ESF-Logo-300x267.png 300w, https:\/\/www.bgamstetten.ac.at\/wp-content\/uploads\/2022\/10\/ESF-Logo-768x683.png 768w, https:\/\/www.bgamstetten.ac.at\/wp-content\/uploads\/2022\/10\/ESF-Logo-580x516.png 580w\" sizes=\"(max-width: 785px) 100vw, 785px\" \/><\/a><\/h2>\n<\/div>\n<div class=\"rightdiv\">\n<h2><a href=\"https:\/\/www.esf.at\/esf-in-oesterreich\/kommunikation-publizitaet\/\" target=\"_blank\" rel=\"noopener\">S-6.1a COVID-19 &#8211; Unterrichtsbezogene F\u00f6rderangebote im Bereich der allgemein bildenden h\u00f6heren Schulen im Schuljahr 2021\/22<\/a><\/h2>\n<p><strong>Allgemeine Projektbeschreibung:<\/strong><\/p>\n<p>Sch\u00fclerinnen und Sch\u00fcler der 9. Schulstufe und\/oder Sch\u00fclerinnen und Sch\u00fcler der Abschlussklassen (inkl. Sonderformen) holen Lerndefizite in allgemeinbildenden und\/oder fachtheoretischen Pflichtgegenst\u00e4nden, die im vergangenen Schuljahr durch die COVID-19-Pandemie entstanden sind, in Form eines zus\u00e4tzlichen Stundenangebotes nach.<br \/>\nDiese Stunden k\u00f6nnen als F\u00f6rderunterricht abgehalten werden. Sch\u00fclerinnen und Sch\u00fcler k\u00f6nnen je nach Bedarf diese Stunden besuchen. Dar\u00fcber hinaus kann auch eine Gruppenteilung in einem allgemeinbildenden und\/oder fachtheoretischen Pflichtgegenstand angeboten werden.<\/p>\n<p>Dieses Vorhaben wird aus Mitteln des Europ\u00e4ischen Sozialfonds als Teil der Reaktion der Union auf die COVID-19-Pandemie finanziert.<\/p>\n<\/div>\n<\/div>\n<\/div>\n<\/div>\n<\/div>\n<\/div>\n<\/div>\n<\/div>\n<\/div>\n\n","protected":false},"excerpt":{"rendered":"","protected":false},"author":14,"featured_media":0,"parent":50005,"menu_order":0,"comment_status":"closed","ping_status":"closed","template":"","meta":{"footnotes":""},"class_list":["post-51620","page","type-page","status-publish","hentry"],"_links":{"self":[{"href":"https:\/\/www.bgamstetten.ac.at\/index.php\/wp-json\/wp\/v2\/pages\/51620","targetHints":{"allow":["GET"]}}],"collection":[{"href":"https:\/\/www.bgamstetten.ac.at\/index.php\/wp-json\/wp\/v2\/pages"}],"about":[{"href":"https:\/\/www.bgamstetten.ac.at\/index.php\/wp-json\/wp\/v2\/types\/page"}],"author":[{"embeddable":true,"href":"https:\/\/www.bgamstetten.ac.at\/index.php\/wp-json\/wp\/v2\/users\/14"}],"replies":[{"embeddable":true,"href":"https:\/\/www.bgamstetten.ac.at\/index.php\/wp-json\/wp\/v2\/comments?post=51620"}],"version-history":[{"count":6,"href":"https:\/\/www.bgamstetten.ac.at\/index.php\/wp-json\/wp\/v2\/pages\/51620\/revisions"}],"predecessor-version":[{"id":51628,"href":"https:\/\/www.bgamstetten.ac.at\/index.php\/wp-json\/wp\/v2\/pages\/51620\/revisions\/51628"}],"up":[{"embeddable":true,"href":"https:\/\/www.bgamstetten.ac.at\/index.php\/wp-json\/wp\/v2\/pages\/50005"}],"wp:attachment":[{"href":"https:\/\/www.bgamstetten.ac.at\/index.php\/wp-json\/wp\/v2\/media?parent=51620"}],"curies":[{"name":"wp","href":"https:\/\/api.w.org\/{rel}","templated":true}]}}