{"id":51393,"date":"2022-09-14T21:48:50","date_gmt":"2022-09-14T19:48:50","guid":{"rendered":"https:\/\/www.bgamstetten.ac.at\/?page_id=51393"},"modified":"2025-09-15T15:16:04","modified_gmt":"2025-09-15T13:16:04","slug":"elterninformationen","status":"publish","type":"page","link":"https:\/\/www.bgamstetten.ac.at\/index.php\/aktuelles\/elterninformationen\/","title":{"rendered":"Elterninformationen"},"content":{"rendered":"<style type=\"text\/css\"> \n#cmsms_row_69e502238991e .cmsms_row_outer_parent { \n\tpadding-top: 0px; \n} \n\n#cmsms_row_69e502238991e .cmsms_row_outer_parent { \n\tpadding-bottom: 0px; \n} \n\n<\/style><div id=\"cmsms_row_69e502238991e\" class=\"cmsms_row cmsms_color_scheme_default\">\n<div class=\"cmsms_row_outer_parent\">\n<div class=\"cmsms_row_outer\">\n<div class=\"cmsms_row_inner\">\n<div class=\"cmsms_row_margin\">\n<div class=\"cmsms_column one_half\">\n<div id=\"cmsms_icon_box_69e5022389e86\" class=\"cmsms_icon_box cmsms_box_heading\">\n<div class=\"icon_box_inner\">\n<h1 class=\"cmsms-icon-info-circled\">Schulstart<\/h1>\n<div class=\"icon_box_text\">\n<p><img decoding=\"async\" class=\"alignleft wp-image-54011 size-full\" style=\"border-radius: 20px;\" src=\"https:\/\/www.bgamstetten.ac.at\/wp-content\/uploads\/2023\/08\/pexels-oleksandr-p-2781814-scaled.jpg\" alt=\"\" width=\"2560\" height=\"1707\" srcset=\"https:\/\/www.bgamstetten.ac.at\/wp-content\/uploads\/2023\/08\/pexels-oleksandr-p-2781814-scaled.jpg 2560w, https:\/\/www.bgamstetten.ac.at\/wp-content\/uploads\/2023\/08\/pexels-oleksandr-p-2781814-300x200.jpg 300w, https:\/\/www.bgamstetten.ac.at\/wp-content\/uploads\/2023\/08\/pexels-oleksandr-p-2781814-1024x683.jpg 1024w, https:\/\/www.bgamstetten.ac.at\/wp-content\/uploads\/2023\/08\/pexels-oleksandr-p-2781814-768x512.jpg 768w, https:\/\/www.bgamstetten.ac.at\/wp-content\/uploads\/2023\/08\/pexels-oleksandr-p-2781814-1536x1024.jpg 1536w, https:\/\/www.bgamstetten.ac.at\/wp-content\/uploads\/2023\/08\/pexels-oleksandr-p-2781814-2048x1365.jpg 2048w, https:\/\/www.bgamstetten.ac.at\/wp-content\/uploads\/2023\/08\/pexels-oleksandr-p-2781814-580x387.jpg 580w, https:\/\/www.bgamstetten.ac.at\/wp-content\/uploads\/2023\/08\/pexels-oleksandr-p-2781814-820x547.jpg 820w, https:\/\/www.bgamstetten.ac.at\/wp-content\/uploads\/2023\/08\/pexels-oleksandr-p-2781814-1160x773.jpg 1160w\" sizes=\"(max-width: 2560px) 100vw, 2560px\" \/><\/p>\n<p>Wir w\u00fcnschen einen\u00a0<strong>guten Start<\/strong>\u00a0in das\u00a0<strong>neue Schuljahr 2025\/26<\/strong>. Die Vorbereitungen laufen bereits, so dass der <strong>Schulbeginn f\u00fcr alle Beteiligten<\/strong>\u00a0m\u00f6glichst\u00a0<strong>reibungslos verl\u00e4uft<\/strong>.<\/p>\n<p>Die wichtigsten\u00a0<strong>Termine und Informationen<\/strong>\u00a0sind hier kurz zusammengefasst. Sie finden\u00a0<strong>alle Termine<\/strong> aber auch in unserem online verf\u00fcgbaren <a href=\"https:\/\/www.bgamstetten.ac.at\/index.php\/service\/kalender-termine\/\"><strong>Schulkalender<\/strong><\/a>.<\/p>\n<p><strong>Schulbeginn<\/strong>\u00a0ist am\u00a0<strong>Montag,\u00a0<\/strong>den\u00a0<strong>01.09.2025 <\/strong>um\u00a0<strong>13:30<\/strong>\u00a0in den jeweiligen\u00a0<strong>Klassen<\/strong>\u00a0(siehe\u00a0<a href=\"https:\/\/www.bgamstetten.ac.at\/index.php\/service\/raumplan\/\" target=\"_blank\" rel=\"noopener\"><strong>Raumplan<\/strong><\/a>).<\/p>\n<p>Um\u00a0<strong>14:00<\/strong>\u00a0findet anschlie\u00dfend die\u00a0<strong>\u00f6kumenische Schulbeginnfeier<\/strong>\u00a0im\u00a0<strong>Schulhof f\u00fcr alle Klassen<\/strong>\u00a0statt. Bei\u00a0<strong>Schlechtwetter<\/strong>\u00a0feiern die\u00a0<strong>ersten<\/strong>\u00a0und\u00a0<strong>f\u00fcnften Klassen<\/strong>\u00a0im\u00a0<strong>Turnsaal 1<\/strong>, f\u00fcr alle anderen Klassen gibt es eine\u00a0<strong>Live-\u00dcbertragung<\/strong>\u00a0in den\u00a0<strong>Klassenr\u00e4umen<\/strong>.<\/p>\n<p>Den <strong>Stundenplan<\/strong> der <strong>ersten Schulwoche<\/strong> finden Sie sp\u00e4testens <strong>am Sonntag vor Schulbeginn<\/strong> in <a href=\"https:\/\/nete.webuntis.com\/WebUntis\/?school=BG_Amstetten#\/basic\/timetable\" target=\"_blank\" rel=\"noopener\"><strong>WebUntis<\/strong><\/a>.<\/p>\n<p>Die <strong>unterrichtenden Lehrpersonen der ersten Klassen<\/strong> erstellen bis zum Schulbeginn eine Liste f\u00fcr die <a title=\"Materialien 1. Klasse\" href=\"https:\/\/drive.google.com\/file\/d\/1X5RcfRhgUbZSd-i9H9j2STMOIpyRZhbE\/view?usp=sharing\" target=\"_blank\" rel=\"noopener\"><b>ben\u00f6tigten Materialien<\/b><\/a>.<\/p>\n<p style=\"text-align: left;\">Von der Direktion werden die wichtigsten Infos auch als <strong>Elternbrief<\/strong> zusammengefasst.<\/p>\n<\/div>\n<\/div>\n<\/div>\n<div id=\"cmsms_icon_box_69e5022389f90\" class=\"cmsms_icon_box cmsms_box_heading\">\n<div class=\"icon_box_inner\">\n<h1 class=\"cmsms-icon-info-circled\">Elternabende<\/h1>\n<div class=\"icon_box_text\">\n<p><img decoding=\"async\" class=\"alignleft wp-image-54074 size-full\" style=\"border-radius: 20px;\" src=\"https:\/\/www.bgamstetten.ac.at\/wp-content\/uploads\/2023\/09\/IMG_4492-scaled.jpg\" alt=\"\" width=\"2560\" height=\"1707\" srcset=\"https:\/\/www.bgamstetten.ac.at\/wp-content\/uploads\/2023\/09\/IMG_4492-scaled.jpg 2560w, https:\/\/www.bgamstetten.ac.at\/wp-content\/uploads\/2023\/09\/IMG_4492-300x200.jpg 300w, https:\/\/www.bgamstetten.ac.at\/wp-content\/uploads\/2023\/09\/IMG_4492-1024x683.jpg 1024w, https:\/\/www.bgamstetten.ac.at\/wp-content\/uploads\/2023\/09\/IMG_4492-768x512.jpg 768w, https:\/\/www.bgamstetten.ac.at\/wp-content\/uploads\/2023\/09\/IMG_4492-1536x1024.jpg 1536w, https:\/\/www.bgamstetten.ac.at\/wp-content\/uploads\/2023\/09\/IMG_4492-2048x1365.jpg 2048w, https:\/\/www.bgamstetten.ac.at\/wp-content\/uploads\/2023\/09\/IMG_4492-580x387.jpg 580w, https:\/\/www.bgamstetten.ac.at\/wp-content\/uploads\/2023\/09\/IMG_4492-820x547.jpg 820w, https:\/\/www.bgamstetten.ac.at\/wp-content\/uploads\/2023\/09\/IMG_4492-1160x773.jpg 1160w\" sizes=\"(max-width: 2560px) 100vw, 2560px\" \/><\/p>\n<p>F\u00fcr eine m\u00f6glichst umfassende Information besuchen Sie unsere <strong>Elternabende<\/strong>:<\/p>\n<ul>\n<li><strong>Di, 09.09.2025 &#8211;<\/strong>\u00a0<strong>19:00 Turnsaal 2 &#8211; 1. Klasse<br \/>\n<\/strong>(<strong><a href=\"https:\/\/www.bgamstetten.ac.at\/index.php\/angebote\/nachmittagsbetreuung\/\">NaBe<\/a><\/strong> &#8211; Interessent\/innen bereits um 18:00)<\/li>\n<li><strong>Di, 23.09.2025 &#8211; 19:00 Mehrzwecksaal &#8211; 5. Klasse\u00a0<\/strong><\/li>\n<li><strong>Do, 09.10.2025 &#8211; 19:00\u00a0 Turnsaal 2 &#8211; 7 &amp; 8. Klasse<\/strong><\/li>\n<li><strong>Mi, 22.10.2025 &#8211; 19:00 Turnsaal 2 &#8211; 2. Klasse\u00a0<\/strong><\/li>\n<li><strong>Do, 06.11.2025 &#8211; 19:00 Turnsaal 2 &#8211; 4. Klasse<\/strong><\/li>\n<li><strong>Do, 13.11.2025 &#8211; 19:00 Turnsaal 2 &#8211; Volksschule<\/strong><\/li>\n<li><strong>M0, 17.11.2025 &#8211; 19:00 Turnsaal 2 &#8211; 3. Klasse\u00a0<\/strong><\/li>\n<li><strong>Fr, 28.11.2025 &#8211; ab 15:00 Elternsprechtag<\/strong><\/li>\n<li><strong>Je nach Bedarf (KV) &#8211; 6. Klasse<\/strong><\/li>\n<\/ul>\n<p>Unter <a href=\"https:\/\/www.bgamstetten.ac.at\/index.php\/downloads\/\"><strong>Downloads<\/strong><\/a> gibt es die <strong>Pr\u00e4sentationen\/Informationen zum Nachlesen<\/strong>.<\/p>\n<p>Wir hoffen wir konnten sie <strong>umfangreich informieren<\/strong>. Sollten dennoch <strong>Fragen offen<\/strong> geblieben sein, so scheuen Sie es nicht <strong>uns zu kontaktieren<\/strong>.<\/p>\n<\/div>\n<\/div>\n<\/div>\n<div id=\"cmsms_icon_box_69e502238a064\" class=\"cmsms_icon_box cmsms_box_heading\">\n<div class=\"icon_box_inner\">\n<h1 class=\"cmsms-icon-calendar\">Schulautonom freie Tage<\/h1>\n<div class=\"icon_box_text\">\n<p><img decoding=\"async\" class=\"alignleft wp-image-53587 size-full\" style=\"border-radius: 20px;\" src=\"https:\/\/www.bgamstetten.ac.at\/wp-content\/uploads\/2023\/05\/schulfrei.jpg\" alt=\"\" width=\"528\" height=\"360\" srcset=\"https:\/\/www.bgamstetten.ac.at\/wp-content\/uploads\/2023\/05\/schulfrei.jpg 528w, https:\/\/www.bgamstetten.ac.at\/wp-content\/uploads\/2023\/05\/schulfrei-300x205.jpg 300w\" sizes=\"(max-width: 528px) 100vw, 528px\" \/><\/p>\n<p>Im <strong>SGA <\/strong>wurden <strong>alle eingereichten Schulveranstaltungen<\/strong> und die <strong>schulautonom freien Tage<\/strong> f\u00fcr das <strong>Schuljahr 2025\/26 einstimmig beschlossen:<\/strong><\/p>\n<p><strong>Fr, 15.05.2026<\/strong><br \/>\n<strong>Fr, 05.06.2026<\/strong><\/p>\n<\/div>\n<\/div>\n<\/div>\n<\/div>\n<div class=\"cmsms_column one_half\">\n<div id=\"cmsms_icon_box_69e502238a366\" class=\"cmsms_icon_box cmsms_box_heading\">\n<div class=\"icon_box_inner\">\n<h1 class=\"cmsms-icon-laptop\">Ger\u00e4teinitiative<\/h1>\n<div class=\"icon_box_text\">\n<p><img decoding=\"async\" class=\"alignleft wp-image-59322 size-full\" style=\"border-radius: 20px;\" src=\"https:\/\/www.bgamstetten.ac.at\/wp-content\/uploads\/2025\/09\/Geraeteinitiatiive.jpg\" alt=\"\" width=\"1024\" height=\"768\" srcset=\"https:\/\/www.bgamstetten.ac.at\/wp-content\/uploads\/2025\/09\/Geraeteinitiatiive.jpg 1024w, https:\/\/www.bgamstetten.ac.at\/wp-content\/uploads\/2025\/09\/Geraeteinitiatiive-300x225.jpg 300w, https:\/\/www.bgamstetten.ac.at\/wp-content\/uploads\/2025\/09\/Geraeteinitiatiive-768x576.jpg 768w, https:\/\/www.bgamstetten.ac.at\/wp-content\/uploads\/2025\/09\/Geraeteinitiatiive-580x435.jpg 580w, https:\/\/www.bgamstetten.ac.at\/wp-content\/uploads\/2025\/09\/Geraeteinitiatiive-820x615.jpg 820w\" sizes=\"(max-width: 1024px) 100vw, 1024px\" \/><\/p>\n<p>Als Schule nehmen wir <strong>seit Einf\u00fchrung an der Ger\u00e4teinitiative des Bildungsministeriums f\u00fcr Bildung teil<\/strong> und haben uns f\u00fcr <strong>Laptop mit dem Betriebssystem Windows<\/strong> entschieden.<\/p>\n<p>Die Sch\u00fcler\/innen bekommen ihr Ger\u00e4t in <strong>der 1. Klasse <\/strong>nach einer <strong>gemeinsamen Erstinstallation und -konfiguration<\/strong>. Der <strong>Liefertermin variiert jedes Schuljahr<\/strong> ein wenig <strong>zwischen September und November<\/strong>.<\/p>\n<p>Es gibt diesbez\u00fcglich von der <strong>OeAD GmbH<\/strong> &#8211; der <strong>Agentur f\u00fcr Bildung und Internationalisierung\u00a0<\/strong>viele <a href=\"https:\/\/digitaleslernen.oead.at\/de\/fuer-eltern\" target=\"_blank\" rel=\"noopener\"><strong>Informationen f\u00fcr Eltern<\/strong><\/a>.<\/p>\n<p>Au\u00dferdem gibt es seitens der OeAD heuer auch eine <a href=\"https:\/\/digitaleslernen.oead.at\/fileadmin\/Dokumente\/digitaleslernen.oead.at\/BMB_Geraeteinitiative_DL_Broschuere_fuer_Erziehungsberechtigte_SJ2025_26.pdf\" target=\"_blank\" rel=\"noopener\"><strong>aktuelle Info f\u00fcr dieses Schuljahr<\/strong><\/a>.<\/p>\n<p>Als <strong>Service der Schule<\/strong> wurden <strong>versperrbare Laptopk\u00e4sten<\/strong> angeschafft, wobei jede\/r Sch\u00fcler\/in ein <strong>eigenes Fach mit zugeh\u00f6rigem Schl\u00fcssel<\/strong> bekommt, um so seine\/ihre Wertsachen (Laptop, Handy, Geldb\u00f6rse,..) sicher aufzubewahren.<\/p>\n<p>Die <strong>Garantiezeit des Ger\u00e4ts betr\u00e4gt 4 Jahre<\/strong> &#8211; sollte es zu einem Garantiefall kommen, so kann man \u00fcber die <a href=\"https:\/\/education.cancom.at\/schulnotebooks\" target=\"_blank\" rel=\"noopener\"><strong>Webseite unseres Lieferanten Cancom\u00a0<\/strong><\/a> den Ger\u00e4tetyp ausw\u00e4hlen und eine Reparatur anmelden.<\/p>\n<\/div>\n<\/div>\n<\/div>\n<div id=\"cmsms_icon_box_69e502238a424\" class=\"cmsms_icon_box cmsms_box_heading\">\n<div class=\"icon_box_inner\">\n<h1 class=\"cmsms-icon-info-circled\">Tag der offenen T\u00fcr<\/h1>\n<div class=\"icon_box_text\">\n<p><img decoding=\"async\" class=\"alignleft wp-image-56893 size-full\" style=\"border-radius: 20px;\" src=\"https:\/\/www.bgamstetten.ac.at\/wp-content\/uploads\/2024\/10\/IMG_5327-scaled.jpg\" alt=\"\" width=\"2560\" height=\"1707\" srcset=\"https:\/\/www.bgamstetten.ac.at\/wp-content\/uploads\/2024\/10\/IMG_5327-scaled.jpg 2560w, https:\/\/www.bgamstetten.ac.at\/wp-content\/uploads\/2024\/10\/IMG_5327-300x200.jpg 300w, https:\/\/www.bgamstetten.ac.at\/wp-content\/uploads\/2024\/10\/IMG_5327-1024x683.jpg 1024w, https:\/\/www.bgamstetten.ac.at\/wp-content\/uploads\/2024\/10\/IMG_5327-768x512.jpg 768w, https:\/\/www.bgamstetten.ac.at\/wp-content\/uploads\/2024\/10\/IMG_5327-1536x1024.jpg 1536w, https:\/\/www.bgamstetten.ac.at\/wp-content\/uploads\/2024\/10\/IMG_5327-2048x1365.jpg 2048w, https:\/\/www.bgamstetten.ac.at\/wp-content\/uploads\/2024\/10\/IMG_5327-580x387.jpg 580w, https:\/\/www.bgamstetten.ac.at\/wp-content\/uploads\/2024\/10\/IMG_5327-820x547.jpg 820w, https:\/\/www.bgamstetten.ac.at\/wp-content\/uploads\/2024\/10\/IMG_5327-1160x773.jpg 1160w\" sizes=\"(max-width: 2560px) 100vw, 2560px\" \/><\/p>\n<p>Besuchen Sie uns mit ihren Kindern am <a href=\"https:\/\/www.bgamstetten.ac.at\/index.php\/aktuelles\/tag-der-offenen-tuer\/\"><strong>Tag der offenen T\u00fcr<\/strong><\/a> und lassen Sie sich von unseren Sch\u00fcler\/innen die<strong> Vielf\u00e4ltigkeit und M\u00f6glichkeiten<\/strong> in den <strong>verschiedenen Schwerpunkten<\/strong> unserer Schule zeigen.<\/p>\n<p>Bei Fragen oder Unklarheiten <strong>kontaktieren Sie uns einfach<\/strong>.<\/p>\n<\/div>\n<\/div>\n<\/div>\n<div id=\"cmsms_icon_box_69e502238a4cf\" class=\"cmsms_icon_box cmsms_box_heading\">\n<div class=\"icon_box_inner\">\n<h1 class=\"cmsms-icon-basketball\">Teilnahme am Sportunterricht<\/h1>\n<div class=\"icon_box_text\">\n<p><img decoding=\"async\" class=\"alignnone size-blog-masonry-thumb wp-image-50789\" style=\"border-radius: 20px;\" src=\"https:\/\/www.bgamstetten.ac.at\/wp-content\/uploads\/2022\/08\/9-580x390.jpg\" alt=\"\" width=\"580\" height=\"390\" \/><\/p>\n<p>Prinzipiell besteht \u2013 wie in allen <strong>Pflichtgegenst\u00e4nden<\/strong> \u2013 f\u00fcr alle Sch\u00fcler\/innen die <strong>Verpflichtung<\/strong>, <strong>immer am Unterricht in Bewegung und Sport teilzunehmen<\/strong>.<\/p>\n<p>Die bisher vereinzelt ge\u00fcbte Praxis, dass <strong>Erziehungsberechtigte, \u00c4rzte, etc. \u201eEntschuldigungen\u201c <\/strong><strong>ausschlie\u00dflich f\u00fcr<\/strong> den <strong>Unterricht aus Bewegung und Sport<\/strong> auf Grund von <strong>Indisponiertheit des <\/strong><strong>Sch\u00fclers\/der Sch\u00fclerin (Verk\u00fchlungen, Verletzungen etc.)<\/strong> ausstellen, wodurch die Nicht-Teilnahme am BESP-Unterricht bewirkt werden soll, haben <strong>keine rechtliche Grundlage<\/strong> und sind daher <strong>unzul\u00e4ssig <\/strong>und <strong>nicht zu akzeptieren<\/strong>. Sch\u00fcler\/innen haben immer (auch nachmittags) im Unterricht anwesend zu sein, sofern nicht ein gesetzeskonformer Grund eine Abwesenheit rechtfertigt.<\/p>\n<p>Mehr Informationen entnehmen Sie bitte der <strong><a href=\"https:\/\/www.bildung-noe.gv.at\/dam\/jcr:078542ac-ab1e-4977-9ff3-da11e0978a02\/Richtlinien%20f%C3%BCr%20die%20Teilnahme%20am%20UG%20BESP.PDF\" target=\"_blank\" rel=\"noopener\">Aussendung der Bildungsdirektion von 22.11.2021<\/a><\/strong>.<\/p>\n<\/div>\n<\/div>\n<\/div>\n<div id=\"cmsms_icon_box_69e502238a56e\" class=\"cmsms_icon_box cmsms_box_heading\">\n<div class=\"icon_box_inner\">\n<h1 class=\"cmsms-icon-stethoscope\">Infos zu Impfungen<\/h1>\n<div class=\"icon_box_text\">\n<p><img decoding=\"async\" class=\"alignnone size-blog-masonry-thumb wp-image-51400\" style=\"border-radius: 20px;\" src=\"https:\/\/www.bgamstetten.ac.at\/wp-content\/uploads\/2022\/09\/Bild_2022-09-14_215947050-580x390.png\" alt=\"\" width=\"580\" height=\"390\" \/><\/p>\n<p>Die <a href=\"https:\/\/www.noe.gv.at\/noe\/Amstetten\/Bezirkshauptmannschaft_Amstetten.html\" target=\"_blank\" rel=\"noopener\"><strong>BH Amstetten<\/strong><\/a> informiert \u00fcber <a href=\"https:\/\/drive.google.com\/file\/d\/1EoiKThkyNAzr07IzZD8AIDuH7D4tueNF\/view?usp=sharing\" target=\"_blank\" rel=\"noopener\"><strong>Gratisimpfungen f\u00fcr 10 &#8211; 15 J\u00e4hrige<\/strong><\/a>.<\/p>\n<\/div>\n<\/div>\n<\/div>\n<div id=\"cmsms_icon_box_69e502238a5ce\" class=\"cmsms_icon_box cmsms_box_heading\">\n<div class=\"icon_box_inner\">\n<h1 class=\"cmsms-icon-lightbulb-3\">Nachhilfe<\/h1>\n<div class=\"icon_box_text\">\n<p><img decoding=\"async\" class=\"alignleft wp-image-56209 size-full\" style=\"border-radius: 20px;\" src=\"https:\/\/www.bgamstetten.ac.at\/wp-content\/uploads\/2024\/05\/lernquadrat.png\" alt=\"\" width=\"522\" height=\"740\" srcset=\"https:\/\/www.bgamstetten.ac.at\/wp-content\/uploads\/2024\/05\/lernquadrat.png 522w, https:\/\/www.bgamstetten.ac.at\/wp-content\/uploads\/2024\/05\/lernquadrat-212x300.png 212w\" sizes=\"(max-width: 522px) 100vw, 522px\" \/><\/p>\n<p>Die Standortleitung vom <strong>LernQuadrat &#8211; Amstetten<\/strong> informiert \u00fcber <strong>Intensivkurse <\/strong>in den<strong> Ferien<\/strong>.<\/p>\n<p>Beachten Sie auch, dass es innerhalb der Schule auch <a href=\"https:\/\/www.bgamstetten.ac.at\/index.php\/angebote\/nachhilfe\/\"><strong>kosteng\u00fcnstige Nachhilfe von Sch\u00fclerInnen<\/strong><\/a> gibt.<\/p>\n<\/div>\n<\/div>\n<\/div>\n<\/div>\n<\/div>\n<\/div>\n<\/div>\n<\/div>\n<\/div>\n\n","protected":false},"excerpt":{"rendered":"","protected":false},"author":14,"featured_media":0,"parent":29220,"menu_order":0,"comment_status":"closed","ping_status":"closed","template":"","meta":{"footnotes":""},"class_list":["post-51393","page","type-page","status-publish","hentry"],"_links":{"self":[{"href":"https:\/\/www.bgamstetten.ac.at\/index.php\/wp-json\/wp\/v2\/pages\/51393","targetHints":{"allow":["GET"]}}],"collection":[{"href":"https:\/\/www.bgamstetten.ac.at\/index.php\/wp-json\/wp\/v2\/pages"}],"about":[{"href":"https:\/\/www.bgamstetten.ac.at\/index.php\/wp-json\/wp\/v2\/types\/page"}],"author":[{"embeddable":true,"href":"https:\/\/www.bgamstetten.ac.at\/index.php\/wp-json\/wp\/v2\/users\/14"}],"replies":[{"embeddable":true,"href":"https:\/\/www.bgamstetten.ac.at\/index.php\/wp-json\/wp\/v2\/comments?post=51393"}],"version-history":[{"count":120,"href":"https:\/\/www.bgamstetten.ac.at\/index.php\/wp-json\/wp\/v2\/pages\/51393\/revisions"}],"predecessor-version":[{"id":59345,"href":"https:\/\/www.bgamstetten.ac.at\/index.php\/wp-json\/wp\/v2\/pages\/51393\/revisions\/59345"}],"up":[{"embeddable":true,"href":"https:\/\/www.bgamstetten.ac.at\/index.php\/wp-json\/wp\/v2\/pages\/29220"}],"wp:attachment":[{"href":"https:\/\/www.bgamstetten.ac.at\/index.php\/wp-json\/wp\/v2\/media?parent=51393"}],"curies":[{"name":"wp","href":"https:\/\/api.w.org\/{rel}","templated":true}]}}