{"id":51387,"date":"2022-09-14T21:19:22","date_gmt":"2022-09-14T19:19:22","guid":{"rendered":"https:\/\/www.bgamstetten.ac.at\/?page_id=51387"},"modified":"2026-02-02T18:02:21","modified_gmt":"2026-02-02T17:02:21","slug":"downloads","status":"publish","type":"page","link":"https:\/\/www.bgamstetten.ac.at\/index.php\/service\/downloads\/","title":{"rendered":"Downloads"},"content":{"rendered":"<style type=\"text\/css\"> \n#cmsms_row_69e51dd0f3ef0 .cmsms_row_outer_parent { \n\tpadding-top: 0px; \n} \n\n#cmsms_row_69e51dd0f3ef0 .cmsms_row_outer_parent { \n\tpadding-bottom: 50px; \n} \n\n<\/style><div id=\"cmsms_row_69e51dd0f3ef0\" class=\"cmsms_row cmsms_color_scheme_default\">\n<div class=\"cmsms_row_outer_parent\">\n<div class=\"cmsms_row_outer\">\n<div class=\"cmsms_row_inner\">\n<div class=\"cmsms_row_margin\">\n<div class=\"cmsms_column one_first\">\n<div class=\"cmsms_toggles toggles_mode_accordion\">\n<div class=\"cmsms_toggle_wrap\" data-tags=\"all \">\n<div class=\"cmsms_toggle_title\">\n<span class=\"cmsms_toggle_plus\">\n<span class=\"cmsms_toggle_plus_hor\"><\/span>\n<span class=\"cmsms_toggle_plus_vert\"><\/span>\n<\/span>\n<a href=\"#\">Elternabend 1. Klassen<\/a>\n<\/div>\n<div class=\"cmsms_toggle\">\n<div class=\"cmsms_toggle_inner\">\n<ul>\n<li><a href=\"https:\/\/docs.google.com\/presentation\/d\/e\/2PACX-1vQ5UTcOZOxMb5X1HMsYPHoT85LUSp0zpJxBuK_Wg4yiYYdV87Z08nwXsc5WjHhWzQ\/pub?start=false&amp;loop=false&amp;delayms=3000\" target=\"_blank\" rel=\"noopener\">Pr\u00e4sentation der Bildungsberatung<\/a><\/li>\n<li><a href=\"https:\/\/docs.google.com\/presentation\/d\/e\/2PACX-1vRByXGDO0LtDV17Vd1p27657WUZHYqXJKdMsjattbU-Ubj3kEUCVRxKgfR2hz5Aew\/pub?start=false&amp;loop=false&amp;delayms=3000\" target=\"_blank\" rel=\"noopener\">Pr\u00e4sentation der Administration<\/a><\/li>\n<li><a href=\"https:\/\/docs.google.com\/presentation\/d\/e\/2PACX-1vRuVcUuV8m_cIyFJURlU13bCqblTXLsw_Pn8HbNUmDzI-VXH8Sj9clQfv8t0EfbaQ\/pub?start=false&amp;loop=false&amp;delayms=3000\" target=\"_blank\" rel=\"noopener\">Pr\u00e4sentation des Elternvereins<\/a><\/li>\n<li><a href=\"https:\/\/docs.google.com\/presentation\/d\/e\/2PACX-1vRu-nN5i_x0KUfS58KukvdW98JlO7l1tpdZD-Iul4AofXJoajOhuMml2qClHhjtMA\/pub?start=false&amp;loop=false&amp;delayms=3000\" target=\"_blank\" rel=\"noopener\">Fotoaktion<\/a><\/li>\n<\/ul>\n<\/div>\n<\/div>\n<\/div><div class=\"cmsms_toggle_wrap\" data-tags=\"all \">\n<div class=\"cmsms_toggle_title\">\n<span class=\"cmsms_toggle_plus\">\n<span class=\"cmsms_toggle_plus_hor\"><\/span>\n<span class=\"cmsms_toggle_plus_vert\"><\/span>\n<\/span>\n<a href=\"#\">Schulski- und Snowboardmeisterschaft<\/a>\n<\/div>\n<div class=\"cmsms_toggle\">\n<div class=\"cmsms_toggle_inner\">\n<ul>\n<li><a href=\"https:\/\/drive.google.com\/file\/d\/14Eed6g9_RoNJGbPglQ-dvDJw-eJROMCh\/view?usp=sharing\" target=\"_blank\" rel=\"noopener\">Informationsblatt inkl. Anmeldung f\u00fcr die Schulski- und Snowboardmeisterschaft<\/a><\/li>\n<\/ul>\n<\/div>\n<\/div>\n<\/div><div class=\"cmsms_toggle_wrap\" data-tags=\"all \">\n<div class=\"cmsms_toggle_title\">\n<span class=\"cmsms_toggle_plus\">\n<span class=\"cmsms_toggle_plus_hor\"><\/span>\n<span class=\"cmsms_toggle_plus_vert\"><\/span>\n<\/span>\n<a href=\"#\">Schulanmeldung<\/a>\n<\/div>\n<div class=\"cmsms_toggle\">\n<div class=\"cmsms_toggle_inner\">\n<ul>\n<li><a href=\"https:\/\/drive.google.com\/file\/d\/1MkGPDNw9Tr3OFJX8CZUk3jGaYc2l9iWw\/view?usp=sharing\" target=\"_blank\" rel=\"noopener\">Anmeldeformular f\u00fcr die Unterstufe<\/a><\/li>\n<li><a href=\"https:\/\/drive.google.com\/file\/d\/1JUnzIiC8XdhiBdIVkQalvS_2fM4yuJvN\/view?usp=sharing\" target=\"_blank\" rel=\"noopener\">Anmeldeformular f\u00fcr die Oberstufe (Sport &amp; Gesundheit oder Digitale Medien &amp; Technologien)<\/a><\/li>\n<li><a href=\"https:\/\/drive.google.com\/file\/d\/1n2lNHpamvkLS6PJgx4P5I_CFrlzmomZy\/view?usp=sharing\" target=\"_blank\" rel=\"noopener\">Anmeldeformular f\u00fcr die Oberstufe (Sprache, Kultur &amp; Kommunikation oder Sprache &amp; Musik)<\/a><\/li>\n<\/ul>\n<\/div>\n<\/div>\n<\/div><div class=\"cmsms_toggle_wrap\" data-tags=\"all \">\n<div class=\"cmsms_toggle_title\">\n<span class=\"cmsms_toggle_plus\">\n<span class=\"cmsms_toggle_plus_hor\"><\/span>\n<span class=\"cmsms_toggle_plus_vert\"><\/span>\n<\/span>\n<a href=\"#\">Eignungstests<\/a>\n<\/div>\n<div class=\"cmsms_toggle\">\n<div class=\"cmsms_toggle_inner\">\n<ul>\n<li><a href=\"https:\/\/drive.google.com\/file\/d\/1-2Ex6E-TL-wkqp_U2bVpQNEWJ1kfgsSg\/view?pli=1\" target=\"_blank\" rel=\"noopener\">Eignungstest Sport und Gesundheit<\/a><\/li>\n<li><a href=\"https:\/\/drive.google.com\/file\/d\/1-25WY-_TN9bOQkaOSVLoqv640pTXzDvG\/view?usp=sharing\" target=\"_blank\" rel=\"noopener\">Eignungstest Digitale Medien &amp; Technologien<\/a><\/li>\n<\/ul>\n<\/div>\n<\/div>\n<\/div><div class=\"cmsms_toggle_wrap\" data-tags=\"all \">\n<div class=\"cmsms_toggle_title\">\n<span class=\"cmsms_toggle_plus\">\n<span class=\"cmsms_toggle_plus_hor\"><\/span>\n<span class=\"cmsms_toggle_plus_vert\"><\/span>\n<\/span>\n<a href=\"#\">Elternabend 5. Klassen<\/a>\n<\/div>\n<div class=\"cmsms_toggle\">\n<div class=\"cmsms_toggle_inner\">\n<ul>\n<li><a href=\"https:\/\/docs.google.com\/presentation\/d\/e\/2PACX-1vSMcdcd2JEJNFS8s6INnzraGKWlYsvo57PchfAZmeBapm54_Ws-0psYoMPGrd9UZQ\/pub?start=false&amp;loop=false&amp;delayms=3000\" target=\"_blank\" rel=\"noopener\">Pr\u00e4sentation Wahlpflichtf\u00e4cher und Reife- und Diplompr\u00fcfung<\/a><\/li>\n<\/ul>\n<\/div>\n<\/div>\n<\/div><div class=\"cmsms_toggle_wrap current_toggle\" data-tags=\"all \">\n<div class=\"cmsms_toggle_title\">\n<span class=\"cmsms_toggle_plus\">\n<span class=\"cmsms_toggle_plus_hor\"><\/span>\n<span class=\"cmsms_toggle_plus_vert\"><\/span>\n<\/span>\n<a href=\"#\">Elternabend 4. Klassen<\/a>\n<\/div>\n<div class=\"cmsms_toggle\">\n<div class=\"cmsms_toggle_inner\">\n<ul>\n<li><a href=\"https:\/\/docs.google.com\/presentation\/d\/e\/2PACX-1vSrTpU9hbKhNQlXur8iI2oyxyzK717lDl06qn14a6nlX9FgKSuizwTNljCmEQ8Qhw\/pub?start=true&amp;loop=true&amp;delayms=3000\" target=\"_blank\" rel=\"noopener\">Pr\u00e4sentation Bildungsberatung inkl. Sprach- und Musikzweig<\/a><\/li>\n<li><a href=\"https:\/\/drive.google.com\/file\/d\/1tU9PwsWU64GU2s5iDvsthTA5xiuwo9VU\/view?usp=sharing\" target=\"_blank\" rel=\"noopener\">Pr\u00e4sentation DigiTech-Zweig<\/a><\/li>\n<li><a href=\"https:\/\/docs.google.com\/presentation\/d\/e\/2PACX-1vRwZWqT70EqZrYeUs_b0NBkvQaagt7hsNZntvAGA2ZcNS9oYKmaIv09YBmzsGGIHw\/pub?start=true&amp;loop=true&amp;delayms=3000\" target=\"_blank\" rel=\"noopener\">Pr\u00e4sentation Sport &amp; Gesundheit-Zweig<\/a><\/li>\n<li><a href=\"https:\/\/www.cap-ausbildung.eu\/\" target=\"_blank\" rel=\"noopener\">CAP-Ausbildung<\/a><\/li>\n<\/ul>\n<\/div>\n<\/div>\n<\/div><div class=\"cmsms_toggle_wrap\" data-tags=\"all \">\n<div class=\"cmsms_toggle_title\">\n<span class=\"cmsms_toggle_plus\">\n<span class=\"cmsms_toggle_plus_hor\"><\/span>\n<span class=\"cmsms_toggle_plus_vert\"><\/span>\n<\/span>\n<a href=\"#\">Elternabend 2. Klassen<\/a>\n<\/div>\n<div class=\"cmsms_toggle\">\n<div class=\"cmsms_toggle_inner\">\n<ul>\n<li><a href=\"https:\/\/docs.google.com\/presentation\/d\/e\/2PACX-1vT2lLdMAgWJwt1krNO7VZcuBAnBUhD0LWk6LKuSlSr_uWuKb9KYlRSNr-Iw9XMA1Q\/pub?start=false&amp;loop=false&amp;delayms=3000\" target=\"_blank\" rel=\"noopener\">Pr\u00e4sentation allgemeiner Teil<\/a><\/li>\n<li><a href=\"https:\/\/docs.google.com\/presentation\/d\/e\/2PACX-1vQP-3qDXS_vNNlUNqV0hjCXajjOYODRg4Yqgi80IGltj3Q99UiSGRVj4GTML54Lhw\/pub?start=false&amp;loop=false&amp;delayms=3000\" target=\"_blank\" rel=\"noopener\">Pr\u00e4sentation Franz\u00f6sisch<\/a><\/li>\n<li><a href=\"https:\/\/docs.google.com\/presentation\/d\/e\/2PACX-1vQ6EPgAaYyxBvlkCiY7yYRcW5MVDWAbVINx5kZo7VRS3nTq8ZDzl5w3KvJ4q0lQGw\/pub?start=false&amp;loop=false&amp;delayms=3000\" target=\"_blank\" rel=\"noopener\">Pr\u00e4sentation Latein<\/a><\/li>\n<li><a href=\"https:\/\/docs.google.com\/presentation\/d\/e\/2PACX-1vRyKx_21tQLE9JKJ27SBSK0w_3jN_n-b8F6QTkKTuqGb-v6UgFOGG1P5nQcKWvg4g\/pub?start=false&amp;loop=true&amp;delayms=3000\" target=\"_blank\" rel=\"noopener\">Schwerpunktwahl<\/a><\/li>\n<\/ul>\n<\/div>\n<\/div>\n<\/div><div class=\"cmsms_toggle_wrap\" data-tags=\"all \">\n<div class=\"cmsms_toggle_title\">\n<span class=\"cmsms_toggle_plus\">\n<span class=\"cmsms_toggle_plus_hor\"><\/span>\n<span class=\"cmsms_toggle_plus_vert\"><\/span>\n<\/span>\n<a href=\"#\">Elternabend Volksschulkinder<\/a>\n<\/div>\n<div class=\"cmsms_toggle\">\n<div class=\"cmsms_toggle_inner\">\n<ul>\n<li><a href=\"https:\/\/docs.google.com\/presentation\/d\/e\/2PACX-1vT-8nY7JGb1iS0u4fh984VesdfAN2AdddCgQVYfEKgEB120wY9MJUx35SRjKOGQOw\/pub?start=false&amp;loop=false&amp;delayms=3000\" target=\"_blank\" rel=\"noopener\">Pr\u00e4sentation f\u00fcr die Eltern der Volksschulkinder<\/a><\/li>\n<\/ul>\n<\/div>\n<\/div>\n<\/div><div class=\"cmsms_toggle_wrap\" data-tags=\"all \">\n<div class=\"cmsms_toggle_title\">\n<span class=\"cmsms_toggle_plus\">\n<span class=\"cmsms_toggle_plus_hor\"><\/span>\n<span class=\"cmsms_toggle_plus_vert\"><\/span>\n<\/span>\n<a href=\"#\">Teilnahme am Sportunterricht<\/a>\n<\/div>\n<div class=\"cmsms_toggle\">\n<div class=\"cmsms_toggle_inner\">\n<ul>\n<li><a href=\"https:\/\/www.bildung-noe.gv.at\/dam\/jcr:078542ac-ab1e-4977-9ff3-da11e0978a02\/Richtlinien%20f%C3%BCr%20die%20Teilnahme%20am%20UG%20BESP.PDF\" target=\"_blank\" rel=\"noopener\">Aussendung der Bildungsdirektion von 22.11.2021<\/a>.<\/li>\n<\/ul>\n<\/div>\n<\/div>\n<\/div><div class=\"cmsms_toggle_wrap\" data-tags=\"all \">\n<div class=\"cmsms_toggle_title\">\n<span class=\"cmsms_toggle_plus\">\n<span class=\"cmsms_toggle_plus_hor\"><\/span>\n<span class=\"cmsms_toggle_plus_vert\"><\/span>\n<\/span>\n<a href=\"#\">Nachmittagsunterricht<\/a>\n<\/div>\n<div class=\"cmsms_toggle\">\n<div class=\"cmsms_toggle_inner\">\n<ul>\n<li><a href=\"https:\/\/drive.google.com\/file\/d\/1E7f9mBbXaGHryiRkyOjTOEy3HpEC14mq\/view?usp=drive_link\" target=\"_blank\" rel=\"noopener\">Elterninformation<\/a><\/li>\n<li><a href=\"https:\/\/drive.google.com\/file\/d\/1E895LnO_jVhJnsXO8CCTWNVnzDebL_Qk\/view?usp=drive_link\" target=\"_blank\" rel=\"noopener\">Anmeldeformular<\/a><\/li>\n<\/ul>\n<\/div>\n<\/div>\n<\/div><\/div>\n<\/div>\n<\/div>\n<\/div>\n<\/div>\n<\/div>\n<\/div>\n\n","protected":false},"excerpt":{"rendered":"","protected":false},"author":14,"featured_media":0,"parent":50005,"menu_order":0,"comment_status":"closed","ping_status":"closed","template":"","meta":{"footnotes":""},"class_list":["post-51387","page","type-page","status-publish","hentry"],"_links":{"self":[{"href":"https:\/\/www.bgamstetten.ac.at\/index.php\/wp-json\/wp\/v2\/pages\/51387","targetHints":{"allow":["GET"]}}],"collection":[{"href":"https:\/\/www.bgamstetten.ac.at\/index.php\/wp-json\/wp\/v2\/pages"}],"about":[{"href":"https:\/\/www.bgamstetten.ac.at\/index.php\/wp-json\/wp\/v2\/types\/page"}],"author":[{"embeddable":true,"href":"https:\/\/www.bgamstetten.ac.at\/index.php\/wp-json\/wp\/v2\/users\/14"}],"replies":[{"embeddable":true,"href":"https:\/\/www.bgamstetten.ac.at\/index.php\/wp-json\/wp\/v2\/comments?post=51387"}],"version-history":[{"count":49,"href":"https:\/\/www.bgamstetten.ac.at\/index.php\/wp-json\/wp\/v2\/pages\/51387\/revisions"}],"predecessor-version":[{"id":60418,"href":"https:\/\/www.bgamstetten.ac.at\/index.php\/wp-json\/wp\/v2\/pages\/51387\/revisions\/60418"}],"up":[{"embeddable":true,"href":"https:\/\/www.bgamstetten.ac.at\/index.php\/wp-json\/wp\/v2\/pages\/50005"}],"wp:attachment":[{"href":"https:\/\/www.bgamstetten.ac.at\/index.php\/wp-json\/wp\/v2\/media?parent=51387"}],"curies":[{"name":"wp","href":"https:\/\/api.w.org\/{rel}","templated":true}]}}