{"id":51341,"date":"2022-09-11T09:48:56","date_gmt":"2022-09-11T07:48:56","guid":{"rendered":"https:\/\/www.bgamstetten.ac.at\/?page_id=51341"},"modified":"2022-09-11T09:50:42","modified_gmt":"2022-09-11T07:50:42","slug":"ecdl","status":"publish","type":"page","link":"https:\/\/www.bgamstetten.ac.at\/index.php\/ausbildung\/unverbindliche-uebungen\/ecdl\/","title":{"rendered":"ECDL"},"content":{"rendered":"<style type=\"text\/css\"><\/style><div class=\"maindiv\">\n<div class=\"leftdiv\"><div class=\"content_slider_wrap\" style=\"max-width:px;\">\n<script type=\"text\/javascript\">jQuery(document).ready(function () { jQuery(\"#cmsms_slider_69fc224ac172a.content_slider\").owlCarousel( { singleItem : true, transitionStyle: false, rewindSpeed : 1000, slideSpeed : 600, autoHeight : true, paginationSpeed : \t600, autoPlay : 5000,stopOnHover: true, navigationText : \t[ \"<span class=\\\"cmsms_prev_arrow\\\"><\/span>\", \"<span class=\\\"cmsms_next_arrow\\\"><\/span>\" ] } );} );<\/script>\n<div id=\"cmsms_slider_69fc224ac172a\" class=\"content_slider owl-carousel\">\n<div class=\"item\"><img decoding=\"async\" width=\"446\" height=\"161\" src=\"https:\/\/www.bgamstetten.ac.at\/wp-content\/uploads\/2022\/08\/ecdl.png\" class=\"attachment-full size-full\" alt=\"\" srcset=\"https:\/\/www.bgamstetten.ac.at\/wp-content\/uploads\/2022\/08\/ecdl.png 446w, https:\/\/www.bgamstetten.ac.at\/wp-content\/uploads\/2022\/08\/ecdl-300x108.png 300w\" sizes=\"(max-width: 446px) 100vw, 446px\" \/><\/div><div class=\"item\"><img decoding=\"async\" width=\"2275\" height=\"2560\" src=\"https:\/\/www.bgamstetten.ac.at\/wp-content\/uploads\/2022\/08\/20210525_102126-scaled-1.jpg\" class=\"attachment-full size-full\" alt=\"\" srcset=\"https:\/\/www.bgamstetten.ac.at\/wp-content\/uploads\/2022\/08\/20210525_102126-scaled-1.jpg 2275w, https:\/\/www.bgamstetten.ac.at\/wp-content\/uploads\/2022\/08\/20210525_102126-scaled-1-267x300.jpg 267w, https:\/\/www.bgamstetten.ac.at\/wp-content\/uploads\/2022\/08\/20210525_102126-scaled-1-910x1024.jpg 910w, https:\/\/www.bgamstetten.ac.at\/wp-content\/uploads\/2022\/08\/20210525_102126-scaled-1-768x864.jpg 768w, https:\/\/www.bgamstetten.ac.at\/wp-content\/uploads\/2022\/08\/20210525_102126-scaled-1-1365x1536.jpg 1365w, https:\/\/www.bgamstetten.ac.at\/wp-content\/uploads\/2022\/08\/20210525_102126-scaled-1-1820x2048.jpg 1820w, https:\/\/www.bgamstetten.ac.at\/wp-content\/uploads\/2022\/08\/20210525_102126-scaled-1-580x653.jpg 580w, https:\/\/www.bgamstetten.ac.at\/wp-content\/uploads\/2022\/08\/20210525_102126-scaled-1-820x923.jpg 820w, https:\/\/www.bgamstetten.ac.at\/wp-content\/uploads\/2022\/08\/20210525_102126-scaled-1-1160x1305.jpg 1160w\" sizes=\"(max-width: 2275px) 100vw, 2275px\" \/><\/div><div class=\"item\"><img decoding=\"async\" width=\"914\" height=\"736\" src=\"https:\/\/www.bgamstetten.ac.at\/wp-content\/uploads\/2022\/08\/ecdl_standard_module.png\" class=\"attachment-full size-full\" alt=\"\" srcset=\"https:\/\/www.bgamstetten.ac.at\/wp-content\/uploads\/2022\/08\/ecdl_standard_module.png 914w, https:\/\/www.bgamstetten.ac.at\/wp-content\/uploads\/2022\/08\/ecdl_standard_module-300x242.png 300w, https:\/\/www.bgamstetten.ac.at\/wp-content\/uploads\/2022\/08\/ecdl_standard_module-768x618.png 768w, https:\/\/www.bgamstetten.ac.at\/wp-content\/uploads\/2022\/08\/ecdl_standard_module-580x467.png 580w, https:\/\/www.bgamstetten.ac.at\/wp-content\/uploads\/2022\/08\/ecdl_standard_module-820x660.png 820w\" sizes=\"(max-width: 914px) 100vw, 914px\" \/><\/div><div class=\"item\"><img decoding=\"async\" width=\"715\" height=\"842\" src=\"https:\/\/www.bgamstetten.ac.at\/wp-content\/uploads\/2022\/08\/alle-module.png\" class=\"attachment-full size-full\" alt=\"\" srcset=\"https:\/\/www.bgamstetten.ac.at\/wp-content\/uploads\/2022\/08\/alle-module.png 715w, https:\/\/www.bgamstetten.ac.at\/wp-content\/uploads\/2022\/08\/alle-module-255x300.png 255w, https:\/\/www.bgamstetten.ac.at\/wp-content\/uploads\/2022\/08\/alle-module-580x683.png 580w\" sizes=\"(max-width: 715px) 100vw, 715px\" \/><\/div><div class=\"item\"><img decoding=\"async\" width=\"1697\" height=\"2372\" src=\"https:\/\/www.bgamstetten.ac.at\/wp-content\/uploads\/2022\/08\/20210630_101604.jpg\" class=\"attachment-full size-full\" alt=\"\" srcset=\"https:\/\/www.bgamstetten.ac.at\/wp-content\/uploads\/2022\/08\/20210630_101604.jpg 1697w, https:\/\/www.bgamstetten.ac.at\/wp-content\/uploads\/2022\/08\/20210630_101604-215x300.jpg 215w, https:\/\/www.bgamstetten.ac.at\/wp-content\/uploads\/2022\/08\/20210630_101604-733x1024.jpg 733w, https:\/\/www.bgamstetten.ac.at\/wp-content\/uploads\/2022\/08\/20210630_101604-768x1073.jpg 768w, https:\/\/www.bgamstetten.ac.at\/wp-content\/uploads\/2022\/08\/20210630_101604-1099x1536.jpg 1099w, https:\/\/www.bgamstetten.ac.at\/wp-content\/uploads\/2022\/08\/20210630_101604-1465x2048.jpg 1465w, https:\/\/www.bgamstetten.ac.at\/wp-content\/uploads\/2022\/08\/20210630_101604-580x811.jpg 580w, https:\/\/www.bgamstetten.ac.at\/wp-content\/uploads\/2022\/08\/20210630_101604-820x1146.jpg 820w, https:\/\/www.bgamstetten.ac.at\/wp-content\/uploads\/2022\/08\/20210630_101604-1160x1621.jpg 1160w\" sizes=\"(max-width: 1697px) 100vw, 1697px\" \/><\/div><\/div>\n<\/div>\n<\/div>\n<div class=\"rightdiv\">\n<p><strong>Nachmittag: (September bis Juni)<\/strong><br \/>\nDie unverbindliche \u00dcbung wird f\u00fcr die Sch\u00fclerinnen und Sch\u00fcler der 3. und 4. Klassen angeboten, die bereits mit dem <strong>ECDL-Computerf\u00fchrerschein<\/strong> begonnen haben und hier weiterarbeiten wollen.<br \/>\nJe nach Anmeldungen wird diese <strong>\u00dcbung 14-t\u00e4gig f\u00fcr 2 Einheiten (8. + 9. Stunde)<\/strong> stattfinden.<\/p>\n<p><strong>Inhalt:<\/strong><br \/>\nJede\/r Sch\u00fcler\/in kann sich in dieser Stunde<strong> individuell auf die ECDL Pr\u00fcfung vorbereiten<\/strong>.<br \/>\nECDL-Module: Computergrundladen, Onlinegrundlagen, Power Point \u2013 Pr\u00e4sentationstechnik, Word &#8211; Textverarbeitung, Excel \u2013 Tabellenkalkulation, IT-Security, Online Zusammenarbeit bzw. Bildbearbeitung mit GIMP.<br \/>\nEs werden <strong>Lernmaterialien zur Verf\u00fcgung gestellt<\/strong> und <strong>bei Fragen hilft die Lehrkraft<\/strong>.<\/p>\n<\/div>\n<\/div>\n","protected":false},"excerpt":{"rendered":"<p>Nachmittag: (September bis Juni) Die unverbindliche \u00dcbung wird f\u00fcr die Sch\u00fclerinnen und Sch\u00fcler der 3. und 4. Klassen angeboten, die bereits mit dem ECDL-Computerf\u00fchrerschein begonnen haben und hier weiterarbeiten wollen. Je nach Anmeldungen wird diese \u00dcbung 14-t\u00e4gig f\u00fcr 2 Einheiten (8. + 9. Stunde) stattfinden. Inhalt: Jede\/r Sch\u00fcler\/in kann sich in dieser Stunde individuell auf&#8230;<\/p>\n","protected":false},"author":14,"featured_media":0,"parent":471,"menu_order":0,"comment_status":"closed","ping_status":"closed","template":"","meta":{"footnotes":""},"class_list":["post-51341","page","type-page","status-publish","hentry"],"_links":{"self":[{"href":"https:\/\/www.bgamstetten.ac.at\/index.php\/wp-json\/wp\/v2\/pages\/51341","targetHints":{"allow":["GET"]}}],"collection":[{"href":"https:\/\/www.bgamstetten.ac.at\/index.php\/wp-json\/wp\/v2\/pages"}],"about":[{"href":"https:\/\/www.bgamstetten.ac.at\/index.php\/wp-json\/wp\/v2\/types\/page"}],"author":[{"embeddable":true,"href":"https:\/\/www.bgamstetten.ac.at\/index.php\/wp-json\/wp\/v2\/users\/14"}],"replies":[{"embeddable":true,"href":"https:\/\/www.bgamstetten.ac.at\/index.php\/wp-json\/wp\/v2\/comments?post=51341"}],"version-history":[{"count":3,"href":"https:\/\/www.bgamstetten.ac.at\/index.php\/wp-json\/wp\/v2\/pages\/51341\/revisions"}],"predecessor-version":[{"id":51344,"href":"https:\/\/www.bgamstetten.ac.at\/index.php\/wp-json\/wp\/v2\/pages\/51341\/revisions\/51344"}],"up":[{"embeddable":true,"href":"https:\/\/www.bgamstetten.ac.at\/index.php\/wp-json\/wp\/v2\/pages\/471"}],"wp:attachment":[{"href":"https:\/\/www.bgamstetten.ac.at\/index.php\/wp-json\/wp\/v2\/media?parent=51341"}],"curies":[{"name":"wp","href":"https:\/\/api.w.org\/{rel}","templated":true}]}}