{"id":51069,"date":"2022-08-11T10:08:18","date_gmt":"2022-08-11T08:08:18","guid":{"rendered":"https:\/\/www.bgamstetten.ac.at\/?page_id=51069"},"modified":"2022-08-11T10:08:18","modified_gmt":"2022-08-11T08:08:18","slug":"medizinvorbereitung","status":"publish","type":"page","link":"https:\/\/www.bgamstetten.ac.at\/index.php\/ausbildung\/unverbindliche-uebungen\/medizinvorbereitung\/","title":{"rendered":"Medizinvorbereitung"},"content":{"rendered":"<style type=\"text\/css\"><\/style><p>Diese \u00dcbung ist vor allem f\u00fcr jene in der <strong>7. und 8. Klasse<\/strong> gedacht, die den <strong>Aufnahmetest f\u00fcr das Medizinstudium<\/strong> machen wollen.<\/p>\n<p>Aber auch f\u00fcr Aufnahmepr\u00fcfungen mit <strong>Schwerpunkt Naturwissenschaften<\/strong> ist die \u00dcbung hilfreich.<\/p>\n<p>Der Schwerpunkt liegt darin, das Vorwissen \u00fcber die <strong>medizinrelevanten Grundlagenf\u00e4cher<\/strong>, insbesondere <strong>Biologie, Chemie, Physik<\/strong> und <strong>Mathematik<\/strong> zu festigen.<\/p>\n<p>Ein weiterer wichtiger Punkt wird das <strong>Schulen kognitiver F\u00e4higkeiten<\/strong> und <strong>Fertigkeiten<\/strong> (<strong>Zahlenfolgen, Ged\u00e4chtnis und Merkf\u00e4higkeit<\/strong>) sein. Jede Menge Tipps und Tricks, um derartige Tests gut bew\u00e4ltigen zu k\u00f6nnen, werden st\u00e4ndig einflie\u00dfen.<\/p>\n<p>Die \u00dcbung findet von Oktober bis Mai einmal pro Woche f\u00fcr 2 Einheiten statt.<\/p>\n","protected":false},"excerpt":{"rendered":"<p>Diese \u00dcbung ist vor allem f\u00fcr jene in der 7. und 8. Klasse gedacht, die den Aufnahmetest f\u00fcr das Medizinstudium machen wollen. Aber auch f\u00fcr Aufnahmepr\u00fcfungen mit Schwerpunkt Naturwissenschaften ist die \u00dcbung hilfreich. Der Schwerpunkt liegt darin, das Vorwissen \u00fcber die medizinrelevanten Grundlagenf\u00e4cher, insbesondere Biologie, Chemie, Physik und Mathematik zu festigen. Ein weiterer wichtiger Punkt&#8230;<\/p>\n","protected":false},"author":1,"featured_media":0,"parent":471,"menu_order":0,"comment_status":"closed","ping_status":"closed","template":"","meta":{"footnotes":""},"class_list":["post-51069","page","type-page","status-publish","hentry"],"_links":{"self":[{"href":"https:\/\/www.bgamstetten.ac.at\/index.php\/wp-json\/wp\/v2\/pages\/51069","targetHints":{"allow":["GET"]}}],"collection":[{"href":"https:\/\/www.bgamstetten.ac.at\/index.php\/wp-json\/wp\/v2\/pages"}],"about":[{"href":"https:\/\/www.bgamstetten.ac.at\/index.php\/wp-json\/wp\/v2\/types\/page"}],"author":[{"embeddable":true,"href":"https:\/\/www.bgamstetten.ac.at\/index.php\/wp-json\/wp\/v2\/users\/1"}],"replies":[{"embeddable":true,"href":"https:\/\/www.bgamstetten.ac.at\/index.php\/wp-json\/wp\/v2\/comments?post=51069"}],"version-history":[{"count":1,"href":"https:\/\/www.bgamstetten.ac.at\/index.php\/wp-json\/wp\/v2\/pages\/51069\/revisions"}],"predecessor-version":[{"id":51070,"href":"https:\/\/www.bgamstetten.ac.at\/index.php\/wp-json\/wp\/v2\/pages\/51069\/revisions\/51070"}],"up":[{"embeddable":true,"href":"https:\/\/www.bgamstetten.ac.at\/index.php\/wp-json\/wp\/v2\/pages\/471"}],"wp:attachment":[{"href":"https:\/\/www.bgamstetten.ac.at\/index.php\/wp-json\/wp\/v2\/media?parent=51069"}],"curies":[{"name":"wp","href":"https:\/\/api.w.org\/{rel}","templated":true}]}}