{"id":51065,"date":"2022-08-11T10:03:57","date_gmt":"2022-08-11T08:03:57","guid":{"rendered":"https:\/\/www.bgamstetten.ac.at\/?page_id=51065"},"modified":"2023-09-27T22:26:25","modified_gmt":"2023-09-27T20:26:25","slug":"tennis","status":"publish","type":"page","link":"https:\/\/www.bgamstetten.ac.at\/index.php\/ausbildung\/unverbindliche-uebungen\/tennis\/","title":{"rendered":"Tennis"},"content":{"rendered":"<style type=\"text\/css\"><\/style><p>Die unverbindliche \u00dcbung <strong>Tennis<\/strong> wird f\u00fcr <strong>Sch\u00fclerinnen und Sch\u00fcler der 1. &#8211; 6. Klassen<\/strong> angeboten, welche im Tennissport zu den <strong>Fortgeschrittenen<\/strong> z\u00e4hlen <strong>(bitte keine Tennisanf\u00e4nger)<\/strong> und schon <strong>mind. im Green Court<\/strong> (normales Spielfeld mit gr\u00fcnen Methodikb\u00e4llen) miteinander spielen k\u00f6nnen.<\/p>\n<p>F\u00fcr Erstkl\u00e4ssler gilt dieses Angebot nur, wenn sie bereits \u00fcber sehr gute Spielst\u00e4rke, Meisterschafts bzw. Turniererfahrung verf\u00fcgen.<\/p>\n<p>Trainiert wird in <strong>Amstetten<\/strong> (<strong>Halle und Freiplatz, + 2. Trainer von der taftennis academy<\/strong>), wodurch ein bestimmter Unkostenbeitrag zu bezahlen ist. Dieser richtet sich nach der Anzahl der Gesamtteilnehmer.<\/p>\n<p>Die verbindliche Anmeldung erfolgt jedoch schon im September, da die Hallenpl\u00e4tze und der 2. Trainer schon im Vorhinein fix reserviert werden m\u00fcssen!<\/p>\n<p>Gespielt wird immer montags nach der Mittagspause (8.\/9. Stunde, d.h. 13:30 15.10 Uhr).<br \/>\nWeitere Details dazu werden noch von Trainer <strong>Mag. Stefan Krimm<\/strong> bekannt gegeben.<\/p>\n","protected":false},"excerpt":{"rendered":"<p>Die unverbindliche \u00dcbung Tennis wird f\u00fcr Sch\u00fclerinnen und Sch\u00fcler der 1. &#8211; 6. Klassen angeboten, welche im Tennissport zu den Fortgeschrittenen z\u00e4hlen (bitte keine Tennisanf\u00e4nger) und schon mind. im Green Court (normales Spielfeld mit gr\u00fcnen Methodikb\u00e4llen) miteinander spielen k\u00f6nnen. F\u00fcr Erstkl\u00e4ssler gilt dieses Angebot nur, wenn sie bereits \u00fcber sehr gute Spielst\u00e4rke, Meisterschafts bzw. Turniererfahrung&#8230;<\/p>\n","protected":false},"author":1,"featured_media":0,"parent":471,"menu_order":0,"comment_status":"closed","ping_status":"closed","template":"","meta":{"footnotes":""},"class_list":["post-51065","page","type-page","status-publish","hentry"],"_links":{"self":[{"href":"https:\/\/www.bgamstetten.ac.at\/index.php\/wp-json\/wp\/v2\/pages\/51065","targetHints":{"allow":["GET"]}}],"collection":[{"href":"https:\/\/www.bgamstetten.ac.at\/index.php\/wp-json\/wp\/v2\/pages"}],"about":[{"href":"https:\/\/www.bgamstetten.ac.at\/index.php\/wp-json\/wp\/v2\/types\/page"}],"author":[{"embeddable":true,"href":"https:\/\/www.bgamstetten.ac.at\/index.php\/wp-json\/wp\/v2\/users\/1"}],"replies":[{"embeddable":true,"href":"https:\/\/www.bgamstetten.ac.at\/index.php\/wp-json\/wp\/v2\/comments?post=51065"}],"version-history":[{"count":2,"href":"https:\/\/www.bgamstetten.ac.at\/index.php\/wp-json\/wp\/v2\/pages\/51065\/revisions"}],"predecessor-version":[{"id":54123,"href":"https:\/\/www.bgamstetten.ac.at\/index.php\/wp-json\/wp\/v2\/pages\/51065\/revisions\/54123"}],"up":[{"embeddable":true,"href":"https:\/\/www.bgamstetten.ac.at\/index.php\/wp-json\/wp\/v2\/pages\/471"}],"wp:attachment":[{"href":"https:\/\/www.bgamstetten.ac.at\/index.php\/wp-json\/wp\/v2\/media?parent=51065"}],"curies":[{"name":"wp","href":"https:\/\/api.w.org\/{rel}","templated":true}]}}