{"id":51048,"date":"2022-08-11T09:46:40","date_gmt":"2022-08-11T07:46:40","guid":{"rendered":"https:\/\/www.bgamstetten.ac.at\/?page_id=51048"},"modified":"2022-09-11T09:38:51","modified_gmt":"2022-09-11T07:38:51","slug":"volleyball","status":"publish","type":"page","link":"https:\/\/www.bgamstetten.ac.at\/index.php\/ausbildung\/unverbindliche-uebungen\/volleyball\/","title":{"rendered":"Volleyball"},"content":{"rendered":"<style type=\"text\/css\"><\/style><div class=\"maindiv\">\n<div class=\"leftdiv\"><div class=\"content_slider_wrap\" style=\"max-width:px;\">\n<script type=\"text\/javascript\">jQuery(document).ready(function () { jQuery(\"#cmsms_slider_69e199fe5e3ab.content_slider\").owlCarousel( { singleItem : true, transitionStyle: false, rewindSpeed : 1000, slideSpeed : 600, autoHeight : true, paginationSpeed : \t600, autoPlay : 5000,stopOnHover: true, navigationText : \t[ \"<span class=\\\"cmsms_prev_arrow\\\"><\/span>\", \"<span class=\\\"cmsms_next_arrow\\\"><\/span>\" ] } );} );<\/script>\n<div id=\"cmsms_slider_69e199fe5e3ab\" class=\"content_slider owl-carousel\">\n<div class=\"item\"><img decoding=\"async\" width=\"1000\" height=\"750\" src=\"https:\/\/www.bgamstetten.ac.at\/wp-content\/uploads\/2022\/08\/Bundermeister_8.jpg\" class=\"attachment-full size-full\" alt=\"\" srcset=\"https:\/\/www.bgamstetten.ac.at\/wp-content\/uploads\/2022\/08\/Bundermeister_8.jpg 1000w, https:\/\/www.bgamstetten.ac.at\/wp-content\/uploads\/2022\/08\/Bundermeister_8-300x225.jpg 300w, https:\/\/www.bgamstetten.ac.at\/wp-content\/uploads\/2022\/08\/Bundermeister_8-768x576.jpg 768w, https:\/\/www.bgamstetten.ac.at\/wp-content\/uploads\/2022\/08\/Bundermeister_8-580x435.jpg 580w, https:\/\/www.bgamstetten.ac.at\/wp-content\/uploads\/2022\/08\/Bundermeister_8-820x615.jpg 820w\" sizes=\"(max-width: 1000px) 100vw, 1000px\" \/><\/div><div class=\"item\"><img decoding=\"async\" width=\"1000\" height=\"667\" src=\"https:\/\/www.bgamstetten.ac.at\/wp-content\/uploads\/2022\/08\/Bundermeister_5.jpg\" class=\"attachment-full size-full\" alt=\"\" srcset=\"https:\/\/www.bgamstetten.ac.at\/wp-content\/uploads\/2022\/08\/Bundermeister_5.jpg 1000w, https:\/\/www.bgamstetten.ac.at\/wp-content\/uploads\/2022\/08\/Bundermeister_5-300x200.jpg 300w, https:\/\/www.bgamstetten.ac.at\/wp-content\/uploads\/2022\/08\/Bundermeister_5-768x512.jpg 768w, https:\/\/www.bgamstetten.ac.at\/wp-content\/uploads\/2022\/08\/Bundermeister_5-580x387.jpg 580w, https:\/\/www.bgamstetten.ac.at\/wp-content\/uploads\/2022\/08\/Bundermeister_5-820x547.jpg 820w\" sizes=\"(max-width: 1000px) 100vw, 1000px\" \/><\/div><div class=\"item\"><img decoding=\"async\" width=\"750\" height=\"1000\" src=\"https:\/\/www.bgamstetten.ac.at\/wp-content\/uploads\/2022\/08\/Bundermeister_4.jpg\" class=\"attachment-full size-full\" alt=\"\" srcset=\"https:\/\/www.bgamstetten.ac.at\/wp-content\/uploads\/2022\/08\/Bundermeister_4.jpg 750w, https:\/\/www.bgamstetten.ac.at\/wp-content\/uploads\/2022\/08\/Bundermeister_4-225x300.jpg 225w, https:\/\/www.bgamstetten.ac.at\/wp-content\/uploads\/2022\/08\/Bundermeister_4-580x773.jpg 580w\" sizes=\"(max-width: 750px) 100vw, 750px\" \/><\/div><div class=\"item\"><img decoding=\"async\" width=\"667\" height=\"1000\" src=\"https:\/\/www.bgamstetten.ac.at\/wp-content\/uploads\/2022\/08\/Bundermeister_2.jpg\" class=\"attachment-full size-full\" alt=\"\" srcset=\"https:\/\/www.bgamstetten.ac.at\/wp-content\/uploads\/2022\/08\/Bundermeister_2.jpg 667w, https:\/\/www.bgamstetten.ac.at\/wp-content\/uploads\/2022\/08\/Bundermeister_2-200x300.jpg 200w, https:\/\/www.bgamstetten.ac.at\/wp-content\/uploads\/2022\/08\/Bundermeister_2-580x870.jpg 580w\" sizes=\"(max-width: 667px) 100vw, 667px\" \/><\/div><div class=\"item\"><img decoding=\"async\" width=\"2560\" height=\"1699\" src=\"https:\/\/www.bgamstetten.ac.at\/wp-content\/uploads\/2022\/08\/DSC09620-scaled.jpg\" class=\"attachment-full size-full\" alt=\"\" srcset=\"https:\/\/www.bgamstetten.ac.at\/wp-content\/uploads\/2022\/08\/DSC09620-scaled.jpg 2560w, https:\/\/www.bgamstetten.ac.at\/wp-content\/uploads\/2022\/08\/DSC09620-300x199.jpg 300w, https:\/\/www.bgamstetten.ac.at\/wp-content\/uploads\/2022\/08\/DSC09620-1024x680.jpg 1024w, https:\/\/www.bgamstetten.ac.at\/wp-content\/uploads\/2022\/08\/DSC09620-768x510.jpg 768w, https:\/\/www.bgamstetten.ac.at\/wp-content\/uploads\/2022\/08\/DSC09620-1536x1019.jpg 1536w, https:\/\/www.bgamstetten.ac.at\/wp-content\/uploads\/2022\/08\/DSC09620-2048x1359.jpg 2048w, https:\/\/www.bgamstetten.ac.at\/wp-content\/uploads\/2022\/08\/DSC09620-580x385.jpg 580w, https:\/\/www.bgamstetten.ac.at\/wp-content\/uploads\/2022\/08\/DSC09620-820x544.jpg 820w, https:\/\/www.bgamstetten.ac.at\/wp-content\/uploads\/2022\/08\/DSC09620-1160x770.jpg 1160w\" sizes=\"(max-width: 2560px) 100vw, 2560px\" \/><\/div><div class=\"item\"><img decoding=\"async\" width=\"2560\" height=\"1699\" src=\"https:\/\/www.bgamstetten.ac.at\/wp-content\/uploads\/2022\/08\/DSC09622-scaled.jpg\" class=\"attachment-full size-full\" alt=\"\" srcset=\"https:\/\/www.bgamstetten.ac.at\/wp-content\/uploads\/2022\/08\/DSC09622-scaled.jpg 2560w, https:\/\/www.bgamstetten.ac.at\/wp-content\/uploads\/2022\/08\/DSC09622-300x199.jpg 300w, https:\/\/www.bgamstetten.ac.at\/wp-content\/uploads\/2022\/08\/DSC09622-1024x680.jpg 1024w, https:\/\/www.bgamstetten.ac.at\/wp-content\/uploads\/2022\/08\/DSC09622-768x510.jpg 768w, https:\/\/www.bgamstetten.ac.at\/wp-content\/uploads\/2022\/08\/DSC09622-1536x1019.jpg 1536w, https:\/\/www.bgamstetten.ac.at\/wp-content\/uploads\/2022\/08\/DSC09622-2048x1359.jpg 2048w, https:\/\/www.bgamstetten.ac.at\/wp-content\/uploads\/2022\/08\/DSC09622-580x385.jpg 580w, https:\/\/www.bgamstetten.ac.at\/wp-content\/uploads\/2022\/08\/DSC09622-820x544.jpg 820w, https:\/\/www.bgamstetten.ac.at\/wp-content\/uploads\/2022\/08\/DSC09622-1160x770.jpg 1160w\" sizes=\"(max-width: 2560px) 100vw, 2560px\" \/><\/div><div class=\"item\"><img decoding=\"async\" width=\"2560\" height=\"1699\" src=\"https:\/\/www.bgamstetten.ac.at\/wp-content\/uploads\/2022\/08\/DSC09583-scaled.jpg\" class=\"attachment-full size-full\" alt=\"\" srcset=\"https:\/\/www.bgamstetten.ac.at\/wp-content\/uploads\/2022\/08\/DSC09583-scaled.jpg 2560w, https:\/\/www.bgamstetten.ac.at\/wp-content\/uploads\/2022\/08\/DSC09583-300x199.jpg 300w, https:\/\/www.bgamstetten.ac.at\/wp-content\/uploads\/2022\/08\/DSC09583-1024x680.jpg 1024w, https:\/\/www.bgamstetten.ac.at\/wp-content\/uploads\/2022\/08\/DSC09583-768x510.jpg 768w, https:\/\/www.bgamstetten.ac.at\/wp-content\/uploads\/2022\/08\/DSC09583-1536x1019.jpg 1536w, https:\/\/www.bgamstetten.ac.at\/wp-content\/uploads\/2022\/08\/DSC09583-2048x1359.jpg 2048w, https:\/\/www.bgamstetten.ac.at\/wp-content\/uploads\/2022\/08\/DSC09583-580x385.jpg 580w, https:\/\/www.bgamstetten.ac.at\/wp-content\/uploads\/2022\/08\/DSC09583-820x544.jpg 820w, https:\/\/www.bgamstetten.ac.at\/wp-content\/uploads\/2022\/08\/DSC09583-1160x770.jpg 1160w\" sizes=\"(max-width: 2560px) 100vw, 2560px\" \/><\/div><div class=\"item\"><img decoding=\"async\" width=\"2560\" height=\"1699\" src=\"https:\/\/www.bgamstetten.ac.at\/wp-content\/uploads\/2022\/08\/DSC09624-scaled.jpg\" class=\"attachment-full size-full\" alt=\"\" srcset=\"https:\/\/www.bgamstetten.ac.at\/wp-content\/uploads\/2022\/08\/DSC09624-scaled.jpg 2560w, https:\/\/www.bgamstetten.ac.at\/wp-content\/uploads\/2022\/08\/DSC09624-300x199.jpg 300w, https:\/\/www.bgamstetten.ac.at\/wp-content\/uploads\/2022\/08\/DSC09624-1024x680.jpg 1024w, https:\/\/www.bgamstetten.ac.at\/wp-content\/uploads\/2022\/08\/DSC09624-768x510.jpg 768w, https:\/\/www.bgamstetten.ac.at\/wp-content\/uploads\/2022\/08\/DSC09624-1536x1019.jpg 1536w, https:\/\/www.bgamstetten.ac.at\/wp-content\/uploads\/2022\/08\/DSC09624-2048x1359.jpg 2048w, https:\/\/www.bgamstetten.ac.at\/wp-content\/uploads\/2022\/08\/DSC09624-580x385.jpg 580w, https:\/\/www.bgamstetten.ac.at\/wp-content\/uploads\/2022\/08\/DSC09624-820x544.jpg 820w, https:\/\/www.bgamstetten.ac.at\/wp-content\/uploads\/2022\/08\/DSC09624-1160x770.jpg 1160w\" sizes=\"(max-width: 2560px) 100vw, 2560px\" \/><\/div><\/div>\n<\/div>\n<\/div>\n<div class=\"rightdiv\">\n<p>Der <strong>VCA Amstetten<\/strong> ist seit Jahren fester <strong>Bestandteil und Kooperationspartner unserer Schule<\/strong>. Im Zuge dieser Partnerschaft betreuen hauptamtliche <strong>Trainer und \u00dcbungsleiter des VCA Amstetten<\/strong> die von der Schule angebotene unverbindliche \u00dcbung Volleyball.In der Unterstufe werden <strong>zwei Trainingseinheiten pro Woche<\/strong> und in der <strong>Oberstufe eine Trainingseinheit pro Woche<\/strong> angeboten. Durch diese Kooperation wurden schon mehrere <strong>Meistertitel bei Landesmeisterschaften<\/strong> der Schulen in Nieder\u00f6sterreich errungen und 2010 sowie 2017 konnte sogar der <strong>Titel bei den \u00f6sterreichischen Bundesmeisterschaften<\/strong> gewonnen werden.<\/p>\n<p>Wer \u00fcber die unverbindlichen \u00dcbungen in der Schule hinaus noch mehr Volleyball spielen m\u00f6chte, ist jederzeit beim Vereinstraining des VCA Amstetten herzlich willkommen.<\/p>\n<p>Mehr dazu findet man auf der <a href=\"http:\/\/www.vca.at\" target=\"_blank\" rel=\"noopener\">Homepage des VCA<\/a>.<\/p>\n<p><strong>Termine: <\/strong><\/p>\n<p>Oberstufe Dienstag 15:20-17:00<\/p>\n<p>Unterstufe Freitag 13:30 &#8211; 15:00 &amp; Samstag 10:00 &#8211; 11:30<\/p>\n<\/div>\n<\/div>\n","protected":false},"excerpt":{"rendered":"<p>Der VCA Amstetten ist seit Jahren fester Bestandteil und Kooperationspartner unserer Schule. Im Zuge dieser Partnerschaft betreuen hauptamtliche Trainer und \u00dcbungsleiter des VCA Amstetten die von der Schule angebotene unverbindliche \u00dcbung Volleyball.In der Unterstufe werden zwei Trainingseinheiten pro Woche und in der Oberstufe eine Trainingseinheit pro Woche angeboten. Durch diese Kooperation wurden schon mehrere Meistertitel&#8230;<\/p>\n","protected":false},"author":1,"featured_media":0,"parent":471,"menu_order":0,"comment_status":"closed","ping_status":"closed","template":"","meta":{"footnotes":""},"class_list":["post-51048","page","type-page","status-publish","hentry"],"_links":{"self":[{"href":"https:\/\/www.bgamstetten.ac.at\/index.php\/wp-json\/wp\/v2\/pages\/51048","targetHints":{"allow":["GET"]}}],"collection":[{"href":"https:\/\/www.bgamstetten.ac.at\/index.php\/wp-json\/wp\/v2\/pages"}],"about":[{"href":"https:\/\/www.bgamstetten.ac.at\/index.php\/wp-json\/wp\/v2\/types\/page"}],"author":[{"embeddable":true,"href":"https:\/\/www.bgamstetten.ac.at\/index.php\/wp-json\/wp\/v2\/users\/1"}],"replies":[{"embeddable":true,"href":"https:\/\/www.bgamstetten.ac.at\/index.php\/wp-json\/wp\/v2\/comments?post=51048"}],"version-history":[{"count":4,"href":"https:\/\/www.bgamstetten.ac.at\/index.php\/wp-json\/wp\/v2\/pages\/51048\/revisions"}],"predecessor-version":[{"id":51340,"href":"https:\/\/www.bgamstetten.ac.at\/index.php\/wp-json\/wp\/v2\/pages\/51048\/revisions\/51340"}],"up":[{"embeddable":true,"href":"https:\/\/www.bgamstetten.ac.at\/index.php\/wp-json\/wp\/v2\/pages\/471"}],"wp:attachment":[{"href":"https:\/\/www.bgamstetten.ac.at\/index.php\/wp-json\/wp\/v2\/media?parent=51048"}],"curies":[{"name":"wp","href":"https:\/\/api.w.org\/{rel}","templated":true}]}}