{"id":50523,"date":"2022-08-03T17:25:39","date_gmt":"2022-08-03T15:25:39","guid":{"rendered":"https:\/\/www.bgamstetten.ac.at\/?page_id=50523"},"modified":"2026-03-10T10:59:56","modified_gmt":"2026-03-10T09:59:56","slug":"ansprechpersonen","status":"publish","type":"page","link":"https:\/\/www.bgamstetten.ac.at\/index.php\/kontakt\/ansprechpersonen\/","title":{"rendered":"Ansprechpersonen"},"content":{"rendered":"<style type=\"text\/css\"> \n#cmsms_row_69e18d6fea0e1 .cmsms_row_outer_parent { \n\tpadding-top: 30px; \n} \n\n#cmsms_row_69e18d6fea0e1 .cmsms_row_outer_parent { \n\tpadding-bottom: 50px; \n} \n\n \n#cmsms_icon_69e18d6fead60 { \n\tdisplay:inline-block; } \n\n#cmsms_icon_69e18d6fead60 span { \n\tfont-size:20px; \n\tline-height:20px; } \n \n#cmsms_icon_69e18d6feadb6 { \n\tdisplay:inline-block; } \n\n#cmsms_icon_69e18d6feadb6 span { \n\tfont-size:20px; \n\tline-height:20px; } \n \n#cmsms_icon_69e18d6feade8 { \n\tdisplay:inline-block; } \n\n#cmsms_icon_69e18d6feade8 span { \n\tfont-size:20px; \n\tline-height:20px; } \n \n#cmsms_icon_69e18d6feafbf { \n\tdisplay:inline-block; } \n\n#cmsms_icon_69e18d6feafbf span { \n\tfont-size:20px; \n\tline-height:20px; } \n \n#cmsms_icon_69e18d6feaffd { \n\tdisplay:inline-block; } \n\n#cmsms_icon_69e18d6feaffd span { \n\tfont-size:20px; \n\tline-height:20px; } \n \n#cmsms_icon_69e18d6feb02f { \n\tdisplay:inline-block; } \n\n#cmsms_icon_69e18d6feb02f span { \n\tcolor:#872828; color:rgba(135, 40, 40, 1);\n\tfont-size:20px; \n\tline-height:20px; } \n \n#cmsms_icon_69e18d6feb070 { \n\tdisplay:inline-block; } \n\n#cmsms_icon_69e18d6feb070 span { \n\tcolor:#872828; color:rgba(135, 40, 40, 1);\n\tfont-size:20px; \n\tline-height:20px; } \n \n#cmsms_icon_69e18d6feb091 { \n\tdisplay:inline-block; } \n\n#cmsms_icon_69e18d6feb091 span { \n\tcolor:#872828; color:rgba(135, 40, 40, 1);\n\tfont-size:20px; \n\tline-height:20px; } \n \n#cmsms_icon_69e18d6feb2be { \n\tdisplay:inline-block; } \n\n#cmsms_icon_69e18d6feb2be span { \n\tfont-size:20px; \n\tline-height:20px; } \n \n#cmsms_icon_69e18d6feb2da { \n\tdisplay:inline-block; } \n\n#cmsms_icon_69e18d6feb2da span { \n\tfont-size:20px; \n\tline-height:20px; } \n \n#cmsms_icon_69e18d6feb2f0 { \n\tdisplay:inline-block; } \n\n#cmsms_icon_69e18d6feb2f0 span { \n\tfont-size:20px; \n\tline-height:20px; } \n \n#cmsms_icon_69e18d6feb58d { \n\tdisplay:inline-block; } \n\n#cmsms_icon_69e18d6feb58d span { \n\tfont-size:20px; \n\tline-height:20px; } \n \n#cmsms_icon_69e18d6feb5c9 { \n\tdisplay:inline-block; } \n\n#cmsms_icon_69e18d6feb5c9 span { \n\tfont-size:20px; \n\tline-height:20px; } \n \n#cmsms_icon_69e18d6feb5df { \n\tdisplay:inline-block; } \n\n#cmsms_icon_69e18d6feb5df span { \n\tfont-size:20px; \n\tline-height:20px; } \n \n#cmsms_icon_69e18d6feb60e { \n\tdisplay:inline-block; } \n\n#cmsms_icon_69e18d6feb60e span { \n\tfont-size:20px; \n\tline-height:20px; } \n \n#cmsms_icon_69e18d6feb622 { \n\tdisplay:inline-block; } \n\n#cmsms_icon_69e18d6feb622 span { \n\tfont-size:20px; \n\tline-height:20px; } \n \n#cmsms_icon_69e18d6feb64e { \n\tdisplay:inline-block; } \n\n#cmsms_icon_69e18d6feb64e span { \n\tfont-size:20px; \n\tline-height:20px; } \n \n#cmsms_icon_69e18d6feb7ea { \n\tdisplay:inline-block; } \n\n#cmsms_icon_69e18d6feb7ea span { \n\tfont-size:20px; \n\tline-height:20px; } \n \n#cmsms_icon_69e18d6feb825 { \n\tdisplay:inline-block; } \n\n#cmsms_icon_69e18d6feb825 span { \n\tfont-size:20px; \n\tline-height:20px; } \n \n#cmsms_icon_69e18d6feb83c { \n\tdisplay:inline-block; } \n\n#cmsms_icon_69e18d6feb83c span { \n\tfont-size:20px; \n\tline-height:20px; } \n \n#cmsms_icon_69e18d6feb86a { \n\tdisplay:inline-block; } \n\n#cmsms_icon_69e18d6feb86a span { \n\tfont-size:20px; \n\tline-height:20px; } \n<\/style><div id=\"cmsms_row_69e18d6fea0e1\" class=\"cmsms_row cmsms_color_scheme_default\">\n<div class=\"cmsms_row_outer_parent\">\n<div class=\"cmsms_row_outer\">\n<div class=\"cmsms_row_inner\">\n<div class=\"cmsms_row_margin\">\n<div class=\"cmsms_column one_first\">\n<div class=\"cmsms_toggles toggles_mode_accordion\">\n<div class=\"cmsms_toggle_wrap\" data-tags=\"all \">\n<div class=\"cmsms_toggle_title\">\n<span class=\"cmsms_toggle_plus\">\n<span class=\"cmsms_toggle_plus_hor\"><\/span>\n<span class=\"cmsms_toggle_plus_vert\"><\/span>\n<\/span>\n<a href=\"#\">Administration<\/a>\n<\/div>\n<div class=\"cmsms_toggle\">\n<div class=\"cmsms_toggle_inner\">\n<p>In Bezug auf\u00a0<strong>schulorganisatorische Anfragen<\/strong> wenden Sie sich bitte an den Administrator.<\/p>\n<div><strong><img decoding=\"async\" class=\"alignleft size-full wp-image-50046\" style=\"border-radius: 20px;\" src=\"https:\/\/www.bgamstetten.ac.at\/wp-content\/uploads\/2025\/11\/HASMA.jpg\" alt=\"\" width=\"250\" height=\"350\" \/><\/strong><\/div>\n<div class=\"ads_page\" style=\"display: inline-block;\">\n<h4 style=\"display: block;\">MMag. Matthias Haslauer<\/h4>\n\n<div id=\"cmsms_icon_69e18d6fead60\" class=\"icon_wrap\"><a href=\"tel:+43747262903120\"><span id=\"cmsms_icon_69e18d6fead60\" class=\"cmsms_simple_icon cmsms-icon-phone\"><\/span><\/a><\/div>\n <a style=\"font-size: 10pt; display: inline-block; padding-bottom: 10px;\" href=\"tel:+43747262903-120\">+43 7472\/62903-120<\/a><\/p>\n<div class=\"custom_html\">\n<\/div>\n\n<div id=\"cmsms_icon_69e18d6feadb6\" class=\"icon_wrap\"><a href=\"mailto:admin@am-gym.at\"><span id=\"cmsms_icon_69e18d6feadb6\" class=\"cmsms_simple_icon cmsms-icon-mail-alt\"><\/span><\/a><\/div>\n\u00a0 <a style=\"font-size: 10pt; display: inline-block; padding-bottom: 10px;\" title=\"E-Mail verfassen an ...\" href=\"mailto:admin@am-gym.at\">admin@am-gym.at<\/a><\/p>\n<div class=\"custom_html\">\n<\/div>\n\n<div id=\"cmsms_icon_69e18d6feade8\" class=\"icon_wrap\"><a href=\"https:\/\/nete.webuntis.com\/WebUntis\/?school=BG_Amstetten#\/basic\/officehours\" target=\"_blank\" rel=\"noopener\"><span id=\"cmsms_icon_69e18d6feade8\" class=\"cmsms_simple_icon cmsms-icon-chat-empty\"><\/span><\/a><\/div>\n \u00a0\u00a0<a style=\"font-size: 10pt; display: inline-block; padding-bottom: 10px;\" title=\"Aktuelle Sprechstundenliste \u00f6ffnen ...\" href=\"https:\/\/nete.webuntis.com\/WebUntis\/?school=BG_Amstetten#\/basic\/officehours\" target=\"_blank\" rel=\"noopener noreferrer\">Sprechstunde<\/a><\/p>\n<\/div>\n<\/div>\n<\/div>\n<\/div><div class=\"cmsms_toggle_wrap\" data-tags=\"all \">\n<div class=\"cmsms_toggle_title\">\n<span class=\"cmsms_toggle_plus\">\n<span class=\"cmsms_toggle_plus_hor\"><\/span>\n<span class=\"cmsms_toggle_plus_vert\"><\/span>\n<\/span>\n<a href=\"#\">Direktion<\/a>\n<\/div>\n<div class=\"cmsms_toggle\">\n<div class=\"cmsms_toggle_inner\">\n<p><strong>Werte LeserInnen!<\/strong><\/p>\n<p>Als Direktor des BG\/BRG Amstetten m\u00f6chte ich Sie auf diesem Weg herzlich als LeserInnen dieser Homepage begr\u00fc\u00dfen.<\/p>\n<div style=\"display: inline;\"><img decoding=\"async\" class=\"wp-image-2540 alignleft\" style=\"border-radius: 20px;\" src=\"https:\/\/www.bgamstetten.ac.at\/wp-content\/uploads\/2025\/11\/SPRJO.jpg\" alt=\"jspreitz1\" width=\"250\" height=\"350\" \/><\/div>\n<div style=\"display: inline-block; max-width: 400px;\">\n<h4 class=\"class=\"><strong>Dir. Mag. Josef Spreitz<\/strong><\/h4>\n\n<div id=\"cmsms_icon_69e18d6feafbf\" class=\"icon_wrap\"><a href=\"tel:+43747262903\"><span id=\"cmsms_icon_69e18d6feafbf\" class=\"cmsms_simple_icon cmsms-icon-phone\"><\/span><\/a><\/div>\n <a style=\"font-size: 10pt; display: inline-block; padding-bottom: 10px;\" href=\"tel:+43747262903\">+43 7472\/62903<\/a><\/p>\n<div class=\"custom_html\">\n<\/div>\n\n<div id=\"cmsms_icon_69e18d6feaffd\" class=\"icon_wrap\"><a href=\"mailto:josef.spreitz@am-gym.at\"><span id=\"cmsms_icon_69e18d6feaffd\" class=\"cmsms_simple_icon cmsms-icon-mail-alt\"><\/span><\/a><\/div>\n <a style=\"font-size: 10pt; display: inline-block; padding-bottom: 10px;\" href=\"mailto:josef.spreitz@am-gym.at\">josef.spreitz@am-gym.at<\/a><\/p>\n<div class=\"custom_html\">\n<\/div>\n\n<div id=\"cmsms_icon_69e18d6feb02f\" class=\"icon_wrap\"><span id=\"cmsms_icon_69e18d6feb02f\" class=\"cmsms_simple_icon cmsms-icon-chat\"><\/span><\/div>\n <span style=\"font-size: 10pt; display: inline-block; padding-bottom: 10px; color: #872828;\"> pers\u00f6nlich nach Vereinbarung<\/span><\/p>\n<div class=\"custom_html\">\n<\/div>\n\n<div id=\"cmsms_icon_69e18d6feb070\" class=\"icon_wrap\"><span id=\"cmsms_icon_69e18d6feb070\" class=\"cmsms_simple_icon cmsms-icon-comment\"><\/span><\/div>\n <span style=\"font-size: 10pt; display: inline-block; padding-bottom: 10px; color: #872828;\"> Lieblingszitat <\/span><\/p>\n<div style=\"font-size: 10pt; display: flow-root; padding-left: 35px;\"><em>\u201eEs ist einer der einfachsten S\u00e4tze auf der Welt, <\/em> <em>nur drei W\u00f6rter, aber wenn man sie aneinanderreiht,<\/em> <em> sind es die drei wichtigsten W\u00f6rter, die es gibt: <\/em><\/div>\n<div style=\"font-size: 10pt; display: flow-root; padding-left: 35px;\"><em><strong>Du schaffst es!<\/strong>\u201c\u00a0 <\/em>(Sherman Alexie)<\/div>\n<\/div>\n<div style=\"width: 100%; display: flow-root;\">\n\n<div id=\"cmsms_icon_69e18d6feb091\" class=\"icon_wrap\"><span id=\"cmsms_icon_69e18d6feb091\" class=\"cmsms_simple_icon cmsms-icon-check\"><\/span><\/div>\n <span style=\"font-size: 10pt; display: inline-block; padding-top: 20px; padding-bottom: 10px; color: #872828;\">Ziele<\/span><\/p>\n<ul style=\"font-size: 10pt; padding-left: 35px;\">\n<li>Kinder und Jugendlichen sollen in einem <strong>wertsch\u00e4tzenden Klima zu<\/strong> <strong>Pers\u00f6nlichkeiten heranreifen<\/strong> k\u00f6nnen<\/li>\n<li>Sch\u00fclerInnen sollen bestm\u00f6glich <strong>gefordert und gef\u00f6rdert<\/strong> werden<\/li>\n<li><strong>Konstruktive Zusammenarbeit der Schulpartner<\/strong> (Eltern, Sch\u00fclerInnen, LehrerInnen)<\/li>\n<li>Schule soll ein <strong> \u201eein Ort der Mu\u00dfe, des Innehaltens\u201c<\/strong> (Konrad Paul Liessmann) und <strong>gemeinsamen Lernens, Lachens und Feierns<\/strong> sein.<\/li>\n<\/ul>\n<\/div>\n<\/div>\n<\/div>\n<\/div><div class=\"cmsms_toggle_wrap\" data-tags=\"all \">\n<div class=\"cmsms_toggle_title\">\n<span class=\"cmsms_toggle_plus\">\n<span class=\"cmsms_toggle_plus_hor\"><\/span>\n<span class=\"cmsms_toggle_plus_vert\"><\/span>\n<\/span>\n<a href=\"#\">IT<\/a>\n<\/div>\n<div class=\"cmsms_toggle\">\n<div class=\"cmsms_toggle_inner\">\n<p>Unsere <strong>IT-Experten<\/strong> sorgen f\u00fcr eine <strong>funktionierende Infrastruktur<\/strong> und in der Schulgemeinschaft f\u00fcr <strong>Durchblick im IT-Dschungel<\/strong>.<\/p>\n<div style=\"display: flow-root;\">\n<div style=\"display: inline;\"><img decoding=\"async\" class=\"rundesBild alignleft wp-image-49950 size-medium\" src=\"https:\/\/www.bgamstetten.ac.at\/wp-content\/uploads\/2022\/07\/HorstLackinger-217x300.jpg\" alt=\"\" width=\"217\" height=\"300\" srcset=\"https:\/\/www.bgamstetten.ac.at\/wp-content\/uploads\/2022\/07\/HorstLackinger-217x300.jpg 217w, https:\/\/www.bgamstetten.ac.at\/wp-content\/uploads\/2022\/07\/HorstLackinger.jpg 433w\" sizes=\"(max-width: 217px) 100vw, 217px\" \/><\/div>\n<div style=\"display: inline-block;\">\n<h4 class=\"ads_page\" style=\"display: table;\"><strong>Mag. Horst Lackinger (IT-Kustode)<\/strong><\/h4>\n\n<div id=\"cmsms_icon_69e18d6feb2be\" class=\"icon_wrap\"><a href=\"mailto:it.support@am-gym.at\"><span id=\"cmsms_icon_69e18d6feb2be\" class=\"cmsms_simple_icon cmsms-icon-mail-alt\"><\/span><\/a><\/div>\n <a style=\"font-size: 10pt; display: inline-block; padding-bottom: 10px;\" title=\"E-Mail verfassen an ...\" href=\"it.support@am-gym.at\">it.support@am-gym.at<\/a><\/p>\n<\/div>\n<\/div>\n<div style=\"display: flow-root;\">\n<div style=\"display: inline;\"><img decoding=\"async\" class=\"rundesBild alignleft wp-image-49989 size-medium\" src=\"https:\/\/www.bgamstetten.ac.at\/wp-content\/uploads\/2025\/11\/LAHAN.jpg\" alt=\"\" width=\"216\" height=\"300\" \/><\/div>\n<div style=\"display: inline-block;\">\n<h4 class=\"ads_page\" style=\"display: table;\"><strong>Mag. Andreas Lahmer (IT-Kustode)<\/strong><\/h4>\n\n<div id=\"cmsms_icon_69e18d6feb2da\" class=\"icon_wrap\"><a href=\"mailto:it.support@am-gym.at\"><span id=\"cmsms_icon_69e18d6feb2da\" class=\"cmsms_simple_icon cmsms-icon-mail-alt\"><\/span><\/a><\/div>\n <a style=\"font-size: 10pt; display: inline-block; padding-bottom: 10px;\" title=\"E-Mail verfassen an ...\" href=\"mailto:it.support@am-gym.at\">it.support@am-gym.at<\/a><\/p>\n<\/div>\n<\/div>\n<div style=\"display: flow-root;\">\n<div style=\"display: inline;\"><img decoding=\"async\" class=\"rundesBild alignleft wp-image-54045 size-medium\" src=\"https:\/\/www.bgamstetten.ac.at\/wp-content\/uploads\/2023\/08\/avatar-217x300.png\" alt=\"\" width=\"217\" height=\"300\" srcset=\"https:\/\/www.bgamstetten.ac.at\/wp-content\/uploads\/2023\/08\/avatar-217x300.png 217w, https:\/\/www.bgamstetten.ac.at\/wp-content\/uploads\/2023\/08\/avatar.png 578w\" sizes=\"(max-width: 217px) 100vw, 217px\" \/><\/div>\n<div style=\"display: inline-block;\">\n<h4 class=\"ads_page\" style=\"display: table;\"><strong>Markus Etenhofer (IT-Betreuer)<\/strong><\/h4>\n\n<div id=\"cmsms_icon_69e18d6feb2f0\" class=\"icon_wrap\"><a href=\"mailto:it.support@am-gym.at\"><span id=\"cmsms_icon_69e18d6feb2f0\" class=\"cmsms_simple_icon cmsms-icon-mail-alt\"><\/span><\/a><\/div>\n <a style=\"font-size: 10pt; display: inline-block; padding-bottom: 10px;\" title=\"E-Mail verfassen an ...\" href=\"mailto:it.support@am-gym.at\">it.support@am-gym.at<\/a><\/p>\n<\/div>\n<\/div>\n<\/div>\n<\/div>\n<\/div><div class=\"cmsms_toggle_wrap current_toggle\" data-tags=\"all \">\n<div class=\"cmsms_toggle_title\">\n<span class=\"cmsms_toggle_plus\">\n<span class=\"cmsms_toggle_plus_hor\"><\/span>\n<span class=\"cmsms_toggle_plus_vert\"><\/span>\n<\/span>\n<a href=\"#\">Sekretariat<\/a>\n<\/div>\n<div class=\"cmsms_toggle\">\n<div class=\"cmsms_toggle_inner\">\n<p>In\u00a0 <strong>Fragen der Verwaltung<\/strong> werden Sie von unseren Mitarbeiterinnen mit <strong>\u201eRat und Tat\u201c<\/strong> von <strong>Mo-Fr von 7:00 bis 13:30<\/strong> kompetent unterst\u00fctzt.<\/p>\n<div style=\"display: block;\" data-wp-editing=\"1\">\n<div style=\"display: flow-root;\">\n<div style=\"display: inline;\"><img decoding=\"async\" class=\"rundesBild alignleft wp-image-58718 size-full\" style=\"border-radius: 20px;\" src=\"https:\/\/www.bgamstetten.ac.at\/wp-content\/uploads\/2025\/05\/Manu-foto-e1748288570400.jpeg\" alt=\"\" width=\"217\" height=\"293\" \/><\/div>\n<div style=\"display: block;\">\n<h4 class=\"ads_page\" style=\"display: table;\"><strong>Manuela Keiblinger<\/strong><\/h4>\n\n<div id=\"cmsms_icon_69e18d6feb58d\" class=\"icon_wrap\"><a href=\"tel:+437472629030\"><span id=\"cmsms_icon_69e18d6feb58d\" class=\"cmsms_simple_icon cmsms-icon-phone\"><\/span><\/a><\/div>\n <a style=\"font-size: 10pt; display: inline-block; padding-bottom: 10px;\" href=\"tel:00437472629030\">+43 7472\/62903-0<\/a> <div class=\"custom_html\">\n<\/div>\n \n<div id=\"cmsms_icon_69e18d6feb5c9\" class=\"icon_wrap\"><a href=\"mailto:sekretariat@am-gym.at\"><span id=\"cmsms_icon_69e18d6feb5c9\" class=\"cmsms_simple_icon cmsms-icon-mail-alt\"><\/span><\/a><\/div>\n <a href=\"mailto:sekretariat@am-gym.at\">sekretariat@am-gym.at<\/a><\/p>\n<\/div>\n<\/div>\n<div style=\"display: flow-root;\">\n<div style=\"display: block;\"><img decoding=\"async\" class=\"rundesBild alignleft wp-image-56680 size-medium\" style=\"border-radius: 20px;\" src=\"https:\/\/www.bgamstetten.ac.at\/wp-content\/uploads\/2025\/11\/PEMMERIris.jpg\" alt=\"\" width=\"217\" height=\"300\" \/><\/div>\n<div style=\"display: block;\">\n<h4 class=\"ads_page\" style=\"display: table;\"><strong>Iris Pemmer<\/strong><\/h4>\n\n<div id=\"cmsms_icon_69e18d6feb5df\" class=\"icon_wrap\"><a href=\"tel:+437472629030\"><span id=\"cmsms_icon_69e18d6feb5df\" class=\"cmsms_simple_icon cmsms-icon-phone\"><\/span><\/a><\/div>\n <a style=\"font-size: 10pt; display: inline-block; padding-bottom: 10px;\" href=\"tel:00437472629030\">+43 7472\/62903-0<\/a> <div class=\"custom_html\">\n<\/div>\n \n<div id=\"cmsms_icon_69e18d6feb60e\" class=\"icon_wrap\"><a href=\"mailto:sekretariat@am-gym.at\"><span id=\"cmsms_icon_69e18d6feb60e\" class=\"cmsms_simple_icon cmsms-icon-mail-alt\"><\/span><\/a><\/div>\n\u00a0 <a href=\"mailto:sekretariat@am-gym.at\">sekretariat@am-gym.at<\/a><\/p>\n<\/div>\n<\/div>\n<\/div>\n<div style=\"display: flow-root;\">\n<div style=\"display: block;\"><img decoding=\"async\" class=\"rundesBild alignleft wp-image-56681 size-medium\" style=\"border-radius: 20px;\" src=\"https:\/\/www.bgamstetten.ac.at\/wp-content\/uploads\/2024\/09\/Winkler-Eva-217x300.jpg\" alt=\"\" width=\"217\" height=\"300\" srcset=\"https:\/\/www.bgamstetten.ac.at\/wp-content\/uploads\/2024\/09\/Winkler-Eva-217x300.jpg 217w, https:\/\/www.bgamstetten.ac.at\/wp-content\/uploads\/2024\/09\/Winkler-Eva-739x1024.jpg 739w, https:\/\/www.bgamstetten.ac.at\/wp-content\/uploads\/2024\/09\/Winkler-Eva-768x1064.jpg 768w, https:\/\/www.bgamstetten.ac.at\/wp-content\/uploads\/2024\/09\/Winkler-Eva-1109x1536.jpg 1109w, https:\/\/www.bgamstetten.ac.at\/wp-content\/uploads\/2024\/09\/Winkler-Eva-1479x2048.jpg 1479w, https:\/\/www.bgamstetten.ac.at\/wp-content\/uploads\/2024\/09\/Winkler-Eva-580x803.jpg 580w, https:\/\/www.bgamstetten.ac.at\/wp-content\/uploads\/2024\/09\/Winkler-Eva-820x1136.jpg 820w, https:\/\/www.bgamstetten.ac.at\/wp-content\/uploads\/2024\/09\/Winkler-Eva-1160x1607.jpg 1160w, https:\/\/www.bgamstetten.ac.at\/wp-content\/uploads\/2024\/09\/Winkler-Eva.jpg 1535w\" sizes=\"(max-width: 217px) 100vw, 217px\" \/><\/div>\n<div style=\"display: block;\">\n<h4 class=\"ads_page\" style=\"display: table;\"><strong>Eva Winkler<\/strong><\/h4>\n\n<div id=\"cmsms_icon_69e18d6feb622\" class=\"icon_wrap\"><a href=\"tel:+437472629030\"><span id=\"cmsms_icon_69e18d6feb622\" class=\"cmsms_simple_icon cmsms-icon-phone\"><\/span><\/a><\/div>\n <a style=\"font-size: 10pt; display: inline-block; padding-bottom: 10px;\" href=\"tel:00437472629030\">+43 7472\/62903-0<\/a> <div class=\"custom_html\">\n<\/div>\n \n<div id=\"cmsms_icon_69e18d6feb64e\" class=\"icon_wrap\"><a href=\"mailto:sekretariat@am-gym.at\"><span id=\"cmsms_icon_69e18d6feb64e\" class=\"cmsms_simple_icon cmsms-icon-mail-alt\"><\/span><\/a><\/div>\n\u00a0 <a href=\"mailto:sekretariat@am-gym.at\">sekretariat@am-gym.at<\/a><\/p>\n<\/div>\n<\/div>\n<div style=\"display: flow-root;\">\n<div style=\"display: inline-block;\"><\/div>\n<\/div>\n<\/div>\n<\/div>\n<\/div><div class=\"cmsms_toggle_wrap\" data-tags=\"all \">\n<div class=\"cmsms_toggle_title\">\n<span class=\"cmsms_toggle_plus\">\n<span class=\"cmsms_toggle_plus_hor\"><\/span>\n<span class=\"cmsms_toggle_plus_vert\"><\/span>\n<\/span>\n<a href=\"#\">Schulwarte<\/a>\n<\/div>\n<div class=\"cmsms_toggle\">\n<div class=\"cmsms_toggle_inner\">\n<p>Unsere <strong>Experten<\/strong> <strong>f\u00fcr &#8222;fast alles&#8220;<\/strong> sorgen f\u00fcr ein funktionierendes und sauberes Geb\u00e4ude.<\/p>\n<div style=\"display: flow-root;\">\n<div style=\"display: inline;\">\n<p><img decoding=\"async\" class=\"rundesBild alignleft wp-image-55347\" src=\"https:\/\/www.bgamstetten.ac.at\/wp-content\/uploads\/2024\/04\/Hinterleitner-Christian-1.jpg\" alt=\"\" width=\"202\" height=\"280\" srcset=\"https:\/\/www.bgamstetten.ac.at\/wp-content\/uploads\/2024\/04\/Hinterleitner-Christian-1.jpg 1535w, https:\/\/www.bgamstetten.ac.at\/wp-content\/uploads\/2024\/04\/Hinterleitner-Christian-1-217x300.jpg 217w, https:\/\/www.bgamstetten.ac.at\/wp-content\/uploads\/2024\/04\/Hinterleitner-Christian-1-739x1024.jpg 739w, https:\/\/www.bgamstetten.ac.at\/wp-content\/uploads\/2024\/04\/Hinterleitner-Christian-1-768x1064.jpg 768w, https:\/\/www.bgamstetten.ac.at\/wp-content\/uploads\/2024\/04\/Hinterleitner-Christian-1-1109x1536.jpg 1109w, https:\/\/www.bgamstetten.ac.at\/wp-content\/uploads\/2024\/04\/Hinterleitner-Christian-1-1479x2048.jpg 1479w, https:\/\/www.bgamstetten.ac.at\/wp-content\/uploads\/2024\/04\/Hinterleitner-Christian-1-580x803.jpg 580w, https:\/\/www.bgamstetten.ac.at\/wp-content\/uploads\/2024\/04\/Hinterleitner-Christian-1-820x1136.jpg 820w, https:\/\/www.bgamstetten.ac.at\/wp-content\/uploads\/2024\/04\/Hinterleitner-Christian-1-1160x1607.jpg 1160w\" sizes=\"(max-width: 202px) 100vw, 202px\" \/><\/p>\n<\/div>\n<div style=\"display: inline-block;\">\n<h4 class=\"ads_page\" style=\"display: table;\"><strong>Christian Hinterleitner<\/strong><\/h4>\n\n<div id=\"cmsms_icon_69e18d6feb7ea\" class=\"icon_wrap\"><a href=\"tel:+437472629030\"><span id=\"cmsms_icon_69e18d6feb7ea\" class=\"cmsms_simple_icon cmsms-icon-phone\"><\/span><\/a><\/div>\n<a style=\"font-size: 10pt; display: inline-block; padding-bottom: 10px;\" href=\"tel:0043747262903130\">+43 7472\/62903-130<\/a> <div class=\"custom_html\">\n<\/div>\n \n<div id=\"cmsms_icon_69e18d6feb825\" class=\"icon_wrap\"><a href=\"mailto:schulwart@am-gym.at\"><span id=\"cmsms_icon_69e18d6feb825\" class=\"cmsms_simple_icon cmsms-icon-mail-alt\"><\/span><\/a><\/div>\n\u00a0<a style=\"font-size: 10pt; display: inline-block; padding-bottom: 10px;\" title=\"E-Mail verfassen an ...\" href=\"schulwart@am-gym.at\">schulwart@am-gym.at<\/a><\/p>\n<\/div>\n<\/div>\n<div style=\"display: flow-root;\">\n<div style=\"display: inline;\">\n<p><img decoding=\"async\" class=\"rundesBild alignleft wp-image-55346\" src=\"https:\/\/www.bgamstetten.ac.at\/wp-content\/uploads\/2024\/04\/Kromoser-Andreas-1-217x300.jpg\" alt=\"\" width=\"202\" height=\"280\" srcset=\"https:\/\/www.bgamstetten.ac.at\/wp-content\/uploads\/2024\/04\/Kromoser-Andreas-1-217x300.jpg 217w, https:\/\/www.bgamstetten.ac.at\/wp-content\/uploads\/2024\/04\/Kromoser-Andreas-1-739x1024.jpg 739w, https:\/\/www.bgamstetten.ac.at\/wp-content\/uploads\/2024\/04\/Kromoser-Andreas-1-768x1064.jpg 768w, https:\/\/www.bgamstetten.ac.at\/wp-content\/uploads\/2024\/04\/Kromoser-Andreas-1-1109x1536.jpg 1109w, https:\/\/www.bgamstetten.ac.at\/wp-content\/uploads\/2024\/04\/Kromoser-Andreas-1-1479x2048.jpg 1479w, https:\/\/www.bgamstetten.ac.at\/wp-content\/uploads\/2024\/04\/Kromoser-Andreas-1-580x803.jpg 580w, https:\/\/www.bgamstetten.ac.at\/wp-content\/uploads\/2024\/04\/Kromoser-Andreas-1-820x1136.jpg 820w, https:\/\/www.bgamstetten.ac.at\/wp-content\/uploads\/2024\/04\/Kromoser-Andreas-1-1160x1607.jpg 1160w, https:\/\/www.bgamstetten.ac.at\/wp-content\/uploads\/2024\/04\/Kromoser-Andreas-1.jpg 1535w\" sizes=\"(max-width: 202px) 100vw, 202px\" \/><\/p>\n<\/div>\n<div style=\"display: inline-block;\">\n<h4 class=\"ads_page\" style=\"display: table;\"><strong>Andreas Kromoser<\/strong><\/h4>\n\n<div id=\"cmsms_icon_69e18d6feb83c\" class=\"icon_wrap\"><a href=\"tel:+437472629030\"><span id=\"cmsms_icon_69e18d6feb83c\" class=\"cmsms_simple_icon cmsms-icon-phone\"><\/span><\/a><\/div>\n<a style=\"font-size: 10pt; display: inline-block; padding-bottom: 10px;\" href=\"tel:0043747262903130\">+43 7472\/62903-130<\/a> <div class=\"custom_html\">\n<\/div>\n \n<div id=\"cmsms_icon_69e18d6feb86a\" class=\"icon_wrap\"><a href=\"mailto:schulwart@am-gym.at\"><span id=\"cmsms_icon_69e18d6feb86a\" class=\"cmsms_simple_icon cmsms-icon-mail-alt\"><\/span><\/a><\/div>\n\u00a0<a style=\"font-size: 10pt; display: inline-block; padding-bottom: 10px;\" title=\"E-Mail verfassen an ...\" href=\"mailto:schulwart@am-gym.at\">schulwart@am-gym.at<\/a><\/p>\n<\/div>\n<\/div>\n<\/div>\n<\/div>\n<\/div><\/div>\n<\/div>\n<\/div>\n<\/div>\n<\/div>\n<\/div>\n<\/div>\n\n","protected":false},"excerpt":{"rendered":"","protected":false},"author":1,"featured_media":0,"parent":358,"menu_order":0,"comment_status":"closed","ping_status":"closed","template":"","meta":{"footnotes":""},"class_list":["post-50523","page","type-page","status-publish","hentry"],"_links":{"self":[{"href":"https:\/\/www.bgamstetten.ac.at\/index.php\/wp-json\/wp\/v2\/pages\/50523","targetHints":{"allow":["GET"]}}],"collection":[{"href":"https:\/\/www.bgamstetten.ac.at\/index.php\/wp-json\/wp\/v2\/pages"}],"about":[{"href":"https:\/\/www.bgamstetten.ac.at\/index.php\/wp-json\/wp\/v2\/types\/page"}],"author":[{"embeddable":true,"href":"https:\/\/www.bgamstetten.ac.at\/index.php\/wp-json\/wp\/v2\/users\/1"}],"replies":[{"embeddable":true,"href":"https:\/\/www.bgamstetten.ac.at\/index.php\/wp-json\/wp\/v2\/comments?post=50523"}],"version-history":[{"count":34,"href":"https:\/\/www.bgamstetten.ac.at\/index.php\/wp-json\/wp\/v2\/pages\/50523\/revisions"}],"predecessor-version":[{"id":60800,"href":"https:\/\/www.bgamstetten.ac.at\/index.php\/wp-json\/wp\/v2\/pages\/50523\/revisions\/60800"}],"up":[{"embeddable":true,"href":"https:\/\/www.bgamstetten.ac.at\/index.php\/wp-json\/wp\/v2\/pages\/358"}],"wp:attachment":[{"href":"https:\/\/www.bgamstetten.ac.at\/index.php\/wp-json\/wp\/v2\/media?parent=50523"}],"curies":[{"name":"wp","href":"https:\/\/api.w.org\/{rel}","templated":true}]}}