{"id":439,"date":"2014-11-15T17:55:41","date_gmt":"2014-11-15T15:55:41","guid":{"rendered":"http:\/\/localhost\/amgym\/?page_id=439"},"modified":"2025-10-27T20:21:07","modified_gmt":"2025-10-27T19:21:07","slug":"sprachzweig","status":"publish","type":"page","link":"https:\/\/www.bgamstetten.ac.at\/index.php\/ausbildung\/oberstufe\/sprachzweig\/","title":{"rendered":"Sprache &#038; Kommunikation"},"content":{"rendered":"<style type=\"text\/css\"> \n#cmsms_row_6a02c5d44ae46 .cmsms_row_outer_parent { \n\tpadding-top: 0px; \n} \n\n#cmsms_row_6a02c5d44ae46 .cmsms_row_outer_parent { \n\tpadding-bottom: 30px; \n} \n\n \n#cmsms_row_6a02c5d45c5f2 .cmsms_row_outer_parent { \n\tpadding-top: 10px; \n} \n\n#cmsms_row_6a02c5d45c5f2 .cmsms_row_outer_parent { \n\tpadding-bottom: 50px; \n} \n\n \n#cmsms_row_6a02c5d45cbf1 .cmsms_row_outer_parent { \n\tpadding-top: 0px; \n} \n\n#cmsms_row_6a02c5d45cbf1 .cmsms_row_outer_parent { \n\tpadding-bottom: 50px; \n} \n\n<\/style><div id=\"cmsms_row_6a02c5d44ae46\" class=\"cmsms_row cmsms_color_scheme_default\">\n<div class=\"cmsms_row_outer_parent\">\n<div class=\"cmsms_row_outer\">\n<div class=\"cmsms_row_inner\">\n<div class=\"cmsms_row_margin\">\n<div class=\"cmsms_column one_first\">\n<div class=\"cmsms_slider\"><script type=\"text\/javascript\">jQuery(function() { _initLayerSlider( '#layerslider_3_15biptbnewabc', {createdWith: '7.2.1', sliderVersion: '7.2.1', skin: 'v6', useSrcset: true, skinsPath: 'https:\/\/www.bgamstetten.ac.at\/wp-content\/plugins\/LayerSlider\/assets\/static\/layerslider\/skins\/'}); });<\/script><div id=\"layerslider_3_15biptbnewabc\" class=\"ls-wp-container fitvidsignore\" style=\"width:1280px;height:550px;margin:0 auto;margin-bottom: 0px;\"><div class=\"ls-slide\" data-ls=\"bgposition:50% 50%;kenburnsscale:1.2;\"><img decoding=\"async\" width=\"1000\" height=\"667\" src=\"https:\/\/www.bgamstetten.ac.at\/wp-content\/uploads\/2022\/07\/IMG_8305.jpg\" class=\"ls-bg\" alt=\"\" srcset=\"https:\/\/www.bgamstetten.ac.at\/wp-content\/uploads\/2022\/07\/IMG_8305.jpg 1000w, https:\/\/www.bgamstetten.ac.at\/wp-content\/uploads\/2022\/07\/IMG_8305-300x200.jpg 300w, https:\/\/www.bgamstetten.ac.at\/wp-content\/uploads\/2022\/07\/IMG_8305-768x512.jpg 768w, https:\/\/www.bgamstetten.ac.at\/wp-content\/uploads\/2022\/07\/IMG_8305-580x387.jpg 580w, https:\/\/www.bgamstetten.ac.at\/wp-content\/uploads\/2022\/07\/IMG_8305-820x547.jpg 820w\" sizes=\"(max-width: 1000px) 100vw, 1000px\" \/><\/div><div class=\"ls-slide\" data-ls=\"kenburnsscale:1.2;\"><img decoding=\"async\" width=\"1000\" height=\"667\" src=\"https:\/\/www.bgamstetten.ac.at\/wp-content\/uploads\/2022\/07\/IMG_8379.jpg\" class=\"ls-bg\" alt=\"\" srcset=\"https:\/\/www.bgamstetten.ac.at\/wp-content\/uploads\/2022\/07\/IMG_8379.jpg 1000w, https:\/\/www.bgamstetten.ac.at\/wp-content\/uploads\/2022\/07\/IMG_8379-300x200.jpg 300w, https:\/\/www.bgamstetten.ac.at\/wp-content\/uploads\/2022\/07\/IMG_8379-768x512.jpg 768w, https:\/\/www.bgamstetten.ac.at\/wp-content\/uploads\/2022\/07\/IMG_8379-580x387.jpg 580w, https:\/\/www.bgamstetten.ac.at\/wp-content\/uploads\/2022\/07\/IMG_8379-820x547.jpg 820w\" sizes=\"(max-width: 1000px) 100vw, 1000px\" \/><\/div><div class=\"ls-slide\" data-ls=\"kenburnsscale:1.2;\"><img decoding=\"async\" width=\"1000\" height=\"667\" src=\"https:\/\/www.bgamstetten.ac.at\/wp-content\/uploads\/2022\/07\/IMG_8283.jpg\" class=\"ls-bg\" alt=\"\" srcset=\"https:\/\/www.bgamstetten.ac.at\/wp-content\/uploads\/2022\/07\/IMG_8283.jpg 1000w, https:\/\/www.bgamstetten.ac.at\/wp-content\/uploads\/2022\/07\/IMG_8283-300x200.jpg 300w, https:\/\/www.bgamstetten.ac.at\/wp-content\/uploads\/2022\/07\/IMG_8283-768x512.jpg 768w, https:\/\/www.bgamstetten.ac.at\/wp-content\/uploads\/2022\/07\/IMG_8283-580x387.jpg 580w, https:\/\/www.bgamstetten.ac.at\/wp-content\/uploads\/2022\/07\/IMG_8283-820x547.jpg 820w\" sizes=\"(max-width: 1000px) 100vw, 1000px\" \/><\/div><div class=\"ls-slide\" data-ls=\"kenburnsscale:1.2;\"><img decoding=\"async\" width=\"667\" height=\"1000\" src=\"https:\/\/www.bgamstetten.ac.at\/wp-content\/uploads\/2022\/07\/IMG_8408.jpg\" class=\"ls-bg\" alt=\"\" srcset=\"https:\/\/www.bgamstetten.ac.at\/wp-content\/uploads\/2022\/07\/IMG_8408.jpg 667w, https:\/\/www.bgamstetten.ac.at\/wp-content\/uploads\/2022\/07\/IMG_8408-200x300.jpg 200w, https:\/\/www.bgamstetten.ac.at\/wp-content\/uploads\/2022\/07\/IMG_8408-580x870.jpg 580w\" sizes=\"(max-width: 667px) 100vw, 667px\" \/><\/div><div class=\"ls-slide\" data-ls=\"kenburnsscale:1.2;\"><img decoding=\"async\" width=\"1000\" height=\"667\" src=\"https:\/\/www.bgamstetten.ac.at\/wp-content\/uploads\/2022\/07\/IMG_8376.jpg\" class=\"ls-bg\" alt=\"\" srcset=\"https:\/\/www.bgamstetten.ac.at\/wp-content\/uploads\/2022\/07\/IMG_8376.jpg 1000w, https:\/\/www.bgamstetten.ac.at\/wp-content\/uploads\/2022\/07\/IMG_8376-300x200.jpg 300w, https:\/\/www.bgamstetten.ac.at\/wp-content\/uploads\/2022\/07\/IMG_8376-768x512.jpg 768w, https:\/\/www.bgamstetten.ac.at\/wp-content\/uploads\/2022\/07\/IMG_8376-580x387.jpg 580w, https:\/\/www.bgamstetten.ac.at\/wp-content\/uploads\/2022\/07\/IMG_8376-820x547.jpg 820w\" sizes=\"(max-width: 1000px) 100vw, 1000px\" \/><\/div><div class=\"ls-slide\" data-ls=\"kenburnsscale:1.2;\"><img decoding=\"async\" width=\"1000\" height=\"667\" src=\"https:\/\/www.bgamstetten.ac.at\/wp-content\/uploads\/2022\/07\/IMG_8354.jpg\" class=\"ls-bg\" alt=\"\" srcset=\"https:\/\/www.bgamstetten.ac.at\/wp-content\/uploads\/2022\/07\/IMG_8354.jpg 1000w, https:\/\/www.bgamstetten.ac.at\/wp-content\/uploads\/2022\/07\/IMG_8354-300x200.jpg 300w, https:\/\/www.bgamstetten.ac.at\/wp-content\/uploads\/2022\/07\/IMG_8354-768x512.jpg 768w, https:\/\/www.bgamstetten.ac.at\/wp-content\/uploads\/2022\/07\/IMG_8354-580x387.jpg 580w, https:\/\/www.bgamstetten.ac.at\/wp-content\/uploads\/2022\/07\/IMG_8354-820x547.jpg 820w\" sizes=\"(max-width: 1000px) 100vw, 1000px\" \/><\/div><div class=\"ls-slide\" data-ls=\"kenburnsscale:1.2;\"><img decoding=\"async\" width=\"1000\" height=\"666\" src=\"https:\/\/www.bgamstetten.ac.at\/wp-content\/uploads\/2022\/07\/IMG_7887.jpg\" class=\"ls-bg\" alt=\"\" srcset=\"https:\/\/www.bgamstetten.ac.at\/wp-content\/uploads\/2022\/07\/IMG_7887.jpg 1000w, https:\/\/www.bgamstetten.ac.at\/wp-content\/uploads\/2022\/07\/IMG_7887-300x200.jpg 300w, https:\/\/www.bgamstetten.ac.at\/wp-content\/uploads\/2022\/07\/IMG_7887-768x511.jpg 768w, https:\/\/www.bgamstetten.ac.at\/wp-content\/uploads\/2022\/07\/IMG_7887-580x386.jpg 580w, https:\/\/www.bgamstetten.ac.at\/wp-content\/uploads\/2022\/07\/IMG_7887-820x546.jpg 820w\" sizes=\"(max-width: 1000px) 100vw, 1000px\" \/><\/div><div class=\"ls-slide\" data-ls=\"kenburnsscale:1.2;\"><img decoding=\"async\" width=\"800\" height=\"533\" src=\"https:\/\/www.bgamstetten.ac.at\/wp-content\/uploads\/2022\/07\/nizza15-05.jpg\" class=\"ls-bg\" alt=\"\" srcset=\"https:\/\/www.bgamstetten.ac.at\/wp-content\/uploads\/2022\/07\/nizza15-05.jpg 800w, https:\/\/www.bgamstetten.ac.at\/wp-content\/uploads\/2022\/07\/nizza15-05-300x200.jpg 300w, https:\/\/www.bgamstetten.ac.at\/wp-content\/uploads\/2022\/07\/nizza15-05-768x512.jpg 768w, https:\/\/www.bgamstetten.ac.at\/wp-content\/uploads\/2022\/07\/nizza15-05-580x386.jpg 580w\" sizes=\"(max-width: 800px) 100vw, 800px\" \/><\/div><div class=\"ls-slide\" data-ls=\"kenburnsscale:1.2;\"><img decoding=\"async\" width=\"800\" height=\"533\" src=\"https:\/\/www.bgamstetten.ac.at\/wp-content\/uploads\/2022\/07\/nizza15-04.jpg\" class=\"ls-bg\" alt=\"\" srcset=\"https:\/\/www.bgamstetten.ac.at\/wp-content\/uploads\/2022\/07\/nizza15-04.jpg 800w, https:\/\/www.bgamstetten.ac.at\/wp-content\/uploads\/2022\/07\/nizza15-04-300x200.jpg 300w, https:\/\/www.bgamstetten.ac.at\/wp-content\/uploads\/2022\/07\/nizza15-04-768x512.jpg 768w, https:\/\/www.bgamstetten.ac.at\/wp-content\/uploads\/2022\/07\/nizza15-04-580x386.jpg 580w\" sizes=\"(max-width: 800px) 100vw, 800px\" \/><\/div><div class=\"ls-slide\" data-ls=\"kenburnsscale:1.2;\"><img decoding=\"async\" width=\"800\" height=\"533\" src=\"https:\/\/www.bgamstetten.ac.at\/wp-content\/uploads\/2022\/07\/nizza15-10.jpg\" class=\"ls-bg\" alt=\"\" srcset=\"https:\/\/www.bgamstetten.ac.at\/wp-content\/uploads\/2022\/07\/nizza15-10.jpg 800w, https:\/\/www.bgamstetten.ac.at\/wp-content\/uploads\/2022\/07\/nizza15-10-300x200.jpg 300w, https:\/\/www.bgamstetten.ac.at\/wp-content\/uploads\/2022\/07\/nizza15-10-768x512.jpg 768w, https:\/\/www.bgamstetten.ac.at\/wp-content\/uploads\/2022\/07\/nizza15-10-580x386.jpg 580w\" sizes=\"(max-width: 800px) 100vw, 800px\" \/><\/div><div class=\"ls-slide\" data-ls=\"kenburnsscale:1.2;\"><img decoding=\"async\" width=\"800\" height=\"600\" src=\"https:\/\/www.bgamstetten.ac.at\/wp-content\/uploads\/2022\/07\/rom17-28.jpg\" class=\"ls-bg\" alt=\"\" srcset=\"https:\/\/www.bgamstetten.ac.at\/wp-content\/uploads\/2022\/07\/rom17-28.jpg 800w, https:\/\/www.bgamstetten.ac.at\/wp-content\/uploads\/2022\/07\/rom17-28-300x225.jpg 300w, https:\/\/www.bgamstetten.ac.at\/wp-content\/uploads\/2022\/07\/rom17-28-768x576.jpg 768w, https:\/\/www.bgamstetten.ac.at\/wp-content\/uploads\/2022\/07\/rom17-28-580x435.jpg 580w\" sizes=\"(max-width: 800px) 100vw, 800px\" \/><\/div><div class=\"ls-slide\" data-ls=\"kenburnsscale:1.2;\"><img decoding=\"async\" width=\"800\" height=\"600\" src=\"https:\/\/www.bgamstetten.ac.at\/wp-content\/uploads\/2022\/07\/rom17-18.jpg\" class=\"ls-bg\" alt=\"\" srcset=\"https:\/\/www.bgamstetten.ac.at\/wp-content\/uploads\/2022\/07\/rom17-18.jpg 800w, https:\/\/www.bgamstetten.ac.at\/wp-content\/uploads\/2022\/07\/rom17-18-300x225.jpg 300w, https:\/\/www.bgamstetten.ac.at\/wp-content\/uploads\/2022\/07\/rom17-18-768x576.jpg 768w, https:\/\/www.bgamstetten.ac.at\/wp-content\/uploads\/2022\/07\/rom17-18-580x435.jpg 580w\" sizes=\"(max-width: 800px) 100vw, 800px\" \/><\/div><div class=\"ls-slide\" data-ls=\"kenburnsscale:1.2;\"><img decoding=\"async\" width=\"800\" height=\"600\" src=\"https:\/\/www.bgamstetten.ac.at\/wp-content\/uploads\/2022\/07\/rom17-14.jpg\" class=\"ls-bg\" alt=\"\" srcset=\"https:\/\/www.bgamstetten.ac.at\/wp-content\/uploads\/2022\/07\/rom17-14.jpg 800w, https:\/\/www.bgamstetten.ac.at\/wp-content\/uploads\/2022\/07\/rom17-14-300x225.jpg 300w, https:\/\/www.bgamstetten.ac.at\/wp-content\/uploads\/2022\/07\/rom17-14-768x576.jpg 768w, https:\/\/www.bgamstetten.ac.at\/wp-content\/uploads\/2022\/07\/rom17-14-580x435.jpg 580w\" sizes=\"(max-width: 800px) 100vw, 800px\" \/><\/div><\/div><\/div>\n<\/div>\n<\/div>\n<\/div>\n<\/div>\n<\/div>\n<\/div>\n<div id=\"cmsms_row_6a02c5d45c5f2\" class=\"cmsms_row cmsms_color_scheme_default\">\n<div class=\"cmsms_row_outer_parent\">\n<div class=\"cmsms_row_outer\">\n<div class=\"cmsms_row_inner\">\n<div class=\"cmsms_row_margin\">\n<div class=\"cmsms_column one_half\">\n<div class=\"cmsms_text\">\n<p><img decoding=\"async\" class=\"rundesBild alignleft wp-image-59682 size-blog-masonry-thumb\" src=\"https:\/\/www.bgamstetten.ac.at\/wp-content\/uploads\/2025\/10\/sprache-580x390.jpg\" alt=\"\" width=\"580\" height=\"390\" \/><\/p>\n<p>Der Schwerpunkt, der als Gymnasium weiterl\u00e4uft, verbindet die h\u00f6here Allgemeinbildung mit Sprache und Kommunikation. Gerade in einer globalisierten Welt ist es unabdingbar, sich auf vielf\u00e4ltige Weise ausdr\u00fccken zu k\u00f6nnen und sich entsprechend zu pr\u00e4sentieren.<\/p>\n<p><span style=\"color: #800000;\"><strong>Was dich grunds\u00e4tzlich im Schwerpunkt Sprache und Kommunikation erwartet<\/strong><\/span><\/p>\n<p>Die Ausbildung im Schwerpunkt Sprache und Kommunikation legt ihr Gewicht auf das Erlernen einer dritten Fremdsprache neben Englisch und Latein. Das Gymnasium versteht sich auch als grundlegend allgemeinbildend, das hei\u00dft, dir stehen nach der Matura verschiedenste M\u00f6glichkeiten offen, f\u00fcr die bei uns eine gute Grundlage gelegt wird.<\/p>\n<\/div>\n<\/div>\n<div class=\"cmsms_column one_half\">\n<div class=\"cmsms_text\">\n<p>Du erlernst im Gymnasium eine neue Sprache &#8211; wenn du Latein ab der dritten Klasse besuchst, dann kannst du zwischen Franz\u00f6sisch und Spanisch w\u00e4hlen. Hast du in der Unterstufe Franz\u00f6sisch gew\u00e4hlt, dann ist Latein f\u00fcr dich Pflicht. In der sechsten Klasse erwartet dich das Pflichtfach Rhetorik und Pr\u00e4sentation. Hier wirst du von qualifizierten Lehrkr\u00e4ften in der Redekunst geschult und erlangst Sicherheit im \u00f6ffentlichen Auftritt. Der allj\u00e4hrliche Redewettbewerb bietet dir Gelegenheit, deine rhetorischen Fertigkeiten zu pr\u00e4sentieren.<\/p>\n<p>Nur das Gymnasium bietet dir eine gr\u00f6\u00dfere Wahlm\u00f6glichkeit in Bezug auf die Wahlpflichtf\u00e4cher, die du ab der sechsten Klasse besuchen kannst. So stehen dir sechs Wochenstunden f\u00fcr die Vertiefung und Erweiterung deiner Interessen zur Verf\u00fcgung.<\/p>\n<p><span style=\"color: #800000;\"><strong>Was dir der Sprachzweig noch bietet<\/strong><\/span><\/p>\n<p>In den Sprachen, die du zw\u00f6lf bzw. dreizehn Stunden in der Woche trainierst, steht dir auch die M\u00f6glichkeit offen, Sprachzertifikate zu erwerben.<\/p>\n<ul>\n<li><strong>Cambridge<\/strong> Certificate (<em>Englisch<\/em>)<\/li>\n<li><strong>Delf<\/strong> (<em>Franz\u00f6sisch<\/em>)<\/li>\n<li><strong>Dele<\/strong> (Spanisch)<\/li>\n<li><strong>Clida<\/strong> P3 (Italienisch &#8211; Wahlpflichtfach)<\/li>\n<\/ul>\n<p>Sprach- und\/oder Kulturwochen geben dir die Gelegenheit, dich mit der Kultur und Sprache eines Landes \u00fcber den Unterricht hinaus vertraut zu machen.<\/p>\n<p><span style=\"color: #800000;\"><strong>Wenn du dich f\u00fcr das Erlernen von Sprachen interessierst sowie auch ein gewisses Talent zur Kommunikation besitzt und dir eine umfassende Allgemeinbildung wichtig ist, dann ist der Schwerpunkt Sprache und Kommunikation f\u00fcr dich genau richtig.<\/strong><\/span><\/p>\n<ul>\n<li><a href=\"https:\/\/www.bgamstetten.ac.at\/wp-content\/uploads\/2025\/10\/Sprache-u-Kommunikation-Stundentafel-Oberstufe.pdf\" target=\"_blank\" rel=\"noopener\"><span style=\"color: #800000; font-size: 12pt;\">Weiter zur Stundentafel<\/span><\/a><\/li>\n<\/ul>\n<\/div>\n<\/div>\n<\/div>\n<\/div>\n<\/div>\n<\/div>\n<\/div>\n<div id=\"cmsms_row_6a02c5d45cbf1\" class=\"cmsms_row cmsms_color_scheme_default\">\n<div class=\"cmsms_row_outer_parent\">\n<div class=\"cmsms_row_outer\">\n<div class=\"cmsms_row_inner\">\n<div class=\"cmsms_row_margin\">\n<div class=\"cmsms_column one_first\">\n<div class=\"cmsms_wrap_blog entry-summary\" id=\"blog_6a02c5d45ccba\"><script type=\"text\/javascript\">\njQuery(document).ready(function () {\n\t(function ($) {\n\t\tif ($('#blog_6a02c5d45ccba').find('article').length == '0') {\n\t\t\treturn false;\n\t\t}\n\t\t\n\t\n\t\tstartBlog( \n\t\t\t'6a02c5d45ccba', \n\t\t\t'columns', \n\t\t\t'grid', \n\t\t\t'https:\/\/www.bgamstetten.ac.at\/wp-content\/plugins\/cmsms-content-composer\/', \n\t\t\t'date', \n\t\t\t'DESC', \n\t\t\t'4', \n\t\t\t'sprachen', \n\t\t\t'date,more' \n\t\t);\n\t} )(jQuery);\n} );\n<\/script>\n<div class=\"blog columns grid cmsms_4\">\r\n<!--_________________________ Start Standard Article _________________________ -->\r\n\r\n<article id=\"post-61458\" class=\"cmsms_masonry_type post-61458 post type-post status-publish format-standard has-post-thumbnail hentry category-123 category-absolventenverein category-aktuelles category-sportliches category-ski-am-gym category-sprachen\" data-category=\"202526 absolventenverein aktuelles sportliches ski-am-gym sprachen\">\r\n\t<span class=\"cmsms_post_format_img  cmsms-icon-desktop-3\"><\/span>\r\n\t<div class=\"cmsms_post_cont\">\r\n\t<figure><a href=\"https:\/\/www.bgamstetten.ac.at\/index.php\/2026\/04\/30\/absolventenfeier-fuer-den-maturajahrgang-2026\/\" title=\"Absolventenfeier f\u00fcr den Maturajahrgang 2026\" class=\"cmsms_img_link preloader\"><img decoding=\"async\" width=\"522\" height=\"390\" src=\"https:\/\/www.bgamstetten.ac.at\/wp-content\/uploads\/2026\/04\/avfeier-1-522x390.png\" class=\"full-width wp-post-image\" alt=\"Absolventenfeier f\u00fcr den Maturajahrgang 2026\" title=\"Absolventenfeier f\u00fcr den Maturajahrgang 2026\" \/><\/a><\/figure><header class=\"cmsms_post_header entry-header\"><h2 class=\"cmsms_post_title entry-title\"><a href=\"https:\/\/www.bgamstetten.ac.at\/index.php\/2026\/04\/30\/absolventenfeier-fuer-den-maturajahrgang-2026\/\">Absolventenfeier f\u00fcr den Maturajahrgang 2026<\/a><\/h2><\/header><div class=\"cmsms_post_content entry-content\">\n<p>Zum Abschluss ihrer Schulzeit am Ostarrichi-Gymnasium Amstetten lud der Absolventenverein die Absolventinnen und Absolventen des Maturajahrganges 2026 am Donnerstag, den 30.04.2026, zur Absolventenfeier in den...<\/p>\n<\/div>\n<footer class=\"cmsms_post_footer entry-meta tar\"><div class=\"cmsms_post_meta_info\"><abbr class=\"published cmsms_post_date cmsms-icon-calendar-8\" title=\"April 30, 2026\">April 30, 2026<\/abbr><abbr class=\"dn date updated\" title=\"Mai 5, 2026\">Mai 5, 2026<\/abbr><\/div><a class=\"button cmsms_post_read_more\" href=\"https:\/\/www.bgamstetten.ac.at\/index.php\/2026\/04\/30\/absolventenfeier-fuer-den-maturajahrgang-2026\/\">weiterlesen ...<\/a><\/footer>\t<\/div>\r\n<\/article>\r\n<!--_________________________ Finish Standard Article _________________________ -->\r\n\r\n\r\n<!--_________________________ Start Standard Article _________________________ -->\r\n\r\n<article id=\"post-61395\" class=\"cmsms_masonry_type post-61395 post type-post status-publish format-standard has-post-thumbnail hentry category-123 category-aktuelles category-sprachen\" data-category=\"202526 aktuelles sprachen\">\r\n\t<span class=\"cmsms_post_format_img  cmsms-icon-desktop-3\"><\/span>\r\n\t<div class=\"cmsms_post_cont\">\r\n\t<figure><a href=\"https:\/\/www.bgamstetten.ac.at\/index.php\/2026\/04\/24\/mexico-zu-gast-am-gymnasium\/\" title=\"M\u00e9xico zu Gast am Gymnasium\" class=\"cmsms_img_link preloader\"><img decoding=\"async\" width=\"580\" height=\"390\" src=\"https:\/\/www.bgamstetten.ac.at\/wp-content\/uploads\/2026\/04\/Titelbild_Mexico-580x390.jpg\" class=\"full-width wp-post-image\" alt=\"M\u00e9xico zu Gast am Gymnasium\" title=\"M\u00e9xico zu Gast am Gymnasium\" \/><\/a><\/figure><header class=\"cmsms_post_header entry-header\"><h2 class=\"cmsms_post_title entry-title\"><a href=\"https:\/\/www.bgamstetten.ac.at\/index.php\/2026\/04\/24\/mexico-zu-gast-am-gymnasium\/\">M\u00e9xico zu Gast am Gymnasium<\/a><\/h2><\/header><div class=\"cmsms_post_content entry-content\">\n<p>Vom 20. bis 24. April 2026 hatten wir die Ehre, zwei mexikanische Gastsch\u00fclerInnen willkommen zu hei\u00dfen. Maria Jos\u00e9 (Majo) Romo S\u00e1nchez und Markus Bahnsen Lara...<\/p>\n<\/div>\n<footer class=\"cmsms_post_footer entry-meta tar\"><div class=\"cmsms_post_meta_info\"><abbr class=\"published cmsms_post_date cmsms-icon-calendar-8\" title=\"April 24, 2026\">April 24, 2026<\/abbr><abbr class=\"dn date updated\" title=\"April 26, 2026\">April 26, 2026<\/abbr><\/div><a class=\"button cmsms_post_read_more\" href=\"https:\/\/www.bgamstetten.ac.at\/index.php\/2026\/04\/24\/mexico-zu-gast-am-gymnasium\/\">weiterlesen ...<\/a><\/footer>\t<\/div>\r\n<\/article>\r\n<!--_________________________ Finish Standard Article _________________________ -->\r\n\r\n\r\n<!--_________________________ Start Standard Article _________________________ -->\r\n\r\n<article id=\"post-61347\" class=\"cmsms_masonry_type post-61347 post type-post status-publish format-standard has-post-thumbnail hentry category-123 category-aktuelles category-allgemein category-sprachen\" data-category=\"202526 aktuelles allgemein sprachen\">\r\n\t<span class=\"cmsms_post_format_img  cmsms-icon-desktop-3\"><\/span>\r\n\t<div class=\"cmsms_post_cont\">\r\n\t<figure><a href=\"https:\/\/www.bgamstetten.ac.at\/index.php\/2026\/04\/10\/gross-fuer-klein-im-lateinunterricht-der-3-klassen\/\" title=\"\u201eGro\u00df f\u00fcr Klein\u201c im Lateinunterricht der 3. Klassen\" class=\"cmsms_img_link preloader\"><img decoding=\"async\" width=\"580\" height=\"390\" src=\"https:\/\/www.bgamstetten.ac.at\/wp-content\/uploads\/2026\/04\/3bc-580x390.jpeg\" class=\"full-width wp-post-image\" alt=\"\u201eGro\u00df f\u00fcr Klein\u201c im Lateinunterricht der 3. Klassen\" title=\"\u201eGro\u00df f\u00fcr Klein\u201c im Lateinunterricht der 3. Klassen\" \/><\/a><\/figure><header class=\"cmsms_post_header entry-header\"><h2 class=\"cmsms_post_title entry-title\"><a href=\"https:\/\/www.bgamstetten.ac.at\/index.php\/2026\/04\/10\/gross-fuer-klein-im-lateinunterricht-der-3-klassen\/\">\u201eGro\u00df f\u00fcr Klein\u201c im Lateinunterricht der 3. Klassen<\/a><\/h2><\/header><div class=\"cmsms_post_content entry-content\">\n<p>Da in der Woche nach den Osterferien beide der aktuell unterrichtenden Lateinlehrer:innen mit dem Sprachen- und Musikzweig der 7. Klassen auf Projektwoche in Rom waren,...<\/p>\n<\/div>\n<footer class=\"cmsms_post_footer entry-meta tar\"><div class=\"cmsms_post_meta_info\"><abbr class=\"published cmsms_post_date cmsms-icon-calendar-8\" title=\"April 10, 2026\">April 10, 2026<\/abbr><abbr class=\"dn date updated\" title=\"April 17, 2026\">April 17, 2026<\/abbr><\/div><a class=\"button cmsms_post_read_more\" href=\"https:\/\/www.bgamstetten.ac.at\/index.php\/2026\/04\/10\/gross-fuer-klein-im-lateinunterricht-der-3-klassen\/\">weiterlesen ...<\/a><\/footer>\t<\/div>\r\n<\/article>\r\n<!--_________________________ Finish Standard Article _________________________ -->\r\n\r\n\r\n<!--_________________________ Start Standard Article _________________________ -->\r\n\r\n<article id=\"post-61303\" class=\"cmsms_masonry_type post-61303 post type-post status-publish format-standard has-post-thumbnail hentry category-123 category-aktuelles category-sprachen\" data-category=\"202526 aktuelles sprachen\">\r\n\t<span class=\"cmsms_post_format_img  cmsms-icon-desktop-3\"><\/span>\r\n\t<div class=\"cmsms_post_cont\">\r\n\t<figure><a href=\"https:\/\/www.bgamstetten.ac.at\/index.php\/2026\/03\/27\/la-tunisie-et-la-francophonie\/\" title=\"La Tunisie et la Francophonie\" class=\"cmsms_img_link preloader\"><img decoding=\"async\" width=\"580\" height=\"390\" src=\"https:\/\/www.bgamstetten.ac.at\/wp-content\/uploads\/2026\/04\/Titelbild_Francophonie-580x390.jpg\" class=\"full-width wp-post-image\" alt=\"La Tunisie et la Francophonie\" title=\"La Tunisie et la Francophonie\" \/><\/a><\/figure><header class=\"cmsms_post_header entry-header\"><h2 class=\"cmsms_post_title entry-title\"><a href=\"https:\/\/www.bgamstetten.ac.at\/index.php\/2026\/03\/27\/la-tunisie-et-la-francophonie\/\">La Tunisie et la Francophonie<\/a><\/h2><\/header><div class=\"cmsms_post_content entry-content\">\n<p>Am Freitag, 27. M\u00e4rz, hat Mag. Mabrouka Rayachi in der Franz\u00f6sisch-Sprachgruppe 6A im Rahmen der Semaine francophone einen wunderbaren Vortrag \u00fcber die Francophonie und Tunesien...<\/p>\n<\/div>\n<footer class=\"cmsms_post_footer entry-meta tar\"><div class=\"cmsms_post_meta_info\"><abbr class=\"published cmsms_post_date cmsms-icon-calendar-8\" title=\"M\u00e4rz 27, 2026\">M\u00e4rz 27, 2026<\/abbr><abbr class=\"dn date updated\" title=\"April 6, 2026\">April 6, 2026<\/abbr><\/div><a class=\"button cmsms_post_read_more\" href=\"https:\/\/www.bgamstetten.ac.at\/index.php\/2026\/03\/27\/la-tunisie-et-la-francophonie\/\">weiterlesen ...<\/a><\/footer>\t<\/div>\r\n<\/article>\r\n<!--_________________________ Finish Standard Article _________________________ -->\r\n\r\n<\/div><div class=\"cmsms_wrap_more_posts\"><div class=\"cmsms_wrap_pagination\"><ul class='page-numbers'>\n\t<li><span aria-current=\"page\" class=\"page-numbers current\">1<\/span><\/li>\n\t<li><a class=\"page-numbers\" href=\"https:\/\/www.bgamstetten.ac.at\/index.php\/wp-json\/wp\/v2\/pages\/439\/page\/2\/\">2<\/a><\/li>\n\t<li><a class=\"page-numbers\" href=\"https:\/\/www.bgamstetten.ac.at\/index.php\/wp-json\/wp\/v2\/pages\/439\/page\/3\/\">3<\/a><\/li>\n\t<li><span class=\"page-numbers dots\">&hellip;<\/span><\/li>\n\t<li><a class=\"page-numbers\" href=\"https:\/\/www.bgamstetten.ac.at\/index.php\/wp-json\/wp\/v2\/pages\/439\/page\/79\/\">79<\/a><\/li>\n\t<li><a class=\"next page-numbers\" href=\"https:\/\/www.bgamstetten.ac.at\/index.php\/wp-json\/wp\/v2\/pages\/439\/page\/2\/\"><span class=\"cmsms_next_arrow\"><span><\/span><\/span><\/a><\/li>\n<\/ul>\n<\/div><\/div><\/div>\n<\/div>\n<\/div>\n<\/div>\n<\/div>\n<\/div>\n<\/div>\n\n","protected":false},"excerpt":{"rendered":"","protected":false},"author":1,"featured_media":0,"parent":45329,"menu_order":0,"comment_status":"closed","ping_status":"closed","template":"","meta":{"footnotes":""},"class_list":["post-439","page","type-page","status-publish","hentry"],"_links":{"self":[{"href":"https:\/\/www.bgamstetten.ac.at\/index.php\/wp-json\/wp\/v2\/pages\/439","targetHints":{"allow":["GET"]}}],"collection":[{"href":"https:\/\/www.bgamstetten.ac.at\/index.php\/wp-json\/wp\/v2\/pages"}],"about":[{"href":"https:\/\/www.bgamstetten.ac.at\/index.php\/wp-json\/wp\/v2\/types\/page"}],"author":[{"embeddable":true,"href":"https:\/\/www.bgamstetten.ac.at\/index.php\/wp-json\/wp\/v2\/users\/1"}],"replies":[{"embeddable":true,"href":"https:\/\/www.bgamstetten.ac.at\/index.php\/wp-json\/wp\/v2\/comments?post=439"}],"version-history":[{"count":16,"href":"https:\/\/www.bgamstetten.ac.at\/index.php\/wp-json\/wp\/v2\/pages\/439\/revisions"}],"predecessor-version":[{"id":59806,"href":"https:\/\/www.bgamstetten.ac.at\/index.php\/wp-json\/wp\/v2\/pages\/439\/revisions\/59806"}],"up":[{"embeddable":true,"href":"https:\/\/www.bgamstetten.ac.at\/index.php\/wp-json\/wp\/v2\/pages\/45329"}],"wp:attachment":[{"href":"https:\/\/www.bgamstetten.ac.at\/index.php\/wp-json\/wp\/v2\/media?parent=439"}],"curies":[{"name":"wp","href":"https:\/\/api.w.org\/{rel}","templated":true}]}}