{"id":390,"date":"2014-11-15T17:25:57","date_gmt":"2014-11-15T16:25:57","guid":{"rendered":"http:\/\/localhost\/amgym\/?page_id=390"},"modified":"2024-04-26T09:45:26","modified_gmt":"2024-04-26T07:45:26","slug":"leitbild","status":"publish","type":"page","link":"https:\/\/www.bgamstetten.ac.at\/index.php\/schule\/schulvideos\/leitbild\/","title":{"rendered":"Leitbild"},"content":{"rendered":"<style type=\"text\/css\"> \n#cmsms_row_69eb0a91ccf93 .cmsms_row_outer_parent { \n\tpadding-top: 0px; \n} \n\n#cmsms_row_69eb0a91ccf93 .cmsms_row_outer_parent { \n\tpadding-bottom: 50px; \n} \n\n<\/style><div id=\"cmsms_row_69eb0a91ccf93\" class=\"cmsms_row cmsms_color_scheme_default\">\n<div class=\"cmsms_row_outer_parent\">\n<div class=\"cmsms_row_outer\">\n<div class=\"cmsms_row_inner\">\n<div class=\"cmsms_row_margin\">\n<div class=\"cmsms_column one_first\">\n<div class=\"cmsms_img  cmsms_image_l\">\n<img decoding=\"async\" src=\"https:\/\/www.bgamstetten.ac.at\/wp-content\/uploads\/2023\/07\/boys-g7c19ce116_1920-1.jpg\" alt=\"\" \/>\n<\/div>\n<\/div>\n<\/div>\n<\/div>\n<\/div>\n<\/div>\n<\/div>\n<div id=\"cmsms_row_69eb0a91cdb64\" class=\"cmsms_row cmsms_color_scheme_default\">\n<div class=\"cmsms_row_outer_parent\">\n<div class=\"cmsms_row_outer\">\n<div class=\"cmsms_row_inner\">\n<div class=\"cmsms_row_margin\">\n<div class=\"cmsms_column one_first\">\n<div class=\"cmsms_text\">\n<div style=\"padding-top: 20px;\">\n<p><strong>Bildung<\/strong>\u00a0schafft eine solide Basis f\u00fcr die F\u00e4higkeit, sich in der Welt flexibel zu\u00a0<strong>bewegen<\/strong>, Motivation verleiht Kraft, etwas zu bewegen, sich und andere f\u00fcr das Leben zu\u00a0<strong>begeistern<\/strong>.<\/p>\n<p><strong>Das ist unser Auftrag.<\/strong><\/p>\n<\/div>\n<\/div>\n<div class=\"cmsms_toggles toggles_mode_accordion\">\n<div class=\"cmsms_toggle_wrap current_toggle\" data-tags=\"all \">\n<div class=\"cmsms_toggle_title\">\n<span class=\"cmsms_toggle_plus\">\n<span class=\"cmsms_toggle_plus_hor\"><\/span>\n<span class=\"cmsms_toggle_plus_vert\"><\/span>\n<\/span>\n<a href=\"#\">Bilden<\/a>\n<\/div>\n<div class=\"cmsms_toggle\">\n<div class=\"cmsms_toggle_inner\">\n<p style=\"text-align: center;\"><em><strong>\u00a0\u201eJe mehr man von der Welt wei\u00df, umso interessanter wird sie\u201c (Donata Elschenbroich)<\/strong><\/em><\/p>\n<p><img decoding=\"async\" class=\"aligncenter wp-image-50160\" style=\"display: block; margin-left: auto; margin-right: auto; border-radius: 20px;\" src=\"https:\/\/www.bgamstetten.ac.at\/wp-content\/uploads\/2022\/07\/pexels-element-digital-1370298-820x490.jpg\" alt=\"\" width=\"600\" height=\"350\" \/><\/p>\n<p style=\"text-align: center;\">Ein wesentliches Ziel unseres Lehrerteams ist, alle Sch\u00fcler mit allen Kr\u00e4ften zu f\u00f6rdern und zu fordern. Hinter dem gro\u00dfen <strong>Bekenntnis zur Leistung <\/strong>und zur <strong>umfassenden Allgemeinbildung<\/strong> liegt unser Fokus auf dem <strong>Gelingen<\/strong>, denn die St\u00e4rkung eines gesunden Selbstwertes ist uns viel wert. Dass dabei jeder Einzelne mit seinen St\u00e4rken und Schw\u00e4chen im Zentrum steht, ist keine leere Floskel, sondern unser t\u00e4glicher Auftrag.<\/p>\n<\/div>\n<\/div>\n<\/div><div class=\"cmsms_toggle_wrap\" data-tags=\"all \">\n<div class=\"cmsms_toggle_title\">\n<span class=\"cmsms_toggle_plus\">\n<span class=\"cmsms_toggle_plus_hor\"><\/span>\n<span class=\"cmsms_toggle_plus_vert\"><\/span>\n<\/span>\n<a href=\"#\">Bewegen<\/a>\n<\/div>\n<div class=\"cmsms_toggle\">\n<div class=\"cmsms_toggle_inner\">\n<p style=\"text-align: center;\"><em><strong>\u201eDas Leben besteht in der Bewegung\u201c (Aristoteles)<\/strong><\/em><\/p>\n<p><img decoding=\"async\" class=\"size-masonry-thumb wp-image-50167 aligncenter\" style=\"display: block; margin-left: auto; margin-right: auto; border-radius: 20px;\" src=\"https:\/\/www.bgamstetten.ac.at\/wp-content\/uploads\/2022\/07\/P1040320-820x615.jpg\" alt=\"\" width=\"600\" height=\"350\" \/><\/p>\n<p style=\"text-align: center;\">Besonders wichtig ist uns ein<strong> gelebtes Miteinander<\/strong>, das alle Schulpartner (Eltern, Sch\u00fcler, Lehrer) gleicherma\u00dfen miteinbezieht, gemeinsam an der Zukunft unserer Schule arbeitet und somit unsere Schule \u00fcber das Unterrichtsgeschehen hinaus zum <strong>wertvollen Lebensraum<\/strong> werden l\u00e4sst.<\/p>\n<\/div>\n<\/div>\n<\/div><div class=\"cmsms_toggle_wrap\" data-tags=\"all \">\n<div class=\"cmsms_toggle_title\">\n<span class=\"cmsms_toggle_plus\">\n<span class=\"cmsms_toggle_plus_hor\"><\/span>\n<span class=\"cmsms_toggle_plus_vert\"><\/span>\n<\/span>\n<a href=\"#\">Begeistern<\/a>\n<\/div>\n<div class=\"cmsms_toggle\">\n<div class=\"cmsms_toggle_inner\">\n<p style=\"text-align: center;\"><strong><em>\u201cOhne Begeisterung schlafen die besten Kr\u00e4fte unseres Gem\u00fctes.<br \/>\nEs ist ein Zunder in uns, der Funken will.\u201d (Johann Gottfried Herder)<\/em><\/strong><\/p>\n<p style=\"text-align: center;\"><img decoding=\"async\" class=\"size-masonry-thumb wp-image-50172 aligncenter\" style=\"display: block; margin-left: auto; margin-right: auto; border-radius: 20px;\" src=\"https:\/\/www.bgamstetten.ac.at\/wp-content\/uploads\/2022\/07\/DSC7126-820x461.jpg\" alt=\"\" width=\"600\" height=\"350\" \/><\/p>\n<p style=\"text-align: center;\">Unsere Schule verstehen wir als einen Ort, in dem <strong>Lernen, Lachen und Feiern<\/strong> ebenso ihren Platz haben wie Phasen der Stille und Konzentration. Es ist uns ein besonderes Anliegen, als Schule ein <strong>Raum begeistert gelebten Wissens und pr\u00e4gender Gemeinschaft <\/strong>zu sein.<\/p>\n<\/div>\n<\/div>\n<\/div><\/div>\n<\/div>\n<\/div>\n<\/div>\n<\/div>\n<\/div>\n<\/div>\n\n","protected":false},"excerpt":{"rendered":"","protected":false},"author":1,"featured_media":0,"parent":45364,"menu_order":0,"comment_status":"closed","ping_status":"closed","template":"","meta":{"footnotes":""},"class_list":["post-390","page","type-page","status-publish","hentry"],"_links":{"self":[{"href":"https:\/\/www.bgamstetten.ac.at\/index.php\/wp-json\/wp\/v2\/pages\/390","targetHints":{"allow":["GET"]}}],"collection":[{"href":"https:\/\/www.bgamstetten.ac.at\/index.php\/wp-json\/wp\/v2\/pages"}],"about":[{"href":"https:\/\/www.bgamstetten.ac.at\/index.php\/wp-json\/wp\/v2\/types\/page"}],"author":[{"embeddable":true,"href":"https:\/\/www.bgamstetten.ac.at\/index.php\/wp-json\/wp\/v2\/users\/1"}],"replies":[{"embeddable":true,"href":"https:\/\/www.bgamstetten.ac.at\/index.php\/wp-json\/wp\/v2\/comments?post=390"}],"version-history":[{"count":25,"href":"https:\/\/www.bgamstetten.ac.at\/index.php\/wp-json\/wp\/v2\/pages\/390\/revisions"}],"predecessor-version":[{"id":53955,"href":"https:\/\/www.bgamstetten.ac.at\/index.php\/wp-json\/wp\/v2\/pages\/390\/revisions\/53955"}],"up":[{"embeddable":true,"href":"https:\/\/www.bgamstetten.ac.at\/index.php\/wp-json\/wp\/v2\/pages\/45364"}],"wp:attachment":[{"href":"https:\/\/www.bgamstetten.ac.at\/index.php\/wp-json\/wp\/v2\/media?parent=390"}],"curies":[{"name":"wp","href":"https:\/\/api.w.org\/{rel}","templated":true}]}}