{"id":362,"date":"2014-11-15T17:10:34","date_gmt":"2014-11-15T15:10:34","guid":{"rendered":"http:\/\/localhost\/amgym\/?page_id=362"},"modified":"2024-04-16T19:46:03","modified_gmt":"2024-04-16T17:46:03","slug":"peermediation","status":"publish","type":"page","link":"https:\/\/www.bgamstetten.ac.at\/index.php\/angebote\/peermediation\/","title":{"rendered":"Peer-Mediation"},"content":{"rendered":"<style type=\"text\/css\"> \n#cmsms_row_69e05cd4623e6 .cmsms_row_outer_parent { \n\tpadding-top: 20px; \n} \n\n \n#cmsms_row_69e05cd465bf2 .cmsms_row_outer_parent { \n\tpadding-top: 0px; \n} \n\n#cmsms_row_69e05cd465bf2 .cmsms_row_outer_parent { \n\tpadding-bottom: 50px; \n} \n\n<\/style><div id=\"cmsms_row_69e05cd4623e6\" class=\"cmsms_row cmsms_color_scheme_default\">\n<div class=\"cmsms_row_outer_parent\">\n<div class=\"cmsms_row_outer\">\n<div class=\"cmsms_row_inner\">\n<div class=\"cmsms_row_margin\">\n<div class=\"cmsms_column one_half\">\n<div class=\"cmsms_text\">\n<p style=\"text-align: center;\"><div class=\"content_slider_wrap\" style=\"max-width:580px;\">\n<script type=\"text\/javascript\">jQuery(document).ready(function () { jQuery(\"#cmsms_slider_69e05cd4626b8.content_slider\").owlCarousel( { singleItem : true, transitionStyle: false, rewindSpeed : 1000, slideSpeed : 600, autoHeight : true, paginationSpeed : \t600, autoPlay : 7000,stopOnHover: true, navigationText : \t[ \"<span class=\\\"cmsms_prev_arrow\\\"><\/span>\", \"<span class=\\\"cmsms_next_arrow\\\"><\/span>\" ] } );} );<\/script>\n<div id=\"cmsms_slider_69e05cd4626b8\" class=\"content_slider owl-carousel centerslider\">\n<div class=\"item\"><img decoding=\"async\" width=\"580\" height=\"435\" src=\"https:\/\/www.bgamstetten.ac.at\/wp-content\/uploads\/2022\/08\/IMG_20180625_122051-1-580x435.jpg\" class=\"attachment-project-masonry-thumb size-project-masonry-thumb\" alt=\"\" srcset=\"https:\/\/www.bgamstetten.ac.at\/wp-content\/uploads\/2022\/08\/IMG_20180625_122051-1-580x435.jpg 580w, https:\/\/www.bgamstetten.ac.at\/wp-content\/uploads\/2022\/08\/IMG_20180625_122051-1-300x225.jpg 300w, https:\/\/www.bgamstetten.ac.at\/wp-content\/uploads\/2022\/08\/IMG_20180625_122051-1-1024x768.jpg 1024w, https:\/\/www.bgamstetten.ac.at\/wp-content\/uploads\/2022\/08\/IMG_20180625_122051-1-768x576.jpg 768w, https:\/\/www.bgamstetten.ac.at\/wp-content\/uploads\/2022\/08\/IMG_20180625_122051-1-1536x1152.jpg 1536w, https:\/\/www.bgamstetten.ac.at\/wp-content\/uploads\/2022\/08\/IMG_20180625_122051-1-2048x1536.jpg 2048w, https:\/\/www.bgamstetten.ac.at\/wp-content\/uploads\/2022\/08\/IMG_20180625_122051-1-820x615.jpg 820w, https:\/\/www.bgamstetten.ac.at\/wp-content\/uploads\/2022\/08\/IMG_20180625_122051-1-1160x870.jpg 1160w\" sizes=\"(max-width: 580px) 100vw, 580px\" \/><\/div><div class=\"item\"><img decoding=\"async\" width=\"580\" height=\"435\" src=\"https:\/\/www.bgamstetten.ac.at\/wp-content\/uploads\/2022\/08\/IMG_20180625_081123-1-580x435.jpg\" class=\"attachment-project-masonry-thumb size-project-masonry-thumb\" alt=\"\" srcset=\"https:\/\/www.bgamstetten.ac.at\/wp-content\/uploads\/2022\/08\/IMG_20180625_081123-1-580x435.jpg 580w, https:\/\/www.bgamstetten.ac.at\/wp-content\/uploads\/2022\/08\/IMG_20180625_081123-1-300x225.jpg 300w, https:\/\/www.bgamstetten.ac.at\/wp-content\/uploads\/2022\/08\/IMG_20180625_081123-1-1024x768.jpg 1024w, https:\/\/www.bgamstetten.ac.at\/wp-content\/uploads\/2022\/08\/IMG_20180625_081123-1-768x576.jpg 768w, https:\/\/www.bgamstetten.ac.at\/wp-content\/uploads\/2022\/08\/IMG_20180625_081123-1-1536x1152.jpg 1536w, https:\/\/www.bgamstetten.ac.at\/wp-content\/uploads\/2022\/08\/IMG_20180625_081123-1-2048x1536.jpg 2048w, https:\/\/www.bgamstetten.ac.at\/wp-content\/uploads\/2022\/08\/IMG_20180625_081123-1-820x615.jpg 820w, https:\/\/www.bgamstetten.ac.at\/wp-content\/uploads\/2022\/08\/IMG_20180625_081123-1-1160x870.jpg 1160w\" sizes=\"(max-width: 580px) 100vw, 580px\" \/><\/div><div class=\"item\"><img decoding=\"async\" width=\"580\" height=\"773\" src=\"https:\/\/www.bgamstetten.ac.at\/wp-content\/uploads\/2022\/08\/IMG_20180625_224844-1-580x773.jpg\" class=\"attachment-project-masonry-thumb size-project-masonry-thumb\" alt=\"\" srcset=\"https:\/\/www.bgamstetten.ac.at\/wp-content\/uploads\/2022\/08\/IMG_20180625_224844-1-580x773.jpg 580w, https:\/\/www.bgamstetten.ac.at\/wp-content\/uploads\/2022\/08\/IMG_20180625_224844-1-225x300.jpg 225w, https:\/\/www.bgamstetten.ac.at\/wp-content\/uploads\/2022\/08\/IMG_20180625_224844-1-768x1024.jpg 768w, https:\/\/www.bgamstetten.ac.at\/wp-content\/uploads\/2022\/08\/IMG_20180625_224844-1-1152x1536.jpg 1152w, https:\/\/www.bgamstetten.ac.at\/wp-content\/uploads\/2022\/08\/IMG_20180625_224844-1-1536x2048.jpg 1536w, https:\/\/www.bgamstetten.ac.at\/wp-content\/uploads\/2022\/08\/IMG_20180625_224844-1-820x1093.jpg 820w, https:\/\/www.bgamstetten.ac.at\/wp-content\/uploads\/2022\/08\/IMG_20180625_224844-1-1160x1547.jpg 1160w, https:\/\/www.bgamstetten.ac.at\/wp-content\/uploads\/2022\/08\/IMG_20180625_224844-1-scaled.jpg 1920w\" sizes=\"(max-width: 580px) 100vw, 580px\" \/><\/div><div class=\"item\"><img decoding=\"async\" width=\"580\" height=\"435\" src=\"https:\/\/www.bgamstetten.ac.at\/wp-content\/uploads\/2022\/08\/IMG_20180625_223249-1-580x435.jpg\" class=\"attachment-project-masonry-thumb size-project-masonry-thumb\" alt=\"\" srcset=\"https:\/\/www.bgamstetten.ac.at\/wp-content\/uploads\/2022\/08\/IMG_20180625_223249-1-580x435.jpg 580w, https:\/\/www.bgamstetten.ac.at\/wp-content\/uploads\/2022\/08\/IMG_20180625_223249-1-300x225.jpg 300w, https:\/\/www.bgamstetten.ac.at\/wp-content\/uploads\/2022\/08\/IMG_20180625_223249-1-1024x768.jpg 1024w, https:\/\/www.bgamstetten.ac.at\/wp-content\/uploads\/2022\/08\/IMG_20180625_223249-1-768x576.jpg 768w, https:\/\/www.bgamstetten.ac.at\/wp-content\/uploads\/2022\/08\/IMG_20180625_223249-1-1536x1152.jpg 1536w, https:\/\/www.bgamstetten.ac.at\/wp-content\/uploads\/2022\/08\/IMG_20180625_223249-1-2048x1536.jpg 2048w, https:\/\/www.bgamstetten.ac.at\/wp-content\/uploads\/2022\/08\/IMG_20180625_223249-1-820x615.jpg 820w, https:\/\/www.bgamstetten.ac.at\/wp-content\/uploads\/2022\/08\/IMG_20180625_223249-1-1160x870.jpg 1160w\" sizes=\"(max-width: 580px) 100vw, 580px\" \/><\/div><div class=\"item\"><img decoding=\"async\" width=\"580\" height=\"435\" src=\"https:\/\/www.bgamstetten.ac.at\/wp-content\/uploads\/2022\/08\/IMG_20180625_223256-1-580x435.jpg\" class=\"attachment-project-masonry-thumb size-project-masonry-thumb\" alt=\"\" srcset=\"https:\/\/www.bgamstetten.ac.at\/wp-content\/uploads\/2022\/08\/IMG_20180625_223256-1-580x435.jpg 580w, https:\/\/www.bgamstetten.ac.at\/wp-content\/uploads\/2022\/08\/IMG_20180625_223256-1-300x225.jpg 300w, https:\/\/www.bgamstetten.ac.at\/wp-content\/uploads\/2022\/08\/IMG_20180625_223256-1-1024x768.jpg 1024w, https:\/\/www.bgamstetten.ac.at\/wp-content\/uploads\/2022\/08\/IMG_20180625_223256-1-768x576.jpg 768w, https:\/\/www.bgamstetten.ac.at\/wp-content\/uploads\/2022\/08\/IMG_20180625_223256-1-1536x1152.jpg 1536w, https:\/\/www.bgamstetten.ac.at\/wp-content\/uploads\/2022\/08\/IMG_20180625_223256-1-2048x1536.jpg 2048w, https:\/\/www.bgamstetten.ac.at\/wp-content\/uploads\/2022\/08\/IMG_20180625_223256-1-820x615.jpg 820w, https:\/\/www.bgamstetten.ac.at\/wp-content\/uploads\/2022\/08\/IMG_20180625_223256-1-1160x870.jpg 1160w\" sizes=\"(max-width: 580px) 100vw, 580px\" \/><\/div><div class=\"item\"><img decoding=\"async\" width=\"580\" height=\"435\" src=\"https:\/\/www.bgamstetten.ac.at\/wp-content\/uploads\/2022\/08\/IMG_20180625_224539-1-580x435.jpg\" class=\"attachment-project-masonry-thumb size-project-masonry-thumb\" alt=\"\" srcset=\"https:\/\/www.bgamstetten.ac.at\/wp-content\/uploads\/2022\/08\/IMG_20180625_224539-1-580x435.jpg 580w, https:\/\/www.bgamstetten.ac.at\/wp-content\/uploads\/2022\/08\/IMG_20180625_224539-1-300x225.jpg 300w, https:\/\/www.bgamstetten.ac.at\/wp-content\/uploads\/2022\/08\/IMG_20180625_224539-1-1024x768.jpg 1024w, https:\/\/www.bgamstetten.ac.at\/wp-content\/uploads\/2022\/08\/IMG_20180625_224539-1-768x576.jpg 768w, https:\/\/www.bgamstetten.ac.at\/wp-content\/uploads\/2022\/08\/IMG_20180625_224539-1-1536x1152.jpg 1536w, https:\/\/www.bgamstetten.ac.at\/wp-content\/uploads\/2022\/08\/IMG_20180625_224539-1-2048x1536.jpg 2048w, https:\/\/www.bgamstetten.ac.at\/wp-content\/uploads\/2022\/08\/IMG_20180625_224539-1-820x615.jpg 820w, https:\/\/www.bgamstetten.ac.at\/wp-content\/uploads\/2022\/08\/IMG_20180625_224539-1-1160x870.jpg 1160w\" sizes=\"(max-width: 580px) 100vw, 580px\" \/><\/div><div class=\"item\"><img decoding=\"async\" width=\"580\" height=\"435\" src=\"https:\/\/www.bgamstetten.ac.at\/wp-content\/uploads\/2022\/08\/IMG_20180625_091114-1-580x435.jpg\" class=\"attachment-project-masonry-thumb size-project-masonry-thumb\" alt=\"\" srcset=\"https:\/\/www.bgamstetten.ac.at\/wp-content\/uploads\/2022\/08\/IMG_20180625_091114-1-580x435.jpg 580w, https:\/\/www.bgamstetten.ac.at\/wp-content\/uploads\/2022\/08\/IMG_20180625_091114-1-300x225.jpg 300w, https:\/\/www.bgamstetten.ac.at\/wp-content\/uploads\/2022\/08\/IMG_20180625_091114-1-1024x768.jpg 1024w, https:\/\/www.bgamstetten.ac.at\/wp-content\/uploads\/2022\/08\/IMG_20180625_091114-1-768x576.jpg 768w, https:\/\/www.bgamstetten.ac.at\/wp-content\/uploads\/2022\/08\/IMG_20180625_091114-1-1536x1152.jpg 1536w, https:\/\/www.bgamstetten.ac.at\/wp-content\/uploads\/2022\/08\/IMG_20180625_091114-1-2048x1536.jpg 2048w, https:\/\/www.bgamstetten.ac.at\/wp-content\/uploads\/2022\/08\/IMG_20180625_091114-1-820x615.jpg 820w, https:\/\/www.bgamstetten.ac.at\/wp-content\/uploads\/2022\/08\/IMG_20180625_091114-1-1160x870.jpg 1160w\" sizes=\"(max-width: 580px) 100vw, 580px\" \/><\/div><div class=\"item\"><img decoding=\"async\" width=\"580\" height=\"435\" src=\"https:\/\/www.bgamstetten.ac.at\/wp-content\/uploads\/2022\/08\/IMG_20180625_122027-1-580x435.jpg\" class=\"attachment-project-masonry-thumb size-project-masonry-thumb\" alt=\"\" srcset=\"https:\/\/www.bgamstetten.ac.at\/wp-content\/uploads\/2022\/08\/IMG_20180625_122027-1-580x435.jpg 580w, https:\/\/www.bgamstetten.ac.at\/wp-content\/uploads\/2022\/08\/IMG_20180625_122027-1-300x225.jpg 300w, https:\/\/www.bgamstetten.ac.at\/wp-content\/uploads\/2022\/08\/IMG_20180625_122027-1-1024x768.jpg 1024w, https:\/\/www.bgamstetten.ac.at\/wp-content\/uploads\/2022\/08\/IMG_20180625_122027-1-768x576.jpg 768w, https:\/\/www.bgamstetten.ac.at\/wp-content\/uploads\/2022\/08\/IMG_20180625_122027-1-1536x1152.jpg 1536w, https:\/\/www.bgamstetten.ac.at\/wp-content\/uploads\/2022\/08\/IMG_20180625_122027-1-2048x1536.jpg 2048w, https:\/\/www.bgamstetten.ac.at\/wp-content\/uploads\/2022\/08\/IMG_20180625_122027-1-820x615.jpg 820w, https:\/\/www.bgamstetten.ac.at\/wp-content\/uploads\/2022\/08\/IMG_20180625_122027-1-1160x870.jpg 1160w\" sizes=\"(max-width: 580px) 100vw, 580px\" \/><\/div><\/div>\n<\/div>\n<\/div>\n<div class=\"cmsms_text\">\n<p><img decoding=\"async\" class=\"alignnone size-full wp-image-39948\" style=\"border-radius: 20px;\" src=\"https:\/\/www.bgamstetten.ac.at\/wp-content\/uploads\/2023\/03\/peers19-08-675x700-1.jpg\" alt=\"\" width=\"900\" height=\"675\" \/><\/p>\n<\/div>\n<\/div>\n<div class=\"cmsms_column one_half\">\n<div class=\"cmsms_text\">\n<div class=\"cmsms_toggles toggles_mode_toggle\">\n<div class=\"cmsms_toggle_wrap current_toggle\" data-tags=\"all \">\n<div class=\"cmsms_toggle_title\">\n<span class=\"cmsms_toggle_plus\">\n<span class=\"cmsms_toggle_plus_hor\"><\/span>\n<span class=\"cmsms_toggle_plus_vert\"><\/span>\n<\/span>\n<a href=\"#\">Was ist Peer-Mediation?<\/a>\n<\/div>\n<div class=\"cmsms_toggle\">\n<div class=\"cmsms_toggle_inner\">\n<ul>\n<li>Vermittlung bei Konflikten zwischen Jugendlichen durch speziell ausgebildete Jugendliche.<\/li>\n<li>Konfliktregelung durch Mitsch\u00fclerInnen wird oft besser angenommen als das Eingreifen von Erwachsenen.<\/li>\n<li>\u00a0Mediation bedeutet: ein freiwilliges Gespr\u00e4ch nach festgelegten Regeln und mit einem bestimmten Ablauf, sodass jeder zu Wort kommt.<\/li>\n<li>Peer Mediatoren lernen Kommunikationstechniken und gewaltfreie Konfliktl\u00f6sungsstrategien anzuwenden.<\/li>\n<\/ul>\n<\/div>\n<\/div>\n<\/div>\n<div class=\"cmsms_toggle_wrap\" data-tags=\"all \">\n<div class=\"cmsms_toggle_title\">\n<span class=\"cmsms_toggle_plus\">\n<span class=\"cmsms_toggle_plus_hor\"><\/span>\n<span class=\"cmsms_toggle_plus_vert\"><\/span>\n<\/span>\n<a href=\"#\">Was bringt mir das?<\/a>\n<\/div>\n<div class=\"cmsms_toggle\">\n<div class=\"cmsms_toggle_inner\">\n<ul>\n<li>Bew\u00e4ltigung von Konflikten .<\/li>\n<li>Die Peer- Mediatoren sind selbst Sch\u00fclerInnen und waren m\u00f6glicherweise schon einmal in derselben Situation wie du.<\/li>\n<\/ul>\n<\/div>\n<\/div>\n<\/div>\n<p><\/div>\n<p><strong><div class=\"cmsms_toggles toggles_mode_toggle\">\n<\/strong><\/p>\n<p><strong><div class=\"cmsms_toggle_wrap\" data-tags=\"all \">\n<div class=\"cmsms_toggle_title\">\n<span class=\"cmsms_toggle_plus\">\n<span class=\"cmsms_toggle_plus_hor\"><\/span>\n<span class=\"cmsms_toggle_plus_vert\"><\/span>\n<\/span>\n<a href=\"#\">Wann kann ich \/ soll ich zu den Peers Kontakt aufnehmen?<\/a>\n<\/div>\n<div class=\"cmsms_toggle\">\n<div class=\"cmsms_toggle_inner\">\n<p>\n<\/strong><\/p>\n<ul>\n<li>Hast du Streit mit einer Mitsch\u00fclerin oder einem Mitsch\u00fcler und ihr k\u00f6nnt ihn allein nicht aus der<br \/>\nWelt schaffen? \u2026<\/li>\n<li>F\u00fchlst du dich nicht wohl in der Klasse, weil du von Mitsch\u00fclerInnen ungerecht behandelt wirst? \u2026<\/li>\n<\/ul>\n<p><strong><\/p>\n<\/div>\n<\/div>\n<\/div><\/strong><\/p>\n<p><strong><div class=\"cmsms_toggle_wrap\" data-tags=\"all \">\n<div class=\"cmsms_toggle_title\">\n<span class=\"cmsms_toggle_plus\">\n<span class=\"cmsms_toggle_plus_hor\"><\/span>\n<span class=\"cmsms_toggle_plus_vert\"><\/span>\n<\/span>\n<a href=\"#\">Du hast die M\u00f6glichkeit, mit uns Kontakt aufzunehmen!<\/a>\n<\/div>\n<div class=\"cmsms_toggle\">\n<div class=\"cmsms_toggle_inner\">\n<p><\/strong><\/p>\n<ul>\n<li>Sprich uns in der Schule einfach an, dann h\u00f6ren wir dir zu bzw. wir k\u00f6nnen uns einen passenden Termin ausmachen!<\/li>\n<\/ul>\n<p><strong><\/p>\n<\/div>\n<\/div>\n<\/div><\/strong><\/p>\n<p><strong><div class=\"cmsms_toggle_wrap\" data-tags=\"all \">\n<div class=\"cmsms_toggle_title\">\n<span class=\"cmsms_toggle_plus\">\n<span class=\"cmsms_toggle_plus_hor\"><\/span>\n<span class=\"cmsms_toggle_plus_vert\"><\/span>\n<\/span>\n<a href=\"#\">Ablauf einer Peer \u2013 Mediation<\/a>\n<\/div>\n<div class=\"cmsms_toggle\">\n<div class=\"cmsms_toggle_inner\">\n<p><\/strong><\/p>\n<ul>\n<li>Nachdem du mit den Peers Kontakt aufgenommen hast, besteht die M\u00f6glichkeit sich einen ersten Vormittagstermin auszumachen. Wie viele Termine dann noch notwendig sind, entscheidet ihr.<\/li>\n<li>Deine Anliegen behandeln wir vertraulich !<\/li>\n<\/ul>\n<p><strong><\/p>\n<\/div>\n<\/div>\n<\/div><\/strong><\/p>\n<p><strong><div class=\"cmsms_toggle_wrap current_toggle\" data-tags=\"all \">\n<div class=\"cmsms_toggle_title\">\n<span class=\"cmsms_toggle_plus\">\n<span class=\"cmsms_toggle_plus_hor\"><\/span>\n<span class=\"cmsms_toggle_plus_vert\"><\/span>\n<\/span>\n<a href=\"#\">BetreuungslehrerInnen<\/a>\n<\/div>\n<div class=\"cmsms_toggle\">\n<div class=\"cmsms_toggle_inner\">\n<p><\/strong><\/p>\n<p>Falls ihr keinen der Peers finden k\u00f6nnt oder sonst Fragen oder Probleme habt, k\u00f6nnt ihr auch gerne zu einem der betreuenden (Vertrauens-) LehrerInnen kommen:<\/p>\n<div style=\"width: 50%; text-align: center; float: left; display: inline-block;\"><img decoding=\"async\" class=\"rundesBild alignleft wp-image-49941 size-medium\" src=\"https:\/\/www.bgamstetten.ac.at\/wp-content\/uploads\/2022\/07\/DominikBuchmeier-217x300.jpg\" alt=\"\" width=\"90%\" height=\"300\" srcset=\"https:\/\/www.bgamstetten.ac.at\/wp-content\/uploads\/2022\/07\/DominikBuchmeier-217x300.jpg 217w, https:\/\/www.bgamstetten.ac.at\/wp-content\/uploads\/2022\/07\/DominikBuchmeier-580x803.jpg 580w, https:\/\/www.bgamstetten.ac.at\/wp-content\/uploads\/2022\/07\/DominikBuchmeier.jpg 600w\" sizes=\"(max-width: 217px) 100vw, 217px\" \/>Mag. Dominik Buchmeier<\/div>\n<div style=\"width: 50%; text-align: center; float: left; display: inline-block;\"><img decoding=\"async\" class=\"rundesBild alignleft wp-image-49966 size-medium\" src=\"https:\/\/www.bgamstetten.ac.at\/wp-content\/uploads\/2022\/07\/MariaResnitschek-217x300.jpg\" alt=\"\" width=\"90%\" height=\"300\" srcset=\"https:\/\/www.bgamstetten.ac.at\/wp-content\/uploads\/2022\/07\/MariaResnitschek-217x300.jpg 217w, https:\/\/www.bgamstetten.ac.at\/wp-content\/uploads\/2022\/07\/MariaResnitschek.jpg 578w\" sizes=\"(max-width: 217px) 100vw, 217px\" \/>Mag. Maria Resnitschek<\/div>\n<p><strong><\/p>\n<\/div>\n<\/div>\n<\/div><\/strong><\/p>\n<p><strong><\/div><\/strong><\/p>\n<\/div>\n<\/div>\n<\/div>\n<\/div>\n<\/div>\n<\/div>\n<\/div>\n<div id=\"cmsms_row_69e05cd465bf2\" class=\"cmsms_row cmsms_color_scheme_default\">\n<div class=\"cmsms_row_outer_parent\">\n<div class=\"cmsms_row_outer\">\n<div class=\"cmsms_row_inner\">\n<div class=\"cmsms_row_margin\">\n<div class=\"cmsms_column one_first\">\n<div class=\"cmsms_text\">\n<p style=\"text-align: center;\"><iframe style=\"border-radius: 20px;\" title=\"10 Jahre Peer-Mediation\" src=\"https:\/\/www.youtube.com\/embed\/tWcr543da90\" width=\"100%\" height=\"600\" frameborder=\"0\" allowfullscreen=\"allowfullscreen\"><\/iframe>\n<\/div>\n<\/div>\n<\/div>\n<\/div>\n<\/div>\n<\/div>\n<\/div>\n\n","protected":false},"excerpt":{"rendered":"","protected":false},"author":1,"featured_media":0,"parent":360,"menu_order":0,"comment_status":"closed","ping_status":"closed","template":"","meta":{"footnotes":""},"class_list":["post-362","page","type-page","status-publish","hentry"],"_links":{"self":[{"href":"https:\/\/www.bgamstetten.ac.at\/index.php\/wp-json\/wp\/v2\/pages\/362","targetHints":{"allow":["GET"]}}],"collection":[{"href":"https:\/\/www.bgamstetten.ac.at\/index.php\/wp-json\/wp\/v2\/pages"}],"about":[{"href":"https:\/\/www.bgamstetten.ac.at\/index.php\/wp-json\/wp\/v2\/types\/page"}],"author":[{"embeddable":true,"href":"https:\/\/www.bgamstetten.ac.at\/index.php\/wp-json\/wp\/v2\/users\/1"}],"replies":[{"embeddable":true,"href":"https:\/\/www.bgamstetten.ac.at\/index.php\/wp-json\/wp\/v2\/comments?post=362"}],"version-history":[{"count":33,"href":"https:\/\/www.bgamstetten.ac.at\/index.php\/wp-json\/wp\/v2\/pages\/362\/revisions"}],"predecessor-version":[{"id":55271,"href":"https:\/\/www.bgamstetten.ac.at\/index.php\/wp-json\/wp\/v2\/pages\/362\/revisions\/55271"}],"up":[{"embeddable":true,"href":"https:\/\/www.bgamstetten.ac.at\/index.php\/wp-json\/wp\/v2\/pages\/360"}],"wp:attachment":[{"href":"https:\/\/www.bgamstetten.ac.at\/index.php\/wp-json\/wp\/v2\/media?parent=362"}],"curies":[{"name":"wp","href":"https:\/\/api.w.org\/{rel}","templated":true}]}}