{"id":32535,"date":"2018-10-03T09:00:03","date_gmt":"2018-10-03T07:00:03","guid":{"rendered":"http:\/\/gymnasium-amstetten.at\/?page_id=32535"},"modified":"2023-03-23T06:49:18","modified_gmt":"2023-03-23T05:49:18","slug":"schulsozialarbeit","status":"publish","type":"page","link":"https:\/\/www.bgamstetten.ac.at\/index.php\/angebote\/schulsozialarbeit\/","title":{"rendered":"Schulsozialarbeit"},"content":{"rendered":"<style type=\"text\/css\"> \n#cmsms_icon_69e0b3aa89859 { \n\tdisplay:inline-block; } \n\n#cmsms_icon_69e0b3aa89859 span { \n\tfont-size:20px; \n\tline-height:20px; } \n \n#cmsms_icon_69e0b3aa8987c { \n\ttext-align:left; \n\tdisplay:inline-block; } \n\n#cmsms_icon_69e0b3aa8987c span { \n\tfont-size:20px; \n\tline-height:20px; \n\ttext-align:left; } \n<\/style><p>Ansprechpartnerin f\u00fcr Sch\u00fclerInnen, LehrerInnen und Eltern bei sozialen und pers\u00f6nlichen Fragen und Problemstellungen direkt in der Schule.<\/p>\n<div class=\"maindiv\">\n<div class=\"leftdiv\"><img decoding=\"async\" width=\"235\" height=\"300\" class=\"alignleft wp-image-50637 size-medium\" style=\"border-radius: 20px;\" src=\"https:\/\/www.bgamstetten.ac.at\/wp-content\/uploads\/2022\/08\/MarionSchneider1-235x300.jpg\" srcset=\"https:\/\/www.bgamstetten.ac.at\/wp-content\/uploads\/2022\/08\/MarionSchneider1-235x300.jpg 235w, https:\/\/www.bgamstetten.ac.at\/wp-content\/uploads\/2022\/08\/MarionSchneider1.jpg 482w\" sizes=\"(max-width: 235px) 100vw, 235px\" \/><\/div>\n<div class=\"rightdiv\">\n<h4><strong> Sozialarbeiterin <\/strong><br \/>\nDSA Marion Schneider<\/h4>\n<p>\n<div id=\"cmsms_icon_69e0b3aa89859\" class=\"icon_wrap\"><a href=\"telto:+436504858928\"><span id=\"cmsms_icon_69e0b3aa89859\" class=\"cmsms_simple_icon cmsms-icon-phone\"><\/span><\/a><\/div>\n <a href=\"telto:00436504858928\">0650\/48 58 928<\/a><br \/>\n\n<div id=\"cmsms_icon_69e0b3aa8987c\" class=\"icon_wrap\"><a href=\"mailto:marion.schneider@institutkomm.at\"><span id=\"cmsms_icon_69e0b3aa8987c\" class=\"cmsms_simple_icon cmsms-icon-mail-alt\"><\/span><\/a><\/div>\n<a href=\"mailto:marion.schneider@institutkomm.at\">marion.schneider@institutkomm.at<\/a><\/p>\n<div style=\"padding-top: 20px;\">Institut ko.m.m &#8211; Konflikte miteinander meistern<br \/>\nMediation &#8211; Mediative P\u00e4dagogik &#8211; Schulsozialarbeit &#8211; Beratung<\/div>\n<div style=\"padding-top: 20px;\"><strong>Donnerstag von 11:00h \u2013 13:00h<\/strong><br \/>\nim Arztzimmer (Erdgeschoss),<br \/>\nsowie nach pers\u00f6nlicher Vereinbarung<\/div>\n<div style=\"width: 100%; display: block; overflow: hidden;\"><a href=\"http:\/\/www.institutkomm.at\/\" target=\"_blank\" rel=\"noopener noreferrer\"><img decoding=\"async\" class=\"wp-image-2433 alignleft\" src=\"https:\/\/www.bgamstetten.ac.at\/wp-content\/uploads\/2023\/03\/Bild_2023-03-23_064640506.png\" \/><\/a><\/div>\n<\/div>\n","protected":false},"excerpt":{"rendered":"<p>Ansprechpartnerin f\u00fcr Sch\u00fclerInnen, LehrerInnen und Eltern bei sozialen und pers\u00f6nlichen Fragen und Problemstellungen direkt in der Schule. Sozialarbeiterin DSA Marion Schneider 0650\/48 58 928 marion.schneider@institutkomm.at Institut ko.m.m &#8211; Konflikte miteinander meistern Mediation &#8211; Mediative P\u00e4dagogik &#8211; Schulsozialarbeit &#8211; Beratung Donnerstag von 11:00h \u2013 13:00h im Arztzimmer (Erdgeschoss), sowie nach pers\u00f6nlicher Vereinbarung<\/p>\n","protected":false},"author":1,"featured_media":0,"parent":360,"menu_order":0,"comment_status":"closed","ping_status":"closed","template":"","meta":{"footnotes":""},"class_list":["post-32535","page","type-page","status-publish","hentry"],"_links":{"self":[{"href":"https:\/\/www.bgamstetten.ac.at\/index.php\/wp-json\/wp\/v2\/pages\/32535","targetHints":{"allow":["GET"]}}],"collection":[{"href":"https:\/\/www.bgamstetten.ac.at\/index.php\/wp-json\/wp\/v2\/pages"}],"about":[{"href":"https:\/\/www.bgamstetten.ac.at\/index.php\/wp-json\/wp\/v2\/types\/page"}],"author":[{"embeddable":true,"href":"https:\/\/www.bgamstetten.ac.at\/index.php\/wp-json\/wp\/v2\/users\/1"}],"replies":[{"embeddable":true,"href":"https:\/\/www.bgamstetten.ac.at\/index.php\/wp-json\/wp\/v2\/comments?post=32535"}],"version-history":[{"count":24,"href":"https:\/\/www.bgamstetten.ac.at\/index.php\/wp-json\/wp\/v2\/pages\/32535\/revisions"}],"predecessor-version":[{"id":53079,"href":"https:\/\/www.bgamstetten.ac.at\/index.php\/wp-json\/wp\/v2\/pages\/32535\/revisions\/53079"}],"up":[{"embeddable":true,"href":"https:\/\/www.bgamstetten.ac.at\/index.php\/wp-json\/wp\/v2\/pages\/360"}],"wp:attachment":[{"href":"https:\/\/www.bgamstetten.ac.at\/index.php\/wp-json\/wp\/v2\/media?parent=32535"}],"curies":[{"name":"wp","href":"https:\/\/api.w.org\/{rel}","templated":true}]}}