{"id":2800,"date":"2015-02-15T20:33:24","date_gmt":"2015-02-15T18:33:24","guid":{"rendered":"http:\/\/gymnasium-amstetten.at\/?page_id=2800"},"modified":"2024-04-26T09:45:06","modified_gmt":"2024-04-26T07:45:06","slug":"geschichte","status":"publish","type":"page","link":"https:\/\/www.bgamstetten.ac.at\/index.php\/schule\/schulvideos\/geschichte\/","title":{"rendered":"Geschichte"},"content":{"rendered":"<style type=\"text\/css\"> \n#cmsms_row_69e1883f1bc8e .cmsms_row_outer_parent { \n\tpadding-top: 30px; \n} \n\n#cmsms_row_69e1883f1bc8e .cmsms_row_outer_parent { \n\tpadding-bottom: 50px; \n} \n\n<\/style><div id=\"cmsms_row_69e1883f1bc8e\" class=\"cmsms_row cmsms_color_scheme_default\">\n<div class=\"cmsms_row_outer_parent\">\n<div class=\"cmsms_row_outer\">\n<div class=\"cmsms_row_inner\">\n<div class=\"cmsms_row_margin\">\n<div class=\"cmsms_column one_half\">\n<div class=\"content_slider_wrap\" style=\"max-width:580px;\">\n<script type=\"text\/javascript\">jQuery(document).ready(function () { jQuery(\"#cmsms_slider_69e1883f1c054.content_slider\").owlCarousel( { singleItem : true, transitionStyle: \"fade\", rewindSpeed : 0, slideSpeed : 0, autoHeight : true, paginationSpeed : \t0, autoPlay : 5000,stopOnHover: true, navigationText : \t[ \"<span class=\\\"cmsms_prev_arrow\\\"><\/span>\", \"<span class=\\\"cmsms_next_arrow\\\"><\/span>\" ] } );} );<\/script>\n<div id=\"cmsms_slider_69e1883f1c054\" class=\"content_slider owl-carousel\">\n<div class=\"item\"><img decoding=\"async\" width=\"580\" height=\"390\" src=\"https:\/\/www.bgamstetten.ac.at\/wp-content\/uploads\/2022\/07\/bgbrg12-580x390.jpg\" class=\"attachment-blog-masonry-thumb size-blog-masonry-thumb\" alt=\"\" \/><\/div><div class=\"item\"><img decoding=\"async\" width=\"580\" height=\"390\" src=\"https:\/\/www.bgamstetten.ac.at\/wp-content\/uploads\/2022\/07\/DSC01998-580x390.jpg\" class=\"attachment-blog-masonry-thumb size-blog-masonry-thumb\" alt=\"\" \/><\/div><div class=\"item\"><img decoding=\"async\" width=\"424\" height=\"300\" src=\"https:\/\/www.bgamstetten.ac.at\/wp-content\/uploads\/2022\/07\/eingang-einst.jpg\" class=\"attachment-blog-masonry-thumb size-blog-masonry-thumb\" alt=\"\" srcset=\"https:\/\/www.bgamstetten.ac.at\/wp-content\/uploads\/2022\/07\/eingang-einst.jpg 424w, https:\/\/www.bgamstetten.ac.at\/wp-content\/uploads\/2022\/07\/eingang-einst-300x212.jpg 300w\" sizes=\"(max-width: 424px) 100vw, 424px\" \/><\/div><div class=\"item\"><img decoding=\"async\" width=\"580\" height=\"390\" src=\"https:\/\/www.bgamstetten.ac.at\/wp-content\/uploads\/2022\/07\/innenhof-einst-580x390.jpg\" class=\"attachment-blog-masonry-thumb size-blog-masonry-thumb\" alt=\"\" \/><\/div><div class=\"item\"><img decoding=\"async\" width=\"484\" height=\"390\" src=\"https:\/\/www.bgamstetten.ac.at\/wp-content\/uploads\/2022\/07\/strassenansicht-einst-484x390.jpg\" class=\"attachment-blog-masonry-thumb size-blog-masonry-thumb\" alt=\"\" \/><\/div><div class=\"item\"><img decoding=\"async\" width=\"580\" height=\"390\" src=\"https:\/\/www.bgamstetten.ac.at\/wp-content\/uploads\/2022\/07\/bgbrg09-2-580x390.jpg\" class=\"attachment-blog-masonry-thumb size-blog-masonry-thumb\" alt=\"\" \/><\/div><\/div>\n<\/div>\n<div class=\"cmsms_text\">\n<div align=\"center\"><span style=\"color: #800000;\">Die Anf\u00e4nge<\/span><\/div>\n<div id=\"probe\" align=\"center\">Das Gymnasium Amstetten wurde 1938 (im Jahr des Anschlusses \u00d6sterreichs an Deutschland) als <em>St\u00e4dtische Oberschule f\u00fcr Jungen<\/em> (mit Klassen f\u00fcr M\u00e4dchen) gegr\u00fcndet. Nach dem Zweiten Weltkrieg wurde die Schule im Schuljahr 1945\/46 als Staatsrealgymnasium wieder er\u00f6ffnet.<br \/>\nLaut Erlass des Bundesministerium f\u00fcr Unterricht vom 7.3.1948 \u00fcbernahm die Republik \u00d6sterreich das Realgymnasium als staatliche Lehranstalt. Die offizielle Bezeichnung der Schule lautete fortan <em>Bundesrealgymnasium Amstetten.<\/em><\/div>\n<div align=\"center\"><span style=\"color: #800000;\">Der Neubau<\/span><\/div>\n<div align=\"center\">Die Grundsteinlegung f\u00fcr ein neues Schulhaus erfolgte am 6.10.1962, die \u00dcbersiedlung am 10.1.1966.<\/div>\n<div align=\"center\"><\/div>\n<div align=\"center\"><\/div>\n<div align=\"center\"><span style=\"color: #800000;\">Die Schulreform von 1962<\/span><\/div>\n<div align=\"center\">\n<p>Die Schulreform von 1962 brachte f\u00fcr das Amstettner Bundesrealgymnasium eine Reihe von \u00c4nderungen:<\/p>\n<\/div>\n<ul>\n<li><span style=\"color: #800000;\">Neusprachliches Gymnasium<\/span><\/li>\n<li><span style=\"color: #800000;\">Realistisches Gymnasium<\/span><\/li>\n<li><span style=\"color: #800000;\">Wirtschaftskundliches Realgymnasium f\u00fcr M\u00e4dchen<\/span><\/li>\n<\/ul>\n<div align=\"center\">Das Realgymnasium (RG) lief aus und wurde durch die Allgemeinbildende H\u00f6here Schule (AHS) ersetzt, die in der 3. Klasse einerseits in ein Gymnasium und andererseits in ein Wirtschaftskundliches Realgymnasium m\u00fcndete. Laut Erlass vom 20.2.1964 trug die Schule k\u00fcnftig die offizielle Bezeichnung Bundesgymnasium und Wirtschaftskundliches Realgymnasium f\u00fcr M\u00e4dchen.<br \/>\nIm Schuljahr 1965\/66 wurde das Wirtschaftskundliche Realgymnasium mit einer 3. Klasse er\u00f6ffnet und bestand in dieser Form bis 1980. Seit dem Schuljahr 1975\/76 wurde es wegen der Gr\u00fcndung der H\u00f6heren Bundeslehranstalt f\u00fcr wirtschaftliche Frauenberufe auslaufend gef\u00fchrt. Das Ansuchen des Elternvereins beim Bundesministerium f\u00fcr Unterricht um Weiterf\u00fchrung dieses Zweiges wurde an verantwortlicher Stelle abschl\u00e4gig beschieden.<br \/>\nSeit dem Schuljahr 1966\/67 bestand ab der 5. Klasse die Wahlm\u00f6glichkeit zwischen dem neusprachlichen und dem realistischen Gymnasium. Das Realgymnasium des alten Typs lief mit dem Schuljahr 1969\/70 aus.<\/div>\n<div align=\"center\"><\/div>\n<div align=\"center\"><span style=\"color: #800000;\">\u00a0<\/span><\/div>\n<\/div>\n<\/div>\n<div class=\"cmsms_column one_half\">\n<div class=\"cmsms_text\">\n<p><span style=\"color: #800000;\">Das Informatikgymnasium<\/span><\/p>\n<p>Im Schuljahr 1988\/89 entschieden sich die 5. Klassen zum letzten Mal f\u00fcr das neusprachliche oder realistische Gymnasium, da eine schwerwiegende \u00c4nderung vorgenommen werden sollte:Mit Beginn des Schuljahres 1987\/88 wurde n\u00e4mlich das Projekt Informatikgymnasium Amstetten gestartet, das ab der 3. Klasse schwerpunktm\u00e4\u00dfig Inhalte der Information- und Kommunkationstechnologie vermittelte. Seit 1989\/90 wird nun diese Form als Schulversuch in der Oberstufe fortgef\u00fchrt.<br \/>\nIm Schuljahr 2001\/2002 wurden &#8211; im Rahmen der Schulautonomie &#8211; Modifikationen des Regellehrplanes vorgenommen. In der 3.\/4. Klasse wurden wahlweise jeweils 2 Wochenstunden Projektunterricht oder Informatikunterricht eingef\u00fchrt.<br \/>\nIm Schuljahr 2002\/2003 wurde auch der Schulversuch Informatik in der Oberstufe modifiziert. Der Gegenstand Informatik wurde durch themenbezogene schulautonome Gegenst\u00e4nde (z.B. Netzwerktechnik, Datenbanken, Internet, Algorithmik) ersetzt.<br \/>\nAls Folge der Stundenreduktionen (Entlastungsverordnung) wurde der Schulversuch Informatik beginnend mit der 5. Klasse erneut adaptiert. Die themenbezogenen Gegenst\u00e4nde mussten wieder aufgegeben werden und wurden zu einem Fach Informatik bei gek\u00fcrzter Stundenanzahl zusammengefasst, um die Vorgaben der Entlastungsverordnung zu erf\u00fcllen.<br \/>\nIn der Unterstufe war nach der Stundenk\u00fcrzung kein Spielraum f\u00fcr schulautonome Schwerpunktsetzungen mehr vorhanden, sodass f\u00fcr die 3. und 4. Klasse (parallel zum Projektunterricht) nur mehr 1 Stunde \u201eAngewandte Informatik\u201c blieb und der Informatik-Schulversuch zur G\u00e4nze in die Oberstufe verlagert werden musste.<\/p>\n<p><span style=\"color: #800000;\">Drei Oberstufenzweige:<\/span><\/p>\n<ul>\n<li><span style=\"color: #800000;\">Gymnasium mit Sprache und Kommunikation<\/span><\/li>\n<li><span style=\"color: #800000;\">Realgymnasiumszweig mit Schwerpunktsetzung Informatik <\/span><\/li>\n<li><span style=\"color: #800000;\">Realgymnasium mit Schwerpunktsetzung Bewegung und Sport<\/span><\/li>\n<\/ul>\n<p>Seit dem Schuljahr 2005\/06 f\u00fchrt das Ostarrichi-Gymnasium zwei Oberstufenformen, zum einen ein Gymnasium mit der Schwerpunktsetzung Sprache und Kommunikation, zum anderen ein Realgymnasium mit zwei Schwerpunktsetzungen, n\u00e4mlich Informatik und Sport und Bewegung.<\/p>\n<fieldset>\n<legend><strong>\u00a0Direktoren\u00a0 <\/strong><\/legend>\n<ul>\n<li>Othmar Rieger (1904 &#8211; 1966): 1938 -1945<\/li>\n<li><a href=\"https:\/\/www.bgamstetten.ac.at\/wp-content\/uploads\/2022\/11\/silvester-hofbauer.jpg\">Dr. Sylvester Hofbauer<\/a> (1903 &#8211; 1980): 1945-1968<\/li>\n<li><a href=\"https:\/\/www.bgamstetten.ac.at\/wp-content\/uploads\/2022\/11\/leo-klingenboeck.jpg\">Dr. Leo Klingenb\u00f6ck<\/a> (1924 -2011): 1969-1984<\/li>\n<li><a href=\"https:\/\/www.bgamstetten.ac.at\/wp-content\/uploads\/2022\/11\/norbert-arbinger.jpg\">Dr. Norbert Arbinger<\/a> (1943 &#8211; 2000): 1985-2000<\/li>\n<li><a href=\"https:\/\/www.bgamstetten.ac.at\/wp-content\/uploads\/2022\/11\/josef-ettmann.jpg\">Mag. Josef Ettmann<\/a> (* 1946): 2001 &#8211; 2011<\/li>\n<li><a href=\"https:\/\/www.bgamstetten.ac.at\/wp-content\/uploads\/2022\/11\/franz-panagl.jpg\">Mag. Franz Pannagl<\/a> (* 1950 ): 2011 &#8211; 2012<\/li>\n<li><a href=\"https:\/\/www.bgamstetten.ac.at\/wp-content\/uploads\/2022\/11\/dir-josef-spreitz.jpg\">Mag. Josef Spreitz<\/a> (* 1970 ): ab 2012<\/li>\n<\/ul>\n<\/fieldset>\n<\/div>\n<\/div>\n<\/div>\n<\/div>\n<\/div>\n<\/div>\n<\/div>\n\n","protected":false},"excerpt":{"rendered":"","protected":false},"author":1,"featured_media":0,"parent":45364,"menu_order":0,"comment_status":"closed","ping_status":"closed","template":"","meta":{"footnotes":""},"class_list":["post-2800","page","type-page","status-publish","hentry"],"_links":{"self":[{"href":"https:\/\/www.bgamstetten.ac.at\/index.php\/wp-json\/wp\/v2\/pages\/2800","targetHints":{"allow":["GET"]}}],"collection":[{"href":"https:\/\/www.bgamstetten.ac.at\/index.php\/wp-json\/wp\/v2\/pages"}],"about":[{"href":"https:\/\/www.bgamstetten.ac.at\/index.php\/wp-json\/wp\/v2\/types\/page"}],"author":[{"embeddable":true,"href":"https:\/\/www.bgamstetten.ac.at\/index.php\/wp-json\/wp\/v2\/users\/1"}],"replies":[{"embeddable":true,"href":"https:\/\/www.bgamstetten.ac.at\/index.php\/wp-json\/wp\/v2\/comments?post=2800"}],"version-history":[{"count":7,"href":"https:\/\/www.bgamstetten.ac.at\/index.php\/wp-json\/wp\/v2\/pages\/2800\/revisions"}],"predecessor-version":[{"id":55359,"href":"https:\/\/www.bgamstetten.ac.at\/index.php\/wp-json\/wp\/v2\/pages\/2800\/revisions\/55359"}],"up":[{"embeddable":true,"href":"https:\/\/www.bgamstetten.ac.at\/index.php\/wp-json\/wp\/v2\/pages\/45364"}],"wp:attachment":[{"href":"https:\/\/www.bgamstetten.ac.at\/index.php\/wp-json\/wp\/v2\/media?parent=2800"}],"curies":[{"name":"wp","href":"https:\/\/api.w.org\/{rel}","templated":true}]}}